{"id":1223,"date":"2018-11-30T18:23:50","date_gmt":"2018-11-30T18:23:50","guid":{"rendered":"http:\/\/certamenaltea.com\/el-cartel-anunciador-2\/"},"modified":"2023-11-22T22:04:55","modified_gmt":"2023-11-22T22:04:55","slug":"cartel","status":"publish","type":"page","link":"https:\/\/www.certamenaltea.com\/va\/cartel\/","title":{"rendered":"El cartell anunciador"},"content":{"rendered":"<p style=\"text-align: center;\"><strong>Cartell de la 49 edici\u00f3 del Certamen Internacional de M\u00fasica Vila d\u2019Altea<\/strong><\/p>\n<p><a href=\"http:\/\/certamenaltea.com\/wp-content\/uploads\/2023\/11\/49CIM_Altea_2023_cartell-scaled.jpg\" target=\"_blank\" rel=\"noopener noreferrer\"><img loading=\"lazy\" decoding=\"async\" class=\"aligncenter wp-image-3505 size-large\" src=\"http:\/\/certamenaltea.com\/wp-content\/uploads\/2023\/11\/49CIM_Altea_2023_cartell-724x1024.jpg\" alt=\"\" width=\"640\" height=\"905\" srcset=\"https:\/\/www.certamenaltea.com\/wp-content\/uploads\/2023\/11\/49CIM_Altea_2023_cartell-724x1024.jpg 724w, https:\/\/www.certamenaltea.com\/wp-content\/uploads\/2023\/11\/49CIM_Altea_2023_cartell-212x300.jpg 212w, https:\/\/www.certamenaltea.com\/wp-content\/uploads\/2023\/11\/49CIM_Altea_2023_cartell-768x1086.jpg 768w, https:\/\/www.certamenaltea.com\/wp-content\/uploads\/2023\/11\/49CIM_Altea_2023_cartell-1086x1536.jpg 1086w, https:\/\/www.certamenaltea.com\/wp-content\/uploads\/2023\/11\/49CIM_Altea_2023_cartell-1448x2048.jpg 1448w, https:\/\/www.certamenaltea.com\/wp-content\/uploads\/2023\/11\/49CIM_Altea_2023_cartell-scaled.jpg 1810w\" sizes=\"(max-width: 640px) 100vw, 640px\" \/><\/a><\/p>\n<p style=\"text-align: center;\">Edici\u00f3 dedicada al <strong>centenari de la defunci\u00f3 del pintor Joaqu\u00edn Sorolla (1863-1923)<\/strong><\/p>\n<p style=\"text-align: center;\">Autora cartell: <a href=\"https:\/\/es.linkedin.com\/in\/julia-matos-astorgano-423a53236?trk=public_profile_browsemap\" target=\"_blank\" rel=\"noopener noreferrer\"><strong>Julia Matos<\/strong><\/a><\/p>\n<p style=\"text-align: center;\"><img loading=\"lazy\" decoding=\"async\" class=\"aligncenter size-full wp-image-2151\" src=\"http:\/\/certamenaltea.com\/wp-content\/uploads\/2020\/10\/pdficon.png\" alt=\"\" width=\"64\" height=\"64\" \/><a href=\"http:\/\/certamenaltea.com\/wp-content\/uploads\/2023\/11\/49CIM_Altea_2023_cartell.pdf\" target=\"_blank\" rel=\"noopener noreferrer\"><em class=\"alignnone\">Veure \/ descarregar en PDF<\/em><\/a><\/p>\n\n\n<p><\/p>\n","protected":false},"excerpt":{"rendered":"<p>Cartell de la 49 edici\u00f3 del Certamen Internacional de M\u00fasica Vila d\u2019Altea Edici\u00f3 dedicada al centenari de la defunci\u00f3 del pintor Joaqu\u00edn Sorolla (1863-1923) Autora cartell: Julia Matos Veure \/ descarregar en PDF<\/p>\n","protected":false},"author":1,"featured_media":0,"parent":0,"menu_order":0,"comment_status":"closed","ping_status":"closed","template":"","meta":{"footnotes":""},"yoast_head":"<!-- This site is optimized with the Yoast SEO plugin v15.5 - https:\/\/yoast.com\/wordpress\/plugins\/seo\/ -->\n<title>El cartell anunciador - Certamen Internacional de M\u00fasica Villa de Altea<\/title>\n<meta name=\"robots\" content=\"index, follow, max-snippet:-1, max-image-preview:large, max-video-preview:-1\" \/>\n<link rel=\"canonical\" href=\"https:\/\/www.certamenaltea.com\/va\/cartel\/\" \/>\n<meta property=\"og:locale\" content=\"en_US\" \/>\n<meta property=\"og:type\" content=\"article\" \/>\n<meta property=\"og:title\" content=\"El cartell anunciador - Certamen Internacional de M\u00fasica Villa de Altea\" \/>\n<meta property=\"og:description\" content=\"Cartell de la 49 edici\u00f3 del Certamen Internacional de M\u00fasica Vila d\u2019Altea Edici\u00f3 dedicada al centenari de la defunci\u00f3 del pintor Joaqu\u00edn Sorolla (1863-1923) Autora cartell: Julia Matos Veure \/ descarregar en PDF\" \/>\n<meta property=\"og:url\" content=\"https:\/\/www.certamenaltea.com\/va\/cartel\/\" \/>\n<meta property=\"og:site_name\" content=\"Certamen Internacional de M\u00fasica Villa de Altea\" \/>\n<meta property=\"article:modified_time\" content=\"2023-11-22T22:04:55+00:00\" \/>\n<meta property=\"og:image\" content=\"http:\/\/certamenaltea.com\/wp-content\/uploads\/2023\/11\/49CIM_Altea_2023_cartell-724x1024.jpg\" \/>\n<meta name=\"twitter:card\" content=\"summary_large_image\" \/>\n<meta name=\"twitter:label1\" content=\"Est. reading time\">\n\t<meta name=\"twitter:data1\" content=\"0 minutes\">\n<script type=\"application\/ld+json\" class=\"yoast-schema-graph\">{\"@context\":\"https:\/\/schema.org\",\"@graph\":[{\"@type\":\"Organization\",\"@id\":\"https:\/\/www.certamenaltea.com\/#organization\",\"name\":\"Sociedad Filarm\\u00f3nica Alteanense\",\"url\":\"https:\/\/www.certamenaltea.com\/\",\"sameAs\":[],\"logo\":{\"@type\":\"ImageObject\",\"@id\":\"https:\/\/www.certamenaltea.com\/#logo\",\"inLanguage\":\"va\",\"url\":\"https:\/\/www.certamenaltea.com\/wp-content\/uploads\/2020\/08\/LOGO-SFA-res-web.jpg\",\"width\":600,\"height\":350,\"caption\":\"Sociedad Filarm\\u00f3nica Alteanense\"},\"image\":{\"@id\":\"https:\/\/www.certamenaltea.com\/#logo\"}},{\"@type\":\"WebSite\",\"@id\":\"https:\/\/www.certamenaltea.com\/#website\",\"url\":\"https:\/\/www.certamenaltea.com\/\",\"name\":\"Certamen Internacional de M\\u00fasica Villa de Altea\",\"description\":\"\",\"publisher\":{\"@id\":\"https:\/\/www.certamenaltea.com\/#organization\"},\"potentialAction\":[{\"@type\":\"SearchAction\",\"target\":\"https:\/\/www.certamenaltea.com\/?s={search_term_string}\",\"query-input\":\"required name=search_term_string\"}],\"inLanguage\":\"va\"},{\"@type\":\"ImageObject\",\"@id\":\"https:\/\/www.certamenaltea.com\/va\/cartel\/#primaryimage\",\"inLanguage\":\"va\",\"url\":\"http:\/\/certamenaltea.com\/wp-content\/uploads\/2023\/11\/49CIM_Altea_2023_cartell-724x1024.jpg\"},{\"@type\":\"WebPage\",\"@id\":\"https:\/\/www.certamenaltea.com\/va\/cartel\/#webpage\",\"url\":\"https:\/\/www.certamenaltea.com\/va\/cartel\/\",\"name\":\"El cartell anunciador - Certamen Internacional de M\\u00fasica Villa de Altea\",\"isPartOf\":{\"@id\":\"https:\/\/www.certamenaltea.com\/#website\"},\"primaryImageOfPage\":{\"@id\":\"https:\/\/www.certamenaltea.com\/va\/cartel\/#primaryimage\"},\"datePublished\":\"2018-11-30T18:23:50+00:00\",\"dateModified\":\"2023-11-22T22:04:55+00:00\",\"inLanguage\":\"va\",\"potentialAction\":[{\"@type\":\"ReadAction\",\"target\":[\"https:\/\/www.certamenaltea.com\/va\/cartel\/\"]}]}]}<\/script>\n<!-- \/ Yoast SEO plugin. -->","_links":{"self":[{"href":"https:\/\/www.certamenaltea.com\/va\/wp-json\/wp\/v2\/pages\/1223"}],"collection":[{"href":"https:\/\/www.certamenaltea.com\/va\/wp-json\/wp\/v2\/pages"}],"about":[{"href":"https:\/\/www.certamenaltea.com\/va\/wp-json\/wp\/v2\/types\/page"}],"author":[{"embeddable":true,"href":"https:\/\/www.certamenaltea.com\/va\/wp-json\/wp\/v2\/users\/1"}],"replies":[{"embeddable":true,"href":"https:\/\/www.certamenaltea.com\/va\/wp-json\/wp\/v2\/comments?post=1223"}],"version-history":[{"count":15,"href":"https:\/\/www.certamenaltea.com\/va\/wp-json\/wp\/v2\/pages\/1223\/revisions"}],"predecessor-version":[{"id":3507,"href":"https:\/\/www.certamenaltea.com\/va\/wp-json\/wp\/v2\/pages\/1223\/revisions\/3507"}],"wp:attachment":[{"href":"https:\/\/www.certamenaltea.com\/va\/wp-json\/wp\/v2\/media?parent=1223"}],"curies":[{"name":"wp","href":"https:\/\/api.w.org\/{rel}","templated":true}]}}