{"id":1322,"date":"2018-11-30T19:28:22","date_gmt":"2018-11-30T19:28:22","guid":{"rendered":"http:\/\/certamenaltea.com\/bandas-participantes\/"},"modified":"2023-11-12T20:55:19","modified_gmt":"2023-11-12T20:55:19","slug":"bandas-participantes","status":"publish","type":"page","link":"https:\/\/www.certamenaltea.com\/va\/bandas-participantes\/","title":{"rendered":"Bandes participants"},"content":{"rendered":"<div id=\"pl-1322\"  class=\"panel-layout\" ><div id=\"pg-1322-0\"  class=\"panel-grid panel-no-style\" ><div id=\"pgc-1322-0-0\"  class=\"panel-grid-cell\" ><div id=\"panel-1322-0-0-0\" class=\"so-panel widget widget_event_star_team panel-first-child panel-last-child\" data-index=\"0\" >            <section id=\"bandasparticipantes\" class=\"at-widgets acme-teams at-gray-bg\">\n                <div class=\"container\">\n\t                                    <div class=\"row featured-entries-col featured-entries-logo column\">\n                                                            <div class=\"single-list col-sm-12 col-md-4\">\n                                        <div class=\"team-item at-gray-bg init-animate zoomIn\">\n                                            <div class=\"team-author\">\n                                                <a href=\"https:\/\/www.certamenaltea.com\/va\/asociacion-musical-motena-cuenca\/\" class=\"all-link\" ><img loading=\"lazy\" decoding=\"async\" width=\"2560\" height=\"1707\" src=\"https:\/\/www.certamenaltea.com\/wp-content\/uploads\/2023\/11\/Banda1-foto-banda-Asociacion-Musical-Motena-Cuenca-scaled.jpg\" class=\"attachment-full size-full wp-post-image\" alt=\"\" srcset=\"https:\/\/www.certamenaltea.com\/wp-content\/uploads\/2023\/11\/Banda1-foto-banda-Asociacion-Musical-Motena-Cuenca-scaled.jpg 2560w, https:\/\/www.certamenaltea.com\/wp-content\/uploads\/2023\/11\/Banda1-foto-banda-Asociacion-Musical-Motena-Cuenca-300x200.jpg 300w, https:\/\/www.certamenaltea.com\/wp-content\/uploads\/2023\/11\/Banda1-foto-banda-Asociacion-Musical-Motena-Cuenca-1024x683.jpg 1024w, https:\/\/www.certamenaltea.com\/wp-content\/uploads\/2023\/11\/Banda1-foto-banda-Asociacion-Musical-Motena-Cuenca-768x512.jpg 768w, https:\/\/www.certamenaltea.com\/wp-content\/uploads\/2023\/11\/Banda1-foto-banda-Asociacion-Musical-Motena-Cuenca-1536x1024.jpg 1536w, https:\/\/www.certamenaltea.com\/wp-content\/uploads\/2023\/11\/Banda1-foto-banda-Asociacion-Musical-Motena-Cuenca-2048x1365.jpg 2048w, https:\/\/www.certamenaltea.com\/wp-content\/uploads\/2023\/11\/Banda1-foto-banda-Asociacion-Musical-Motena-Cuenca-272x182.jpg 272w\" sizes=\"(max-width: 2560px) 100vw, 2560px\" \/><\/a>                                                <div class=\"team-author-details \">\n                                                    <h3 class=\"team-name\">\n\t\t                                                <a href=\"https:\/\/www.certamenaltea.com\/va\/asociacion-musical-motena-cuenca\/\" class=\"all-link\" >Asociaci\u00f3n Musical Mote\u00f1a (Mota del Cuervo &#8211; Cuenca)<\/a>                                                    <\/h3>\n                                                                                                            <div class=\"team-details\">\n\t\t                                                    <p>L&#8217;Asociaci\u00f3n Musical Mote\u00f1a va ser fundada en 1981 sota la direcci\u00f3 del mestre En Jaime Charco fins a novembre de 2006. L&#8217;AMM \u00e9s l&#8217;encarregada d&#8217;organitzar des de 2014 el Certamen Regional de Bandes de M\u00fasica de Castella-la Manxa. Ha realitzat diverses gravacions i ha obtingut els seg\u00fcents premis en cert\u00e0mens: &#8211; Primer Premi en el [&hellip;]<\/p>\n                                                        <\/div>\n\t                                                                                                    <\/div>\n                                            <\/div>\n                                        <\/div>\n                                    <\/div>\n                                                                        <div class=\"single-list col-sm-12 col-md-4\">\n                                        <div class=\"team-item at-gray-bg init-animate zoomIn\">\n                                            <div class=\"team-author\">\n                                                <a href=\"https:\/\/www.certamenaltea.com\/va\/centre-artistic-musical-santa-cecilia-de-foios-valencia\/\" class=\"all-link\" ><img loading=\"lazy\" decoding=\"async\" width=\"1920\" height=\"1280\" src=\"https:\/\/www.certamenaltea.com\/wp-content\/uploads\/2023\/11\/Banda2-foto-banda-Centre-Artistic-Musical-Santa-Cecilia-de-Foios-Valencia.jpg\" class=\"attachment-full size-full wp-post-image\" alt=\"\" srcset=\"https:\/\/www.certamenaltea.com\/wp-content\/uploads\/2023\/11\/Banda2-foto-banda-Centre-Artistic-Musical-Santa-Cecilia-de-Foios-Valencia.jpg 1920w, https:\/\/www.certamenaltea.com\/wp-content\/uploads\/2023\/11\/Banda2-foto-banda-Centre-Artistic-Musical-Santa-Cecilia-de-Foios-Valencia-300x200.jpg 300w, https:\/\/www.certamenaltea.com\/wp-content\/uploads\/2023\/11\/Banda2-foto-banda-Centre-Artistic-Musical-Santa-Cecilia-de-Foios-Valencia-1024x683.jpg 1024w, https:\/\/www.certamenaltea.com\/wp-content\/uploads\/2023\/11\/Banda2-foto-banda-Centre-Artistic-Musical-Santa-Cecilia-de-Foios-Valencia-768x512.jpg 768w, https:\/\/www.certamenaltea.com\/wp-content\/uploads\/2023\/11\/Banda2-foto-banda-Centre-Artistic-Musical-Santa-Cecilia-de-Foios-Valencia-1536x1024.jpg 1536w, https:\/\/www.certamenaltea.com\/wp-content\/uploads\/2023\/11\/Banda2-foto-banda-Centre-Artistic-Musical-Santa-Cecilia-de-Foios-Valencia-272x182.jpg 272w\" sizes=\"(max-width: 1920px) 100vw, 1920px\" \/><\/a>                                                <div class=\"team-author-details \">\n                                                    <h3 class=\"team-name\">\n\t\t                                                <a href=\"https:\/\/www.certamenaltea.com\/va\/centre-artistic-musical-santa-cecilia-de-foios-valencia\/\" class=\"all-link\" >Centre Art\u00edstic Musical Santa Cec\u00edlia de Foios (Val\u00e8ncia)<\/a>                                                    <\/h3>\n                                                                                                            <div class=\"team-details\">\n\t\t                                                    <p>El Centre Art\u00edstic Musical Santa Cec\u00edlia de Foios, es va fundar el 19 de Setembre de l\u2019any 1921. El seu primer director, fou Mariano Puig. L\u2019any 1931 va ser director Miguel Rodrigo Corell, sent el primer director de Foios. Seria el seu successor, el seu fill Miguel Rodrigo Plas\u00e9ncia. A l\u2019any 1981 es va fer [&hellip;]<\/p>\n                                                        <\/div>\n\t                                                                                                    <\/div>\n                                            <\/div>\n                                        <\/div>\n                                    <\/div>\n                                                                        <div class=\"single-list col-sm-12 col-md-4\">\n                                        <div class=\"team-item at-gray-bg init-animate zoomIn\">\n                                            <div class=\"team-author\">\n                                                <a href=\"https:\/\/www.certamenaltea.com\/va\/sociedad-musical-instructiva-santa-cecilia-cullera-valencia\/\" class=\"all-link\" ><img loading=\"lazy\" decoding=\"async\" width=\"2222\" height=\"1451\" src=\"https:\/\/www.certamenaltea.com\/wp-content\/uploads\/2023\/11\/Banda3-foto-banda-Sociedad-Musical-Instructiva-Santa-Cecilia-Cullera-Valencia.jpg\" class=\"attachment-full size-full wp-post-image\" alt=\"\" srcset=\"https:\/\/www.certamenaltea.com\/wp-content\/uploads\/2023\/11\/Banda3-foto-banda-Sociedad-Musical-Instructiva-Santa-Cecilia-Cullera-Valencia.jpg 2222w, https:\/\/www.certamenaltea.com\/wp-content\/uploads\/2023\/11\/Banda3-foto-banda-Sociedad-Musical-Instructiva-Santa-Cecilia-Cullera-Valencia-300x196.jpg 300w, https:\/\/www.certamenaltea.com\/wp-content\/uploads\/2023\/11\/Banda3-foto-banda-Sociedad-Musical-Instructiva-Santa-Cecilia-Cullera-Valencia-1024x669.jpg 1024w, https:\/\/www.certamenaltea.com\/wp-content\/uploads\/2023\/11\/Banda3-foto-banda-Sociedad-Musical-Instructiva-Santa-Cecilia-Cullera-Valencia-768x502.jpg 768w, https:\/\/www.certamenaltea.com\/wp-content\/uploads\/2023\/11\/Banda3-foto-banda-Sociedad-Musical-Instructiva-Santa-Cecilia-Cullera-Valencia-1536x1003.jpg 1536w, https:\/\/www.certamenaltea.com\/wp-content\/uploads\/2023\/11\/Banda3-foto-banda-Sociedad-Musical-Instructiva-Santa-Cecilia-Cullera-Valencia-2048x1337.jpg 2048w\" sizes=\"(max-width: 2222px) 100vw, 2222px\" \/><\/a>                                                <div class=\"team-author-details \">\n                                                    <h3 class=\"team-name\">\n\t\t                                                <a href=\"https:\/\/www.certamenaltea.com\/va\/sociedad-musical-instructiva-santa-cecilia-cullera-valencia\/\" class=\"all-link\" >Sociedad Musical Instructiva Santa Cecilia Cullera (Val\u00e8ncia)<\/a>                                                    <\/h3>\n                                                                                                            <div class=\"team-details\">\n\t\t                                                    <p>La banda Santa Cec\u00edlia va ser fundada pel mestre Antonio Chornet Font en 1907 i la societat musical dos anys m\u00e9s tard, l&#8217;1 d&#8217;abril de 1909. El dia de Corpus de 1907 la banda ix al carrer per primera vegada amb 35 m\u00fasics uniformats i bandera, m\u00fasics que procedien de l&#8217;escola municipal de solfeig i [&hellip;]<\/p>\n                                                        <\/div>\n\t                                                                                                    <\/div>\n                                            <\/div>\n                                        <\/div>\n                                    <\/div>\n                                                        <\/div><!--row-->\n\t                                <\/div>\n            <\/section>\n            <\/div><\/div><\/div><\/div>","protected":false},"excerpt":{"rendered":"","protected":false},"author":1,"featured_media":0,"parent":0,"menu_order":0,"comment_status":"closed","ping_status":"closed","template":"","meta":{"footnotes":""},"yoast_head":"<!-- This site is optimized with the Yoast SEO plugin v15.5 - https:\/\/yoast.com\/wordpress\/plugins\/seo\/ -->\n<title>Bandes participants - Certamen Internacional de M\u00fasica Villa de Altea<\/title>\n<meta name=\"robots\" content=\"index, follow, max-snippet:-1, max-image-preview:large, max-video-preview:-1\" \/>\n<link rel=\"canonical\" href=\"https:\/\/www.certamenaltea.com\/va\/bandas-participantes\/\" \/>\n<meta property=\"og:locale\" content=\"en_US\" \/>\n<meta property=\"og:type\" content=\"article\" \/>\n<meta property=\"og:title\" content=\"Bandes participants - Certamen Internacional de M\u00fasica Villa de Altea\" \/>\n<meta property=\"og:url\" content=\"https:\/\/www.certamenaltea.com\/va\/bandas-participantes\/\" \/>\n<meta property=\"og:site_name\" content=\"Certamen Internacional de M\u00fasica Villa de Altea\" \/>\n<meta property=\"article:modified_time\" content=\"2023-11-12T20:55:19+00:00\" \/>\n<meta name=\"twitter:card\" content=\"summary_large_image\" \/>\n<meta name=\"twitter:label1\" content=\"Est. reading time\">\n\t<meta name=\"twitter:data1\" content=\"0 minutes\">\n<script type=\"application\/ld+json\" class=\"yoast-schema-graph\">{\"@context\":\"https:\/\/schema.org\",\"@graph\":[{\"@type\":\"Organization\",\"@id\":\"https:\/\/www.certamenaltea.com\/#organization\",\"name\":\"Sociedad Filarm\\u00f3nica Alteanense\",\"url\":\"https:\/\/www.certamenaltea.com\/\",\"sameAs\":[],\"logo\":{\"@type\":\"ImageObject\",\"@id\":\"https:\/\/www.certamenaltea.com\/#logo\",\"inLanguage\":\"va\",\"url\":\"https:\/\/www.certamenaltea.com\/wp-content\/uploads\/2020\/08\/LOGO-SFA-res-web.jpg\",\"width\":600,\"height\":350,\"caption\":\"Sociedad Filarm\\u00f3nica Alteanense\"},\"image\":{\"@id\":\"https:\/\/www.certamenaltea.com\/#logo\"}},{\"@type\":\"WebSite\",\"@id\":\"https:\/\/www.certamenaltea.com\/#website\",\"url\":\"https:\/\/www.certamenaltea.com\/\",\"name\":\"Certamen Internacional de M\\u00fasica Villa de Altea\",\"description\":\"\",\"publisher\":{\"@id\":\"https:\/\/www.certamenaltea.com\/#organization\"},\"potentialAction\":[{\"@type\":\"SearchAction\",\"target\":\"https:\/\/www.certamenaltea.com\/?s={search_term_string}\",\"query-input\":\"required name=search_term_string\"}],\"inLanguage\":\"va\"},{\"@type\":\"WebPage\",\"@id\":\"https:\/\/www.certamenaltea.com\/va\/bandas-participantes\/#webpage\",\"url\":\"https:\/\/www.certamenaltea.com\/va\/bandas-participantes\/\",\"name\":\"Bandes participants - Certamen Internacional de M\\u00fasica Villa de Altea\",\"isPartOf\":{\"@id\":\"https:\/\/www.certamenaltea.com\/#website\"},\"datePublished\":\"2018-11-30T19:28:22+00:00\",\"dateModified\":\"2023-11-12T20:55:19+00:00\",\"inLanguage\":\"va\",\"potentialAction\":[{\"@type\":\"ReadAction\",\"target\":[\"https:\/\/www.certamenaltea.com\/va\/bandas-participantes\/\"]}]}]}<\/script>\n<!-- \/ Yoast SEO plugin. -->","_links":{"self":[{"href":"https:\/\/www.certamenaltea.com\/va\/wp-json\/wp\/v2\/pages\/1322"}],"collection":[{"href":"https:\/\/www.certamenaltea.com\/va\/wp-json\/wp\/v2\/pages"}],"about":[{"href":"https:\/\/www.certamenaltea.com\/va\/wp-json\/wp\/v2\/types\/page"}],"author":[{"embeddable":true,"href":"https:\/\/www.certamenaltea.com\/va\/wp-json\/wp\/v2\/users\/1"}],"replies":[{"embeddable":true,"href":"https:\/\/www.certamenaltea.com\/va\/wp-json\/wp\/v2\/comments?post=1322"}],"version-history":[{"count":9,"href":"https:\/\/www.certamenaltea.com\/va\/wp-json\/wp\/v2\/pages\/1322\/revisions"}],"predecessor-version":[{"id":3462,"href":"https:\/\/www.certamenaltea.com\/va\/wp-json\/wp\/v2\/pages\/1322\/revisions\/3462"}],"wp:attachment":[{"href":"https:\/\/www.certamenaltea.com\/va\/wp-json\/wp\/v2\/media?parent=1322"}],"curies":[{"name":"wp","href":"https:\/\/api.w.org\/{rel}","templated":true}]}}