{"id":1682,"date":"2019-03-01T12:22:07","date_gmt":"2019-03-01T12:22:07","guid":{"rendered":"http:\/\/certamenaltea.com\/emision-en-directo\/"},"modified":"2023-12-08T11:41:54","modified_gmt":"2023-12-08T11:41:54","slug":"emision-en-directo","status":"publish","type":"page","link":"https:\/\/www.certamenaltea.com\/va\/emision-en-directo\/","title":{"rendered":"Emissi\u00f3 en directe"},"content":{"rendered":"<p style=\"text-align: center;\">Des d&#8217;aquesta p\u00e0gina pots veure l&#8217;emissi\u00f3 en directe del 49 Certamen Internacional de M\u00fasica Vila d&#8217;Altea<\/p>\n<p style=\"text-align: center;\">El dia <em><strong>9 de desembre de 2023<\/strong><\/em><\/p>\n<p>\u00a0<\/p>\n<p style=\"text-align: center;\">Programa especial abans del Certamen, a les <strong>11.00 h<\/strong> (hora espanyola)<\/p>\n<center>\n<p><iframe loading=\"lazy\" title=\"Programa R\u00e0dio -- Especial 49 Certamen Internacional de Bandes de M\u00fasica Vila d&#039;Altea -- 2023\" width=\"640\" height=\"360\" src=\"https:\/\/www.youtube.com\/embed\/6Qd2IvRxVOE?feature=oembed\" frameborder=\"0\" allow=\"accelerometer; autoplay; clipboard-write; encrypted-media; gyroscope; picture-in-picture; web-share\" referrerpolicy=\"strict-origin-when-cross-origin\" allowfullscreen><\/iframe><\/p>\n<p>\u00a0<\/p>\n<p style=\"text-align: center;\">49 Certamen Internacional de M\u00fasica Vila d&#8217;Altea<br \/><strong>15.30 h<\/strong> previ \u00b7 <strong>16.00 h<\/strong> inici Certamen (hora espanyola)<\/p>\n<p><iframe loading=\"lazy\" title=\"49 Certamen Internacional de Bandes de M\u00fasica Vila d&#039;Altea - 2023\" width=\"640\" height=\"360\" src=\"https:\/\/www.youtube.com\/embed\/YpQl0u2Qz8M?feature=oembed\" frameborder=\"0\" allow=\"accelerometer; autoplay; clipboard-write; encrypted-media; gyroscope; picture-in-picture; web-share\" referrerpolicy=\"strict-origin-when-cross-origin\" allowfullscreen><\/iframe><\/p>\n<p>\u00a0<\/p>\n<p><a style=\"font-size: inherit;\" href=\"http:\/\/certamenaltea.com\/va\/programa\/\" target=\"_blank\" rel=\"noopener noreferrer\">PROGRAMA<\/a><span style=\"font-size: inherit;\"> \u00b7 <\/span><a style=\"font-size: inherit;\" href=\"http:\/\/certamenaltea.com\/va\/bandas-participantes\/\" target=\"_blank\" rel=\"noopener noreferrer\">BANDAS PARTICIPANTS<\/a><span style=\"font-size: inherit;\"> \u00b7 <\/span><a style=\"font-size: inherit;\" href=\"http:\/\/certamenaltea.com\/va\/jurado\/\" target=\"_blank\" rel=\"noopener noreferrer\">JURAT<\/a><\/p>\n<\/center>\n\n\n<div class=\"wp-block-group\"><div class=\"wp-block-group__inner-container is-layout-flow wp-block-group-is-layout-flow\">\n<div style=\"height:199px\" aria-hidden=\"true\" class=\"wp-block-spacer\"><\/div>\n<\/div><\/div>\n\n\n<p style=\"text-align: center;\">\u00a0<\/p>\n<p>\u00a0<\/p>\n<center>\n<p>\u00a0<\/p>\n<p><span style=\"color: #808080;\"><em>Ac\u00ed pot visualitzar la retransmissi\u00f3 de l&#8217;<strong>anterior edici\u00f3<\/strong>:<br \/>48 Certamen Internacional de M\u00fasica Vila d&#8217;Altea<\/em><\/span><\/p>\n<p><span style=\"color: #808080;\">&#8211; 10 de desembre de 2022 &#8211;<\/span><\/p>\n<p><span style=\"color: #808080; font-size: inherit;\">16.00 h<\/span><span style=\"color: #808080; font-size: inherit;\"> previ \u00b7\u00a0<\/span><span style=\"color: #808080; font-size: inherit;\">16.30 h inici Certamen (hora espanyola)<\/span><\/p>\n<\/center><center>\n<p><iframe loading=\"lazy\" title=\"48 Certamen Internacional de Bandes de M\u00fasica Vila d&#039;Altea - 2022\" width=\"640\" height=\"360\" src=\"https:\/\/www.youtube.com\/embed\/EoCeO1RFCtk?feature=oembed\" frameborder=\"0\" allow=\"accelerometer; autoplay; clipboard-write; encrypted-media; gyroscope; picture-in-picture; web-share\" referrerpolicy=\"strict-origin-when-cross-origin\" allowfullscreen><\/iframe><\/p>\n<p>\u00a0<\/p>\n<p><span style=\"color: #808080;\">Programa especial abans del Certamen, a les 10.30 h (hora espanyola)<\/span><\/p>\n<p><iframe loading=\"lazy\" title=\"Programa R\u00e0dio -- Especial 48 Certamen Internacional de Bandes de M\u00fasica Vila d&#039;Altea -- 2022\" width=\"640\" height=\"360\" src=\"https:\/\/www.youtube.com\/embed\/g4OBaGhXpPw?feature=oembed\" frameborder=\"0\" allow=\"accelerometer; autoplay; clipboard-write; encrypted-media; gyroscope; picture-in-picture; web-share\" referrerpolicy=\"strict-origin-when-cross-origin\" allowfullscreen><\/iframe><\/p>\n<p><a style=\"color: #808080;\" href=\"http:\/\/certamenaltea.com\/va\/ediciones-anteriores\/\" target=\"_blank\" rel=\"noopener noreferrer\">Veure edicions anteriors<\/a><\/p>\n<p>\u00a0<\/p>\n<p>\u00a0<\/p>\n<\/center>\n<p>\u00a0<\/p>\n\n\n<p class=\"has-text-align-center\"><br><\/p>\n","protected":false},"excerpt":{"rendered":"<p>Des d&#8217;aquesta p\u00e0gina pots veure l&#8217;emissi\u00f3 en directe del 49 Certamen Internacional de M\u00fasica Vila d&#8217;Altea El dia 9 de desembre de 2023 \u00a0 Programa especial abans del Certamen, a les 11.00 h (hora espanyola) \u00a0 49 Certamen Internacional de M\u00fasica Vila d&#8217;Altea15.30 h previ \u00b7 16.00 h inici Certamen (hora espanyola) \u00a0 PROGRAMA \u00b7 [&hellip;]<\/p>\n","protected":false},"author":1,"featured_media":0,"parent":0,"menu_order":0,"comment_status":"closed","ping_status":"closed","template":"","meta":{"footnotes":""},"yoast_head":"<!-- This site is optimized with the Yoast SEO plugin v15.5 - https:\/\/yoast.com\/wordpress\/plugins\/seo\/ -->\n<title>Emissi\u00f3 en directe - Certamen Internacional de M\u00fasica Villa de Altea<\/title>\n<meta name=\"robots\" content=\"index, follow, max-snippet:-1, max-image-preview:large, max-video-preview:-1\" \/>\n<link rel=\"canonical\" href=\"https:\/\/www.certamenaltea.com\/va\/emision-en-directo\/\" \/>\n<meta property=\"og:locale\" content=\"en_US\" \/>\n<meta property=\"og:type\" content=\"article\" \/>\n<meta property=\"og:title\" content=\"Emissi\u00f3 en directe - Certamen Internacional de M\u00fasica Villa de Altea\" \/>\n<meta property=\"og:description\" content=\"Des d&#8217;aquesta p\u00e0gina pots veure l&#8217;emissi\u00f3 en directe del 49 Certamen Internacional de M\u00fasica Vila d&#8217;Altea El dia 9 de desembre de 2023 \u00a0 Programa especial abans del Certamen, a les 11.00 h (hora espanyola) \u00a0 49 Certamen Internacional de M\u00fasica Vila d&#8217;Altea15.30 h previ \u00b7 16.00 h inici Certamen (hora espanyola) \u00a0 PROGRAMA \u00b7 [&hellip;]\" \/>\n<meta property=\"og:url\" content=\"https:\/\/www.certamenaltea.com\/va\/emision-en-directo\/\" \/>\n<meta property=\"og:site_name\" content=\"Certamen Internacional de M\u00fasica Villa de Altea\" \/>\n<meta property=\"article:modified_time\" content=\"2023-12-08T11:41:54+00:00\" \/>\n<meta name=\"twitter:card\" content=\"summary_large_image\" \/>\n<meta name=\"twitter:label1\" content=\"Est. reading time\">\n\t<meta name=\"twitter:data1\" content=\"1 minute\">\n<script type=\"application\/ld+json\" class=\"yoast-schema-graph\">{\"@context\":\"https:\/\/schema.org\",\"@graph\":[{\"@type\":\"Organization\",\"@id\":\"https:\/\/www.certamenaltea.com\/#organization\",\"name\":\"Sociedad Filarm\\u00f3nica Alteanense\",\"url\":\"https:\/\/www.certamenaltea.com\/\",\"sameAs\":[],\"logo\":{\"@type\":\"ImageObject\",\"@id\":\"https:\/\/www.certamenaltea.com\/#logo\",\"inLanguage\":\"va\",\"url\":\"https:\/\/www.certamenaltea.com\/wp-content\/uploads\/2020\/08\/LOGO-SFA-res-web.jpg\",\"width\":600,\"height\":350,\"caption\":\"Sociedad Filarm\\u00f3nica Alteanense\"},\"image\":{\"@id\":\"https:\/\/www.certamenaltea.com\/#logo\"}},{\"@type\":\"WebSite\",\"@id\":\"https:\/\/www.certamenaltea.com\/#website\",\"url\":\"https:\/\/www.certamenaltea.com\/\",\"name\":\"Certamen Internacional de M\\u00fasica Villa de Altea\",\"description\":\"\",\"publisher\":{\"@id\":\"https:\/\/www.certamenaltea.com\/#organization\"},\"potentialAction\":[{\"@type\":\"SearchAction\",\"target\":\"https:\/\/www.certamenaltea.com\/?s={search_term_string}\",\"query-input\":\"required name=search_term_string\"}],\"inLanguage\":\"va\"},{\"@type\":\"WebPage\",\"@id\":\"https:\/\/www.certamenaltea.com\/va\/emision-en-directo\/#webpage\",\"url\":\"https:\/\/www.certamenaltea.com\/va\/emision-en-directo\/\",\"name\":\"Emissi\\u00f3 en directe - Certamen Internacional de M\\u00fasica Villa de Altea\",\"isPartOf\":{\"@id\":\"https:\/\/www.certamenaltea.com\/#website\"},\"datePublished\":\"2019-03-01T12:22:07+00:00\",\"dateModified\":\"2023-12-08T11:41:54+00:00\",\"inLanguage\":\"va\",\"potentialAction\":[{\"@type\":\"ReadAction\",\"target\":[\"https:\/\/www.certamenaltea.com\/va\/emision-en-directo\/\"]}]}]}<\/script>\n<!-- \/ Yoast SEO plugin. -->","_links":{"self":[{"href":"https:\/\/www.certamenaltea.com\/va\/wp-json\/wp\/v2\/pages\/1682"}],"collection":[{"href":"https:\/\/www.certamenaltea.com\/va\/wp-json\/wp\/v2\/pages"}],"about":[{"href":"https:\/\/www.certamenaltea.com\/va\/wp-json\/wp\/v2\/types\/page"}],"author":[{"embeddable":true,"href":"https:\/\/www.certamenaltea.com\/va\/wp-json\/wp\/v2\/users\/1"}],"replies":[{"embeddable":true,"href":"https:\/\/www.certamenaltea.com\/va\/wp-json\/wp\/v2\/comments?post=1682"}],"version-history":[{"count":28,"href":"https:\/\/www.certamenaltea.com\/va\/wp-json\/wp\/v2\/pages\/1682\/revisions"}],"predecessor-version":[{"id":3638,"href":"https:\/\/www.certamenaltea.com\/va\/wp-json\/wp\/v2\/pages\/1682\/revisions\/3638"}],"wp:attachment":[{"href":"https:\/\/www.certamenaltea.com\/va\/wp-json\/wp\/v2\/media?parent=1682"}],"curies":[{"name":"wp","href":"https:\/\/api.w.org\/{rel}","templated":true}]}}