{"id":3093,"date":"2022-10-29T17:10:40","date_gmt":"2022-10-29T17:10:40","guid":{"rendered":"http:\/\/certamenaltea.com\/?page_id=3093"},"modified":"2022-10-29T17:36:29","modified_gmt":"2022-10-29T17:36:29","slug":"pierre-kuijpers-president-del-jurado","status":"publish","type":"page","link":"https:\/\/www.certamenaltea.com\/va\/pierre-kuijpers-president-del-jurado\/","title":{"rendered":"Pierre Kuijpers &#8211; President del Jurado"},"content":{"rendered":"\n<p><\/p>\n\n\n\n<div class=\"wp-block-image\"><figure class=\"alignright size-large is-resized\"><img loading=\"lazy\" decoding=\"async\" src=\"http:\/\/certamenaltea.com\/wp-content\/uploads\/2022\/10\/1.-Pierre-Kuijpers-1024x683.jpg\" alt=\"\" class=\"wp-image-3090\" width=\"404\" height=\"80\"\/><\/figure><\/div>\n\n\n\n<p><strong>Pierre Kuijpers<\/strong> va n\u00e0ixer en 1945 a Thorn (Pa\u00efsos Baixos). Va comen\u00e7ar els seus estudis musicals en 1960 en el Conservatori de Tilburg. A partir de 1962 va continuar els seus estudis en el Conservatori de Maastricht, especialitzant-se en obo\u00e8 i direcci\u00f3 de banda de vent. Durant els seus estudis tamb\u00e9 va tocar l\u2019obo\u00e8 amb l&#8217;orquestra de l&#8217;\u00d2pera Zuid-Nederlandse de 1964 a 1967. Despr\u00e9s d&#8217;obtindre diversos diplomes, va tocar durant dos anys l\u2019obo\u00e8 en l&#8217;Orquestra Simf\u00f2nica de Limburg. En 1977 va completar un estudi de dos anys en el Real Conservatori de la Haia amb el mestratge en direcci\u00f3 d&#8217;orquestra.<\/p>\n\n\n\n<p>Pierre Kuijpers va ser director convidat de conegudes Bandes de Concert espanyoles com Bunyol i Ll\u00edria i la Banda Municipal de Madrid. Tamb\u00e9 va ser director convidat habitual de l&#8217;Orquestra Rundfunk d&#8217;Alemanya Occidental (WDR) a Col\u00f2nia. L&#8217;1 d&#8217;abril de 1986, Pierre Kuijpers va ser nomenat director titular de la Royal Military Band. En el mateix any tamb\u00e9 va ser nomenat director de Philips Harmonie a Eindhoven des de l&#8217;1 d&#8217;abril de 1978 fins a 2008. Des de 1996 fins a 2021 va dirigir la Banda Simf\u00f2nica BAYER a Leverkusen (Alemanya) i simult\u00e0niament va dirigir la Young Philharmonic Band de Rin del Nord-Westf\u00e0lia.<br>Va ser professor titular de Direcci\u00f3 de Banda en el Conservatori de Maastricht de 1996 a 2010. Com a membre de jurat, \u00e9s una persona sol\u2022licitada sovint per a concursos de bandes de vent nacionals i internacionals i ha sigut jutge set vegades en la Olimp\u00edada Mundial per a Bandes de Concert en Kerkrade.<\/p>\n\n\n\n<p><\/p>\n","protected":false},"excerpt":{"rendered":"<p>Pierre Kuijpers va n\u00e0ixer en 1945 a Thorn (Pa\u00efsos Baixos). Va comen\u00e7ar els seus estudis musicals en 1960 en el Conservatori de Tilburg. A partir de 1962 va continuar els seus estudis en el Conservatori de Maastricht, especialitzant-se en obo\u00e8 i direcci\u00f3 de banda de vent. Durant els seus estudis tamb\u00e9 va tocar l\u2019obo\u00e8 amb [&hellip;]<\/p>\n","protected":false},"author":1,"featured_media":3090,"parent":0,"menu_order":0,"comment_status":"closed","ping_status":"closed","template":"","meta":{"footnotes":""},"yoast_head":"<!-- This site is optimized with the Yoast SEO plugin v15.5 - https:\/\/yoast.com\/wordpress\/plugins\/seo\/ -->\n<title>Pierre Kuijpers - President del Jurado - Certamen Internacional de M\u00fasica Villa de Altea<\/title>\n<meta name=\"robots\" content=\"index, follow, max-snippet:-1, max-image-preview:large, max-video-preview:-1\" \/>\n<link rel=\"canonical\" href=\"https:\/\/www.certamenaltea.com\/va\/pierre-kuijpers-president-del-jurado\/\" \/>\n<meta property=\"og:locale\" content=\"en_US\" \/>\n<meta property=\"og:type\" content=\"article\" \/>\n<meta property=\"og:title\" content=\"Pierre Kuijpers - President del Jurado - Certamen Internacional de M\u00fasica Villa de Altea\" \/>\n<meta property=\"og:description\" content=\"Pierre Kuijpers va n\u00e0ixer en 1945 a Thorn (Pa\u00efsos Baixos). Va comen\u00e7ar els seus estudis musicals en 1960 en el Conservatori de Tilburg. A partir de 1962 va continuar els seus estudis en el Conservatori de Maastricht, especialitzant-se en obo\u00e8 i direcci\u00f3 de banda de vent. Durant els seus estudis tamb\u00e9 va tocar l\u2019obo\u00e8 amb [&hellip;]\" \/>\n<meta property=\"og:url\" content=\"https:\/\/www.certamenaltea.com\/va\/pierre-kuijpers-president-del-jurado\/\" \/>\n<meta property=\"og:site_name\" content=\"Certamen Internacional de M\u00fasica Villa de Altea\" \/>\n<meta property=\"article:modified_time\" content=\"2022-10-29T17:36:29+00:00\" \/>\n<meta property=\"og:image\" content=\"https:\/\/www.certamenaltea.com\/wp-content\/uploads\/2022\/10\/1.-Pierre-Kuijpers.jpg\" \/>\n\t<meta property=\"og:image:width\" content=\"1200\" \/>\n\t<meta property=\"og:image:height\" content=\"800\" \/>\n<meta name=\"twitter:card\" content=\"summary_large_image\" \/>\n<meta name=\"twitter:label1\" content=\"Est. reading time\">\n\t<meta name=\"twitter:data1\" content=\"1 minute\">\n<script type=\"application\/ld+json\" class=\"yoast-schema-graph\">{\"@context\":\"https:\/\/schema.org\",\"@graph\":[{\"@type\":\"Organization\",\"@id\":\"https:\/\/www.certamenaltea.com\/#organization\",\"name\":\"Sociedad Filarm\\u00f3nica Alteanense\",\"url\":\"https:\/\/www.certamenaltea.com\/\",\"sameAs\":[],\"logo\":{\"@type\":\"ImageObject\",\"@id\":\"https:\/\/www.certamenaltea.com\/#logo\",\"inLanguage\":\"va\",\"url\":\"https:\/\/www.certamenaltea.com\/wp-content\/uploads\/2020\/08\/LOGO-SFA-res-web.jpg\",\"width\":600,\"height\":350,\"caption\":\"Sociedad Filarm\\u00f3nica Alteanense\"},\"image\":{\"@id\":\"https:\/\/www.certamenaltea.com\/#logo\"}},{\"@type\":\"WebSite\",\"@id\":\"https:\/\/www.certamenaltea.com\/#website\",\"url\":\"https:\/\/www.certamenaltea.com\/\",\"name\":\"Certamen Internacional de M\\u00fasica Villa de Altea\",\"description\":\"\",\"publisher\":{\"@id\":\"https:\/\/www.certamenaltea.com\/#organization\"},\"potentialAction\":[{\"@type\":\"SearchAction\",\"target\":\"https:\/\/www.certamenaltea.com\/?s={search_term_string}\",\"query-input\":\"required name=search_term_string\"}],\"inLanguage\":\"va\"},{\"@type\":\"ImageObject\",\"@id\":\"https:\/\/www.certamenaltea.com\/va\/pierre-kuijpers-president-del-jurado\/#primaryimage\",\"inLanguage\":\"va\",\"url\":\"https:\/\/www.certamenaltea.com\/wp-content\/uploads\/2022\/10\/1.-Pierre-Kuijpers.jpg\",\"width\":1200,\"height\":800},{\"@type\":\"WebPage\",\"@id\":\"https:\/\/www.certamenaltea.com\/va\/pierre-kuijpers-president-del-jurado\/#webpage\",\"url\":\"https:\/\/www.certamenaltea.com\/va\/pierre-kuijpers-president-del-jurado\/\",\"name\":\"Pierre Kuijpers - President del Jurado - Certamen Internacional de M\\u00fasica Villa de Altea\",\"isPartOf\":{\"@id\":\"https:\/\/www.certamenaltea.com\/#website\"},\"primaryImageOfPage\":{\"@id\":\"https:\/\/www.certamenaltea.com\/va\/pierre-kuijpers-president-del-jurado\/#primaryimage\"},\"datePublished\":\"2022-10-29T17:10:40+00:00\",\"dateModified\":\"2022-10-29T17:36:29+00:00\",\"inLanguage\":\"va\",\"potentialAction\":[{\"@type\":\"ReadAction\",\"target\":[\"https:\/\/www.certamenaltea.com\/va\/pierre-kuijpers-president-del-jurado\/\"]}]}]}<\/script>\n<!-- \/ Yoast SEO plugin. -->","_links":{"self":[{"href":"https:\/\/www.certamenaltea.com\/va\/wp-json\/wp\/v2\/pages\/3093"}],"collection":[{"href":"https:\/\/www.certamenaltea.com\/va\/wp-json\/wp\/v2\/pages"}],"about":[{"href":"https:\/\/www.certamenaltea.com\/va\/wp-json\/wp\/v2\/types\/page"}],"author":[{"embeddable":true,"href":"https:\/\/www.certamenaltea.com\/va\/wp-json\/wp\/v2\/users\/1"}],"replies":[{"embeddable":true,"href":"https:\/\/www.certamenaltea.com\/va\/wp-json\/wp\/v2\/comments?post=3093"}],"version-history":[{"count":4,"href":"https:\/\/www.certamenaltea.com\/va\/wp-json\/wp\/v2\/pages\/3093\/revisions"}],"predecessor-version":[{"id":3097,"href":"https:\/\/www.certamenaltea.com\/va\/wp-json\/wp\/v2\/pages\/3093\/revisions\/3097"}],"wp:featuredmedia":[{"embeddable":true,"href":"https:\/\/www.certamenaltea.com\/va\/wp-json\/wp\/v2\/media\/3090"}],"wp:attachment":[{"href":"https:\/\/www.certamenaltea.com\/va\/wp-json\/wp\/v2\/media?parent=3093"}],"curies":[{"name":"wp","href":"https:\/\/api.w.org\/{rel}","templated":true}]}}