{"id":3108,"date":"2022-10-29T17:17:03","date_gmt":"2022-10-29T17:17:03","guid":{"rendered":"http:\/\/certamenaltea.com\/?page_id=3108"},"modified":"2022-10-29T17:35:50","modified_gmt":"2022-10-29T17:35:50","slug":"eva-irene-lopszyc-vocal","status":"publish","type":"page","link":"https:\/\/www.certamenaltea.com\/va\/eva-irene-lopszyc-vocal\/","title":{"rendered":"Eva Irene Lopszyc &#8211; Vocal"},"content":{"rendered":"\n<div class=\"wp-block-image\"><figure class=\"alignright size-large is-resized\"><img decoding=\"async\" src=\"http:\/\/certamenaltea.com\/wp-content\/uploads\/2022\/10\/3.-Eva-Irene-Lopszyc-Argentina-816x1024.jpg\" alt=\"\" class=\"wp-image-3106\" width=\"450\" srcset=\"https:\/\/www.certamenaltea.com\/wp-content\/uploads\/2022\/10\/3.-Eva-Irene-Lopszyc-Argentina-816x1024.jpg 816w, https:\/\/www.certamenaltea.com\/wp-content\/uploads\/2022\/10\/3.-Eva-Irene-Lopszyc-Argentina-239x300.jpg 239w, https:\/\/www.certamenaltea.com\/wp-content\/uploads\/2022\/10\/3.-Eva-Irene-Lopszyc-Argentina-768x964.jpg 768w, https:\/\/www.certamenaltea.com\/wp-content\/uploads\/2022\/10\/3.-Eva-Irene-Lopszyc-Argentina-1224x1536.jpg 1224w, https:\/\/www.certamenaltea.com\/wp-content\/uploads\/2022\/10\/3.-Eva-Irene-Lopszyc-Argentina-1632x2048.jpg 1632w, https:\/\/www.certamenaltea.com\/wp-content\/uploads\/2022\/10\/3.-Eva-Irene-Lopszyc-Argentina-scaled.jpg 2040w\" sizes=\"(max-width: 816px) 100vw, 816px\" \/><\/figure><\/div>\n\n\n\n<p>Eva Irene Lopszyc \u00e9s Premi Municipal de M\u00fasica Bienni 2012-2013 M\u00fasica Simf\u00f2nica-Buenos Aires, l&#8217;Argentina, per la seua obra Brigantia dels Vents per a Banda Simf\u00f2nica.<br>Va comen\u00e7ar els seus estudis de m\u00fasica amb la seua mare Tania Vaistij Ficher de Lopszyc.<br><\/p>\n\n\n\n<p>\u00c9s graduada del Conservatori Superior de M\u00fasica \u201cManuel de Falla\u201d en Piano, Composici\u00f3 i Direcci\u00f3 Orquestral, amb Medalla d&#8217;Or. Deixebla en Composici\u00f3 del seu besoncle Jacobo Ficher, Roberto Garc\u00eda Morillo i Augusto Rattenbach. Amb la seua germana Diana &#8211; Pianista i Clavecinista-ha format duo de pianos estrenant importants obres argentines, i des de sempre s\u00f3n duo d&#8217;int\u00e8rpret i compositora de meravellosa producci\u00f3.<br><\/p>\n\n\n\n<p>La seua obra recorre pa\u00efsos com l&#8217;Argentina, Espanya, It\u00e0lia, Fran\u00e7a, Pol\u00f2nia, el Regne Unit, els Estats Units d\u2019Am\u00e8rica, Alemanya, Portugal, Ucra\u00efna, Israel, Su\u00efssa, B\u00e8lgica, la Xina, el Brasil, Bol\u00edvia, M\u00e8xic, el Per\u00fa, l&#8217;Uruguai, Xile, en versi\u00f3 de destacats int\u00e8rprets, orquestres i bandes simf\u00f2niques per alguns a esmentar: Banda del Conservatori Superior de M\u00fasica de Tenerife; Societat de l&#8217;Ateneu Musical de Cullera, Fundaci\u00f3 Musical Manuel de Falla d&#8217;Illescas, Agrupaci\u00f3 Art\u00edstic Musical La Candelaria;Va unir Musical Alqueriense;Banda Uni\u00e3o Musical Paranemse;Centre Artistic Musical de X\u00e0bia;Banda de M\u00fasica Cultural de Teo;Orquestra Simf\u00f2nica Nacional;Orquestra Acad\u00e8mica delTeatro Col\u00f3n de Buenos Aires; Orchestre \u00e0 vents du Conservatoire et de L\u2019 Acad\u00e9mie Sup\u00e9rieure de Musique de Strasbourg, Hear; Camerata Paqari; Orquestra Filharm\u00f2nica de Riu Negre; Orchestra de Sopros Escola Superior de M\u00fasica de Lisboa; Assemble de Sopros AFCL, Orkiestra Reprezentacyjna Si\u0142 Powietrznych; Orquestra Simf\u00f2nica CSMMF; Orquestra Simf\u00f2nica de la Universitat Nacional de Tucum\u00e1n.<br><\/p>\n\n\n\n<p>Ha participat en importants concerts i congressos internacionals de m\u00fasica per a banda simf\u00f2nica amb estrenes mundials de les seues obres sota la batuta de destacats directors. \u201cAlmirante Crist\u00f3bal Colon\u201d-F\u00e9lix Hauswirth 2008; \u201cBrigantia de los Vientos\u201d-F\u00e9lix Hauswirth 2013; \u201cVentos d&#8217;Amor\u2026 Terras de Fogo e Mar\u201d 2015- Alberto Roque; \u201cEl Por Siempre de un Genio\u201d- Miguel Etchegoncelay 2021; \u201cArs Coelestia\u201d -Mart\u00edn Fraile Milstein 2022. \u201cBrigantia de los Vientos\u201d, va ser Obra Obligada Secci\u00f3 Segona del 133\u00b0 CIBM Val\u00e8ncia 2019 i \u201cAlmirante Crist\u00f3bal Colon\u201d integra les \u201c1000 PLUS Selected Works for Wind Orchestra and Ensemble\u201d de F\u00e9lix Hauswirth.<br>La seua producci\u00f3 creativa abasta variats g\u00e8neres. Tota combinaci\u00f3 instrumental, vocal i dram\u00e0tica troba dir en la seua po\u00e8tica musical, incloent-hi instruments antics i etnogr\u00e0fics.<br><\/p>\n\n\n\n<p>Com a Directora es dedica especialment a la m\u00fasica contempor\u00e0nia. Va estrenar importants obres argentines. Va ser Directora de l&#8217;Orquestra del CSMMF; \u00d2pera Contempor\u00e0nia; Assemble dels Tres Temps. Va dirigir la Banda Simf\u00f2nica de la Ciutat de Buenos Aires; Banda Simf\u00f2nica de La Pampa, Orquestra Simf\u00f2nica Universitat de Tucum\u00e1n, Federaci\u00f3 de Bandes de Tenerife, Orquestres Simf\u00f2nica de Paraguai, Assembles el Brasil i M\u00e8xic entre altres. Equip Principal Secci\u00f3 Argentina del III Simposi Internacional de Dones Directores 2020 (Ligia Amadio, Coordinaci\u00f3 General).<br>Va participar com Jurado en Especialitat Banda Simf\u00f2nica en el 132\u00b0 CIBM 2018, Concurs M\u00fasica Jove, Benimaclet, Val\u00e8ncia 2020, Concurs de Composici\u00f3 per a Banda Simf\u00f2nica For\u00e7a A\u00e8ria Argentina \/ Associaci\u00f3 Argentina de Compositors AAC 2021.<br><\/p>\n\n\n\n<p>Ha sigut Professora del CSMMF, Supervisora Docent DGEART, Ministeri de Cultura GCBA.<br>\u00c9s Vicepresidenta del F\u00f2rum Argent\u00ed de Compositores. Membre de AAC, WASBE i Bront\u00eb Society, UK.<\/p>\n","protected":false},"excerpt":{"rendered":"<p>Eva Irene Lopszyc \u00e9s Premi Municipal de M\u00fasica Bienni 2012-2013 M\u00fasica Simf\u00f2nica-Buenos Aires, l&#8217;Argentina, per la seua obra Brigantia dels Vents per a Banda Simf\u00f2nica.Va comen\u00e7ar els seus estudis de m\u00fasica amb la seua mare Tania Vaistij Ficher de Lopszyc. \u00c9s graduada del Conservatori Superior de M\u00fasica \u201cManuel de Falla\u201d en Piano, Composici\u00f3 i Direcci\u00f3 [&hellip;]<\/p>\n","protected":false},"author":1,"featured_media":3106,"parent":0,"menu_order":0,"comment_status":"closed","ping_status":"closed","template":"","meta":{"footnotes":""},"yoast_head":"<!-- This site is optimized with the Yoast SEO plugin v15.5 - https:\/\/yoast.com\/wordpress\/plugins\/seo\/ -->\n<title>Eva Irene Lopszyc - Vocal - Certamen Internacional de M\u00fasica Villa de Altea<\/title>\n<meta name=\"robots\" content=\"index, follow, max-snippet:-1, max-image-preview:large, max-video-preview:-1\" \/>\n<link rel=\"canonical\" href=\"https:\/\/www.certamenaltea.com\/va\/eva-irene-lopszyc-vocal\/\" \/>\n<meta property=\"og:locale\" content=\"en_US\" \/>\n<meta property=\"og:type\" content=\"article\" \/>\n<meta property=\"og:title\" content=\"Eva Irene Lopszyc - Vocal - Certamen Internacional de M\u00fasica Villa de Altea\" \/>\n<meta property=\"og:description\" content=\"Eva Irene Lopszyc \u00e9s Premi Municipal de M\u00fasica Bienni 2012-2013 M\u00fasica Simf\u00f2nica-Buenos Aires, l&#8217;Argentina, per la seua obra Brigantia dels Vents per a Banda Simf\u00f2nica.Va comen\u00e7ar els seus estudis de m\u00fasica amb la seua mare Tania Vaistij Ficher de Lopszyc. \u00c9s graduada del Conservatori Superior de M\u00fasica \u201cManuel de Falla\u201d en Piano, Composici\u00f3 i Direcci\u00f3 [&hellip;]\" \/>\n<meta property=\"og:url\" content=\"https:\/\/www.certamenaltea.com\/va\/eva-irene-lopszyc-vocal\/\" \/>\n<meta property=\"og:site_name\" content=\"Certamen Internacional de M\u00fasica Villa de Altea\" \/>\n<meta property=\"article:modified_time\" content=\"2022-10-29T17:35:50+00:00\" \/>\n<meta property=\"og:image\" content=\"https:\/\/www.certamenaltea.com\/wp-content\/uploads\/2022\/10\/3.-Eva-Irene-Lopszyc-Argentina-scaled.jpg\" \/>\n\t<meta property=\"og:image:width\" content=\"2040\" \/>\n\t<meta property=\"og:image:height\" content=\"2560\" \/>\n<meta name=\"twitter:card\" content=\"summary_large_image\" \/>\n<meta name=\"twitter:label1\" content=\"Est. reading time\">\n\t<meta name=\"twitter:data1\" content=\"2 minutes\">\n<script type=\"application\/ld+json\" class=\"yoast-schema-graph\">{\"@context\":\"https:\/\/schema.org\",\"@graph\":[{\"@type\":\"Organization\",\"@id\":\"https:\/\/www.certamenaltea.com\/#organization\",\"name\":\"Sociedad Filarm\\u00f3nica Alteanense\",\"url\":\"https:\/\/www.certamenaltea.com\/\",\"sameAs\":[],\"logo\":{\"@type\":\"ImageObject\",\"@id\":\"https:\/\/www.certamenaltea.com\/#logo\",\"inLanguage\":\"va\",\"url\":\"https:\/\/www.certamenaltea.com\/wp-content\/uploads\/2020\/08\/LOGO-SFA-res-web.jpg\",\"width\":600,\"height\":350,\"caption\":\"Sociedad Filarm\\u00f3nica Alteanense\"},\"image\":{\"@id\":\"https:\/\/www.certamenaltea.com\/#logo\"}},{\"@type\":\"WebSite\",\"@id\":\"https:\/\/www.certamenaltea.com\/#website\",\"url\":\"https:\/\/www.certamenaltea.com\/\",\"name\":\"Certamen Internacional de M\\u00fasica Villa de Altea\",\"description\":\"\",\"publisher\":{\"@id\":\"https:\/\/www.certamenaltea.com\/#organization\"},\"potentialAction\":[{\"@type\":\"SearchAction\",\"target\":\"https:\/\/www.certamenaltea.com\/?s={search_term_string}\",\"query-input\":\"required name=search_term_string\"}],\"inLanguage\":\"va\"},{\"@type\":\"ImageObject\",\"@id\":\"https:\/\/www.certamenaltea.com\/va\/eva-irene-lopszyc-vocal\/#primaryimage\",\"inLanguage\":\"va\",\"url\":\"https:\/\/www.certamenaltea.com\/wp-content\/uploads\/2022\/10\/3.-Eva-Irene-Lopszyc-Argentina-scaled.jpg\",\"width\":2040,\"height\":2560},{\"@type\":\"WebPage\",\"@id\":\"https:\/\/www.certamenaltea.com\/va\/eva-irene-lopszyc-vocal\/#webpage\",\"url\":\"https:\/\/www.certamenaltea.com\/va\/eva-irene-lopszyc-vocal\/\",\"name\":\"Eva Irene Lopszyc - Vocal - Certamen Internacional de M\\u00fasica Villa de Altea\",\"isPartOf\":{\"@id\":\"https:\/\/www.certamenaltea.com\/#website\"},\"primaryImageOfPage\":{\"@id\":\"https:\/\/www.certamenaltea.com\/va\/eva-irene-lopszyc-vocal\/#primaryimage\"},\"datePublished\":\"2022-10-29T17:17:03+00:00\",\"dateModified\":\"2022-10-29T17:35:50+00:00\",\"inLanguage\":\"va\",\"potentialAction\":[{\"@type\":\"ReadAction\",\"target\":[\"https:\/\/www.certamenaltea.com\/va\/eva-irene-lopszyc-vocal\/\"]}]}]}<\/script>\n<!-- \/ Yoast SEO plugin. -->","_links":{"self":[{"href":"https:\/\/www.certamenaltea.com\/va\/wp-json\/wp\/v2\/pages\/3108"}],"collection":[{"href":"https:\/\/www.certamenaltea.com\/va\/wp-json\/wp\/v2\/pages"}],"about":[{"href":"https:\/\/www.certamenaltea.com\/va\/wp-json\/wp\/v2\/types\/page"}],"author":[{"embeddable":true,"href":"https:\/\/www.certamenaltea.com\/va\/wp-json\/wp\/v2\/users\/1"}],"replies":[{"embeddable":true,"href":"https:\/\/www.certamenaltea.com\/va\/wp-json\/wp\/v2\/comments?post=3108"}],"version-history":[{"count":4,"href":"https:\/\/www.certamenaltea.com\/va\/wp-json\/wp\/v2\/pages\/3108\/revisions"}],"predecessor-version":[{"id":3135,"href":"https:\/\/www.certamenaltea.com\/va\/wp-json\/wp\/v2\/pages\/3108\/revisions\/3135"}],"wp:featuredmedia":[{"embeddable":true,"href":"https:\/\/www.certamenaltea.com\/va\/wp-json\/wp\/v2\/media\/3106"}],"wp:attachment":[{"href":"https:\/\/www.certamenaltea.com\/va\/wp-json\/wp\/v2\/media?parent=3108"}],"curies":[{"name":"wp","href":"https:\/\/api.w.org\/{rel}","templated":true}]}}