{"id":3120,"date":"2022-10-29T17:25:38","date_gmt":"2022-10-29T17:25:38","guid":{"rendered":"http:\/\/certamenaltea.com\/?page_id=3120"},"modified":"2022-10-29T17:32:08","modified_gmt":"2022-10-29T17:32:08","slug":"beatriz-fernandez-aucejo-vocal","status":"publish","type":"page","link":"https:\/\/www.certamenaltea.com\/va\/beatriz-fernandez-aucejo-vocal\/","title":{"rendered":"Beatriz Fern\u00e1ndez Aucejo &#8211; Vocal"},"content":{"rendered":"\n<p><\/p>\n\n\n\n<div class=\"wp-block-image\"><figure class=\"alignright size-large is-resized\"><img loading=\"lazy\" decoding=\"async\" src=\"http:\/\/certamenaltea.com\/wp-content\/uploads\/2022\/10\/2.-Beatriz-Fernandez-Aucejo.jpg\" alt=\"\" class=\"wp-image-3099\" width=\"378\" height=\"378\" srcset=\"https:\/\/www.certamenaltea.com\/wp-content\/uploads\/2022\/10\/2.-Beatriz-Fernandez-Aucejo.jpg 768w, https:\/\/www.certamenaltea.com\/wp-content\/uploads\/2022\/10\/2.-Beatriz-Fernandez-Aucejo-300x300.jpg 300w, https:\/\/www.certamenaltea.com\/wp-content\/uploads\/2022\/10\/2.-Beatriz-Fernandez-Aucejo-150x150.jpg 150w\" sizes=\"(max-width: 378px) 100vw, 378px\" \/><\/figure><\/div>\n\n\n\n<p>Quant als assoliments recents de Beatriz, cal destacar la seua brillant actuaci\u00f3 en el Concurs de Direcci\u00f3 d&#8217;Orquestra \u201cLa Maestra\u201d 2022 el mes de mar\u00e7 passat, on es va al\u00e7ar amb el Tercer Premi i el Premi \u2018ARTE\u2019, havent sigut seleccionada entre m\u00e9s de 200 candidates. Des de llavors \u00e9s membre de \u201cLa Mestra Academy\u201d de la Philharmonie de Par\u00eds on la seua formaci\u00f3 i experi\u00e8ncia professional \u00e9s constant i fruct\u00edfera, rebent orientacions i masterclasses de directors de renom internacional com Fran\u00e7ois-Xavier Roth o Lahav Shani.<br>Beatriz actualment est\u00e0 desenvolupant el lloc de directora assistent en la \u201cOrchestre National d&#8217;\u00cele-de-France\u201d (ONDIF), amb el seu Director Titular, Case Scaglione, durant els assajos, concerts i enregistrament del seu programa d&#8217;obertura de temporada -\u201cViva Espanya\u201d- el repertori de la qual se centra en obres de M. Ravel i R. Strauss. A m\u00e9s, Beatriz continua tenint com a mentora a un dels directors m\u00e9s destacats del panorama mundial actual, Juanjo Mena.<\/p>\n\n\n\n<p>Beatriz Fern\u00e1ndez Aucejo va comen\u00e7ar els seus estudis en una de les zones m\u00e9s prol\u00edfiques musicalment i culturalment vibrants d&#8217;Espanya, Val\u00e8ncia. La revolucion\u00e0ria per\u00f2 tradicional estructura de la banda va ser la clau per a trobar una forta connexi\u00f3 amb la m\u00fasica. En aquest ambient es va trobar completament immersa en la seua pr\u00e0ctica i aprenentatge, absorbint i assimilant de primera m\u00e0 el valor del respecte, l&#8217;escolta i la comunicaci\u00f3 social.<br>Influenciada per tot el que la m\u00fasica li havia donat fins a aqueix moment, no va dubtar a cr\u00e9ixer com a persona al costat de la m\u00fasica dins del camp orquestral. Per a aix\u00f2 es va formar acad\u00e8micament, obtenint m\u00faltiples t\u00edtols entre els quals destaca l&#8217;obtingut en \u2018The Associated Board of the Royal Schools of Music\u2019, especialitzant-se en direcci\u00f3 musical (orquestra de vents). La seua ambici\u00f3 de millorar les seues habilitats i aconseguir m\u00e9s objectius la va portar a estudiar a Alemanya amb el mestre Joshard Daus de la Universitat de Mag\u00fancia, a \u00c0ustria amb Peter G\u00fclke de la Universitat Mozarteum de Salzburg, a It\u00e0lia amb el Sr. Michel Tabachnik en l\u2019Accademia Musicale Chigiana i com a estudiant interessada a ampliar el seu repertori i aprendre noves eines d&#8217;interpretaci\u00f3, recentment va obtindre el t\u00edtol de postgrau especialitzat en repertori contemporani a Su\u00efssa amb el Sr. Arturo Tamayo en el Conservatori della Svizzera Italiana.<\/p>\n\n\n\n<p>El seu debut amb l&#8217;Orquestra de Val\u00e8ncia en 2015 seria el seu punt de partida en relaci\u00f3 al m\u00f3n professional. Van seguir les invitacions amb interessants projectes i programes competitius amb l&#8217;Orquestra Simf\u00f2nica Regi\u00f3 de M\u00farcia, Orquestra Simf\u00f2nica de Navarra, Orquestra ADDA Simf\u00f2nica d&#8217;Alacant, Orquestra de la Comunitat Valenciana, Orquestra Filharm\u00f2nica de Gran Can\u00e0ria, Orquestra d&#8217;Extremadura, Orquestra del Festival Internacional de M\u00fasica de Cancun, Republic Korean Navy Band, Banda Municipal de Val\u00e8ncia, Banda Municipal de Palma, Banda Municipal de Santiago de Compostel\u2022la, Banda Municipal de Madrid i Banda Municipal de Barcelona de la qual va ser nomenada subdirectora de 2017 a 2019. Recentment, la Mestra Alondra de la Parra ha volgut comptar amb la professionalitat de Beatriz per a treballar de prop amb ella &#8211; elegint-la com a directora assistent i \u201ccover\u201d &#8211; en tots el seu projectes recents de tal magnitud com va ser la Primera Edici\u00f3 del Festival PAAX GNP 2022 i posteriorment la Gira Mexicana 2022 de \u201cSilence of Sound&#8221;. Hui continua en aquest lloc treballant en projectes actuals i futurs. Per a aquesta pr\u00f2xima temporada 2022-2023 t\u00e9 forts compromisos amb la Bilbao Orkestra Sinfonikoa, l&#8217;Orquestra de Castella i La Manxa, l&#8217;Orquestra Simf\u00f2nica de Granada, la Banda Municipal de Barcelona i l&#8217;Orquestra Filharm\u00f2nica de Gran Can\u00e0ria.<\/p>\n\n\n\n<p>La seua atracci\u00f3 pel m\u00f3n de l&#8217;\u00f2pera es deu al seu profund desig de comprendre el m\u00f3n de la l\u00edrica i tot el que aix\u00f2 comporta. El seu inter\u00e9s l&#8217;ha impulsada a estudiar i interpretar La traviata amb el Sr. Bruno Aprea a Madrid en la Fundaci\u00f3 Eutherpe. Seleccionada per a la Riccardo Muti Italian Opera Academy 2018, tamb\u00e9 va participar activament en la \u201cOnline Makers&#8217; Workshop 2020\u201d en la Acad\u00e9mie de Festival d&#8217;Aix de Proven\u00e7a amb la directora de teatre Katie Mitchell, la directora d&#8217;orquestra Susanna M\u00e4lkki i Sofi Oksanen, autora del llibret de \u201cInnocence\u201d (una \u00f2pera del compositor Kaija Saariaho). Tamb\u00e9 ha assistit al mestre Kazushi Ono dirigint la banda interna de l&#8217;\u00f2pera \u201cTurandot\u201d amb l\u2019Orquestra Simf\u00f2nica de Barcelona i Nacional de Catalunya. Beatriz ha continuat la seua formaci\u00f3 assistint al Palau dels Arts per a assajos i produccions d&#8217;obres com a Norma amb el Sr. Gustavo Gimeno i \u2018Le nozze di Figaro\u2019 amb el Sr. Christopher Moulds. Pot compaginar la seua carrera freelance amb la direcci\u00f3 art\u00edstica i musical de la Banda Lira Castellonera de Vilanova de Castell\u00f3 i l\u2019Orquestra Filharm\u00f2nica de la Universitat de Val\u00e8ncia; una orquestra formada per joves m\u00fasics de gran talent que junts han abordat una s\u00e8rie d&#8217;obres ambicioses. Entre elles destaca, entre altres, l&#8217;excepcional estudi de la sinest\u00e8sia d\u2019A. Scriabin i el seu \u00f2rgan de colors en l&#8217;obra \u2018Prometeo el Poema de Fuego\u2019. Com a directora art\u00edstica, Beatriz ha realitzat diverses confer\u00e8ncies per a la Universitat de Val\u00e8ncia i institucions com la Diputaci\u00f3 de Val\u00e8ncia. A trav\u00e9s d&#8217;aquestes confer\u00e8ncies queda en evid\u00e8ncia la seua vessant m\u00e9s investigadora i el seu gran inter\u00e9s per la musicologia. Actualment, al costat de la seua Orquestra Filharm\u00f2nica de la Universitat de Val\u00e8ncia, a m\u00e9s del seu treball per a la temporada art\u00edstica 2022-2023, forma part del projecte europeu \u201cMeets\u201d. Aquest projecte reuneix altres joves orquestres europees en l&#8217;estudi conjuntament de l&#8217;impacte de les \u201csoft skills\u201d en els grups de treball a trav\u00e9s de la comunicaci\u00f3 musical. A m\u00e9s, Beatriz continua treballant amb la seua Orquestra Filharm\u00f2nica de la Universitat de Val\u00e8ncia en l&#8217;enregistrament d&#8217;un CD \u2013 Concert Valenci\u00e0 \u2013 \u2018M\u00fasica per a clarinet i orquestra de compositors valencians\u2019, amb el clarinetista valenci\u00e0 Lu\u00eds Fern\u00e1ndez.<\/p>\n\n\n\n<p><\/p>\n","protected":false},"excerpt":{"rendered":"<p>Quant als assoliments recents de Beatriz, cal destacar la seua brillant actuaci\u00f3 en el Concurs de Direcci\u00f3 d&#8217;Orquestra \u201cLa Maestra\u201d 2022 el mes de mar\u00e7 passat, on es va al\u00e7ar amb el Tercer Premi i el Premi \u2018ARTE\u2019, havent sigut seleccionada entre m\u00e9s de 200 candidates. Des de llavors \u00e9s membre de \u201cLa Mestra Academy\u201d [&hellip;]<\/p>\n","protected":false},"author":1,"featured_media":3099,"parent":0,"menu_order":0,"comment_status":"closed","ping_status":"closed","template":"","meta":{"footnotes":""},"yoast_head":"<!-- This site is optimized with the Yoast SEO plugin v15.5 - https:\/\/yoast.com\/wordpress\/plugins\/seo\/ -->\n<title>Beatriz Fern\u00e1ndez Aucejo - Vocal - Certamen Internacional de M\u00fasica Villa de Altea<\/title>\n<meta name=\"robots\" content=\"index, follow, max-snippet:-1, max-image-preview:large, max-video-preview:-1\" \/>\n<link rel=\"canonical\" href=\"https:\/\/www.certamenaltea.com\/va\/beatriz-fernandez-aucejo-vocal\/\" \/>\n<meta property=\"og:locale\" content=\"en_US\" \/>\n<meta property=\"og:type\" content=\"article\" \/>\n<meta property=\"og:title\" content=\"Beatriz Fern\u00e1ndez Aucejo - Vocal - Certamen Internacional de M\u00fasica Villa de Altea\" \/>\n<meta property=\"og:description\" content=\"Quant als assoliments recents de Beatriz, cal destacar la seua brillant actuaci\u00f3 en el Concurs de Direcci\u00f3 d&#8217;Orquestra \u201cLa Maestra\u201d 2022 el mes de mar\u00e7 passat, on es va al\u00e7ar amb el Tercer Premi i el Premi \u2018ARTE\u2019, havent sigut seleccionada entre m\u00e9s de 200 candidates. Des de llavors \u00e9s membre de \u201cLa Mestra Academy\u201d [&hellip;]\" \/>\n<meta property=\"og:url\" content=\"https:\/\/www.certamenaltea.com\/va\/beatriz-fernandez-aucejo-vocal\/\" \/>\n<meta property=\"og:site_name\" content=\"Certamen Internacional de M\u00fasica Villa de Altea\" \/>\n<meta property=\"article:modified_time\" content=\"2022-10-29T17:32:08+00:00\" \/>\n<meta property=\"og:image\" content=\"https:\/\/www.certamenaltea.com\/wp-content\/uploads\/2022\/10\/2.-Beatriz-Fernandez-Aucejo.jpg\" \/>\n\t<meta property=\"og:image:width\" content=\"768\" \/>\n\t<meta property=\"og:image:height\" content=\"768\" \/>\n<meta name=\"twitter:card\" content=\"summary_large_image\" \/>\n<meta name=\"twitter:label1\" content=\"Est. reading time\">\n\t<meta name=\"twitter:data1\" content=\"4 minutes\">\n<script type=\"application\/ld+json\" class=\"yoast-schema-graph\">{\"@context\":\"https:\/\/schema.org\",\"@graph\":[{\"@type\":\"Organization\",\"@id\":\"https:\/\/www.certamenaltea.com\/#organization\",\"name\":\"Sociedad Filarm\\u00f3nica Alteanense\",\"url\":\"https:\/\/www.certamenaltea.com\/\",\"sameAs\":[],\"logo\":{\"@type\":\"ImageObject\",\"@id\":\"https:\/\/www.certamenaltea.com\/#logo\",\"inLanguage\":\"va\",\"url\":\"https:\/\/www.certamenaltea.com\/wp-content\/uploads\/2020\/08\/LOGO-SFA-res-web.jpg\",\"width\":600,\"height\":350,\"caption\":\"Sociedad Filarm\\u00f3nica Alteanense\"},\"image\":{\"@id\":\"https:\/\/www.certamenaltea.com\/#logo\"}},{\"@type\":\"WebSite\",\"@id\":\"https:\/\/www.certamenaltea.com\/#website\",\"url\":\"https:\/\/www.certamenaltea.com\/\",\"name\":\"Certamen Internacional de M\\u00fasica Villa de Altea\",\"description\":\"\",\"publisher\":{\"@id\":\"https:\/\/www.certamenaltea.com\/#organization\"},\"potentialAction\":[{\"@type\":\"SearchAction\",\"target\":\"https:\/\/www.certamenaltea.com\/?s={search_term_string}\",\"query-input\":\"required name=search_term_string\"}],\"inLanguage\":\"va\"},{\"@type\":\"ImageObject\",\"@id\":\"https:\/\/www.certamenaltea.com\/va\/beatriz-fernandez-aucejo-vocal\/#primaryimage\",\"inLanguage\":\"va\",\"url\":\"https:\/\/www.certamenaltea.com\/wp-content\/uploads\/2022\/10\/2.-Beatriz-Fernandez-Aucejo.jpg\",\"width\":768,\"height\":768},{\"@type\":\"WebPage\",\"@id\":\"https:\/\/www.certamenaltea.com\/va\/beatriz-fernandez-aucejo-vocal\/#webpage\",\"url\":\"https:\/\/www.certamenaltea.com\/va\/beatriz-fernandez-aucejo-vocal\/\",\"name\":\"Beatriz Fern\\u00e1ndez Aucejo - Vocal - Certamen Internacional de M\\u00fasica Villa de Altea\",\"isPartOf\":{\"@id\":\"https:\/\/www.certamenaltea.com\/#website\"},\"primaryImageOfPage\":{\"@id\":\"https:\/\/www.certamenaltea.com\/va\/beatriz-fernandez-aucejo-vocal\/#primaryimage\"},\"datePublished\":\"2022-10-29T17:25:38+00:00\",\"dateModified\":\"2022-10-29T17:32:08+00:00\",\"inLanguage\":\"va\",\"potentialAction\":[{\"@type\":\"ReadAction\",\"target\":[\"https:\/\/www.certamenaltea.com\/va\/beatriz-fernandez-aucejo-vocal\/\"]}]}]}<\/script>\n<!-- \/ Yoast SEO plugin. -->","_links":{"self":[{"href":"https:\/\/www.certamenaltea.com\/va\/wp-json\/wp\/v2\/pages\/3120"}],"collection":[{"href":"https:\/\/www.certamenaltea.com\/va\/wp-json\/wp\/v2\/pages"}],"about":[{"href":"https:\/\/www.certamenaltea.com\/va\/wp-json\/wp\/v2\/types\/page"}],"author":[{"embeddable":true,"href":"https:\/\/www.certamenaltea.com\/va\/wp-json\/wp\/v2\/users\/1"}],"replies":[{"embeddable":true,"href":"https:\/\/www.certamenaltea.com\/va\/wp-json\/wp\/v2\/comments?post=3120"}],"version-history":[{"count":4,"href":"https:\/\/www.certamenaltea.com\/va\/wp-json\/wp\/v2\/pages\/3120\/revisions"}],"predecessor-version":[{"id":3132,"href":"https:\/\/www.certamenaltea.com\/va\/wp-json\/wp\/v2\/pages\/3120\/revisions\/3132"}],"wp:featuredmedia":[{"embeddable":true,"href":"https:\/\/www.certamenaltea.com\/va\/wp-json\/wp\/v2\/media\/3099"}],"wp:attachment":[{"href":"https:\/\/www.certamenaltea.com\/va\/wp-json\/wp\/v2\/media?parent=3120"}],"curies":[{"name":"wp","href":"https:\/\/api.w.org\/{rel}","templated":true}]}}