{"id":3376,"date":"2023-11-08T12:45:09","date_gmt":"2023-11-08T12:45:09","guid":{"rendered":"http:\/\/certamenaltea.com\/?page_id=3376"},"modified":"2023-12-08T11:54:21","modified_gmt":"2023-12-08T11:54:21","slug":"entradas","status":"publish","type":"page","link":"https:\/\/www.certamenaltea.com\/va\/entradas\/","title":{"rendered":"Entrades"},"content":{"rendered":"\n<div class=\"wp-block-image\"><figure class=\"aligncenter size-large\"><img loading=\"lazy\" decoding=\"async\" width=\"1024\" height=\"378\" src=\"http:\/\/certamenaltea.com\/wp-content\/uploads\/2023\/11\/Palau-Altea-rec-1024x378.jpg\" alt=\"\" class=\"wp-image-3370\" srcset=\"https:\/\/www.certamenaltea.com\/wp-content\/uploads\/2023\/11\/Palau-Altea-rec-1024x378.jpg 1024w, https:\/\/www.certamenaltea.com\/wp-content\/uploads\/2023\/11\/Palau-Altea-rec-300x111.jpg 300w, https:\/\/www.certamenaltea.com\/wp-content\/uploads\/2023\/11\/Palau-Altea-rec-768x284.jpg 768w, https:\/\/www.certamenaltea.com\/wp-content\/uploads\/2023\/11\/Palau-Altea-rec-1536x567.jpg 1536w, https:\/\/www.certamenaltea.com\/wp-content\/uploads\/2023\/11\/Palau-Altea-rec.jpg 2048w\" sizes=\"(max-width: 1024px) 100vw, 1024px\" \/><\/figure><\/div>\n\n\n\n<h2 class=\"wp-block-heading\">Preu<\/h2>\n\n\n\n<p>Preu general <strong>11 \u20ac (compra en l\u00ednia 10 \u20ac)<\/strong><br><span class=\"has-inline-color has-cyan-bluish-gray-color\">(Entrada \u00fanica, v\u00e0lida per a totes les actuaciones del <strong>49 Certamen<\/strong>)<\/span><\/p>\n\n\n\n<div style=\"height:50px\" aria-hidden=\"true\" class=\"wp-block-spacer\"><\/div>\n\n\n\n<h2 class=\"wp-block-heading\">Compra on-line<\/h2>\n\n\n\n<p><a rel=\"noreferrer noopener\" href=\"https:\/\/venta.atenea360.es\/buy\/?id=31533\" target=\"_blank\">CLIC AC\u00cd PER A <\/a><strong><a rel=\"noreferrer noopener\" href=\"https:\/\/venta.atenea360.es\/buy\/?id=31533\" target=\"_blank\">COMPRA ON-LINE<\/a><\/strong><br><span class=\"has-inline-color has-vivid-red-color\"><strong><strong><strong><strong><strong>ENTRADAS AGOTADAS<\/strong>. <\/strong><\/strong><\/strong><\/strong>VENTA CERRADA.<br>(Dado que las entradas est\u00e1n agotadas las TAQUILLAS permanecer\u00e1n cerradas el d\u00eda del Certamen).<\/span><\/p>\n\n\n\n<div style=\"height:50px\" aria-hidden=\"true\" class=\"wp-block-spacer\"><\/div>\n\n\n\n<h2 class=\"wp-block-heading\">Compra f\u00edsicament<\/h2>\n\n\n\n<p><strong>CASA DE CULTURA D&#8217;ALTEA<\/strong><br>C\/ Pont de Moncau, 14 &#8211; 03590 Altea<br>Dilluns a divendres 10 a 13h i 17 a 20h.<\/p>\n\n\n\n<p><strong>TAQUILLA PALAU ALTEA<\/strong><br>El dia del Certamen en els 30 min. previs de cada actuaci\u00f3. <br><span class=\"has-inline-color has-cyan-bluish-gray-color\">(En Taquilla hi haur\u00e0 entrades NOM\u00c9S si queden disponibles. Si no quedaren entrades en compra on-line, no hi hauria per a Taquilla)<\/span><\/p>\n\n\n\n<div style=\"height:50px\" aria-hidden=\"true\" class=\"wp-block-spacer\"><\/div>\n\n\n\n<h2 class=\"wp-block-heading\">Descomptes<\/h2>\n\n\n\n<p><strong>20%<\/strong> Estudiants<br><strong>20% <\/strong>Jubilats \/ pensionistes<br><strong>20%<\/strong> grups +10 persones<br><strong>10%<\/strong> grups de 5-10 persones<\/p>\n\n\n\n<p>Socis <a href=\"http:\/\/www.sfaltea.com\" target=\"_blank\" rel=\"noreferrer noopener\">SFA<\/a>:<br>Primera entrada <strong>sols 1\u20ac<\/strong>, addicionals <strong>20%<\/strong> sobre el preu general<\/p>\n","protected":false},"excerpt":{"rendered":"<p>Preu Preu general 11 \u20ac (compra en l\u00ednia 10 \u20ac)(Entrada \u00fanica, v\u00e0lida per a totes les actuaciones del 49 Certamen) Compra on-line CLIC AC\u00cd PER A COMPRA ON-LINEENTRADAS AGOTADAS. VENTA CERRADA.(Dado que las entradas est\u00e1n agotadas las TAQUILLAS permanecer\u00e1n cerradas el d\u00eda del Certamen). Compra f\u00edsicament CASA DE CULTURA D&#8217;ALTEAC\/ Pont de Moncau, 14 &#8211; [&hellip;]<\/p>\n","protected":false},"author":1,"featured_media":0,"parent":0,"menu_order":0,"comment_status":"closed","ping_status":"closed","template":"","meta":{"footnotes":""},"yoast_head":"<!-- This site is optimized with the Yoast SEO plugin v15.5 - https:\/\/yoast.com\/wordpress\/plugins\/seo\/ -->\n<title>Entrades - Certamen Internacional de M\u00fasica Villa de Altea<\/title>\n<meta name=\"robots\" content=\"index, follow, max-snippet:-1, max-image-preview:large, max-video-preview:-1\" \/>\n<link rel=\"canonical\" href=\"https:\/\/www.certamenaltea.com\/va\/entradas\/\" \/>\n<meta property=\"og:locale\" content=\"en_US\" \/>\n<meta property=\"og:type\" content=\"article\" \/>\n<meta property=\"og:title\" content=\"Entrades - Certamen Internacional de M\u00fasica Villa de Altea\" \/>\n<meta property=\"og:description\" content=\"Preu Preu general 11 \u20ac (compra en l\u00ednia 10 \u20ac)(Entrada \u00fanica, v\u00e0lida per a totes les actuaciones del 49 Certamen) Compra on-line CLIC AC\u00cd PER A COMPRA ON-LINEENTRADAS AGOTADAS. VENTA CERRADA.(Dado que las entradas est\u00e1n agotadas las TAQUILLAS permanecer\u00e1n cerradas el d\u00eda del Certamen). Compra f\u00edsicament CASA DE CULTURA D&#8217;ALTEAC\/ Pont de Moncau, 14 &#8211; [&hellip;]\" \/>\n<meta property=\"og:url\" content=\"https:\/\/www.certamenaltea.com\/va\/entradas\/\" \/>\n<meta property=\"og:site_name\" content=\"Certamen Internacional de M\u00fasica Villa de Altea\" \/>\n<meta property=\"article:modified_time\" content=\"2023-12-08T11:54:21+00:00\" \/>\n<meta property=\"og:image\" content=\"http:\/\/certamenaltea.com\/wp-content\/uploads\/2023\/11\/Palau-Altea-rec-1024x378.jpg\" \/>\n<meta name=\"twitter:card\" content=\"summary_large_image\" \/>\n<meta name=\"twitter:label1\" content=\"Est. reading time\">\n\t<meta name=\"twitter:data1\" content=\"0 minutes\">\n<script type=\"application\/ld+json\" class=\"yoast-schema-graph\">{\"@context\":\"https:\/\/schema.org\",\"@graph\":[{\"@type\":\"Organization\",\"@id\":\"https:\/\/www.certamenaltea.com\/#organization\",\"name\":\"Sociedad Filarm\\u00f3nica Alteanense\",\"url\":\"https:\/\/www.certamenaltea.com\/\",\"sameAs\":[],\"logo\":{\"@type\":\"ImageObject\",\"@id\":\"https:\/\/www.certamenaltea.com\/#logo\",\"inLanguage\":\"va\",\"url\":\"https:\/\/www.certamenaltea.com\/wp-content\/uploads\/2020\/08\/LOGO-SFA-res-web.jpg\",\"width\":600,\"height\":350,\"caption\":\"Sociedad Filarm\\u00f3nica Alteanense\"},\"image\":{\"@id\":\"https:\/\/www.certamenaltea.com\/#logo\"}},{\"@type\":\"WebSite\",\"@id\":\"https:\/\/www.certamenaltea.com\/#website\",\"url\":\"https:\/\/www.certamenaltea.com\/\",\"name\":\"Certamen Internacional de M\\u00fasica Villa de Altea\",\"description\":\"\",\"publisher\":{\"@id\":\"https:\/\/www.certamenaltea.com\/#organization\"},\"potentialAction\":[{\"@type\":\"SearchAction\",\"target\":\"https:\/\/www.certamenaltea.com\/?s={search_term_string}\",\"query-input\":\"required name=search_term_string\"}],\"inLanguage\":\"va\"},{\"@type\":\"ImageObject\",\"@id\":\"https:\/\/www.certamenaltea.com\/va\/entradas\/#primaryimage\",\"inLanguage\":\"va\",\"url\":\"http:\/\/certamenaltea.com\/wp-content\/uploads\/2023\/11\/Palau-Altea-rec-1024x378.jpg\"},{\"@type\":\"WebPage\",\"@id\":\"https:\/\/www.certamenaltea.com\/va\/entradas\/#webpage\",\"url\":\"https:\/\/www.certamenaltea.com\/va\/entradas\/\",\"name\":\"Entrades - Certamen Internacional de M\\u00fasica Villa de Altea\",\"isPartOf\":{\"@id\":\"https:\/\/www.certamenaltea.com\/#website\"},\"primaryImageOfPage\":{\"@id\":\"https:\/\/www.certamenaltea.com\/va\/entradas\/#primaryimage\"},\"datePublished\":\"2023-11-08T12:45:09+00:00\",\"dateModified\":\"2023-12-08T11:54:21+00:00\",\"inLanguage\":\"va\",\"potentialAction\":[{\"@type\":\"ReadAction\",\"target\":[\"https:\/\/www.certamenaltea.com\/va\/entradas\/\"]}]}]}<\/script>\n<!-- \/ Yoast SEO plugin. -->","_links":{"self":[{"href":"https:\/\/www.certamenaltea.com\/va\/wp-json\/wp\/v2\/pages\/3376"}],"collection":[{"href":"https:\/\/www.certamenaltea.com\/va\/wp-json\/wp\/v2\/pages"}],"about":[{"href":"https:\/\/www.certamenaltea.com\/va\/wp-json\/wp\/v2\/types\/page"}],"author":[{"embeddable":true,"href":"https:\/\/www.certamenaltea.com\/va\/wp-json\/wp\/v2\/users\/1"}],"replies":[{"embeddable":true,"href":"https:\/\/www.certamenaltea.com\/va\/wp-json\/wp\/v2\/comments?post=3376"}],"version-history":[{"count":32,"href":"https:\/\/www.certamenaltea.com\/va\/wp-json\/wp\/v2\/pages\/3376\/revisions"}],"predecessor-version":[{"id":3643,"href":"https:\/\/www.certamenaltea.com\/va\/wp-json\/wp\/v2\/pages\/3376\/revisions\/3643"}],"wp:attachment":[{"href":"https:\/\/www.certamenaltea.com\/va\/wp-json\/wp\/v2\/media?parent=3376"}],"curies":[{"name":"wp","href":"https:\/\/api.w.org\/{rel}","templated":true}]}}