{"id":3438,"date":"2023-11-12T20:31:17","date_gmt":"2023-11-12T20:31:17","guid":{"rendered":"http:\/\/certamenaltea.com\/?page_id=3438"},"modified":"2023-11-12T20:38:14","modified_gmt":"2023-11-12T20:38:14","slug":"centre-artistic-musical-santa-cecilia-de-foios-valencia","status":"publish","type":"page","link":"https:\/\/www.certamenaltea.com\/va\/centre-artistic-musical-santa-cecilia-de-foios-valencia\/","title":{"rendered":"Centre Art\u00edstic Musical Santa Cec\u00edlia de Foios (Val\u00e8ncia)"},"content":{"rendered":"<p style=\"text-align: center;\"><a href=\"http:\/\/certamenaltea.com\/wp-content\/uploads\/2023\/11\/Banda2-foto-banda-Centre-Artistic-Musical-Santa-Cecilia-de-Foios-Valencia.jpg\" target=\"_blank\" rel=\"noopener noreferrer\"><img loading=\"lazy\" decoding=\"async\" class=\"aligncenter wp-image-3435 size-large\" src=\"http:\/\/certamenaltea.com\/wp-content\/uploads\/2023\/11\/Banda2-foto-banda-Centre-Artistic-Musical-Santa-Cecilia-de-Foios-Valencia-1024x683.jpg\" alt=\"\" width=\"640\" height=\"427\" srcset=\"https:\/\/www.certamenaltea.com\/wp-content\/uploads\/2023\/11\/Banda2-foto-banda-Centre-Artistic-Musical-Santa-Cecilia-de-Foios-Valencia-1024x683.jpg 1024w, https:\/\/www.certamenaltea.com\/wp-content\/uploads\/2023\/11\/Banda2-foto-banda-Centre-Artistic-Musical-Santa-Cecilia-de-Foios-Valencia-300x200.jpg 300w, https:\/\/www.certamenaltea.com\/wp-content\/uploads\/2023\/11\/Banda2-foto-banda-Centre-Artistic-Musical-Santa-Cecilia-de-Foios-Valencia-768x512.jpg 768w, https:\/\/www.certamenaltea.com\/wp-content\/uploads\/2023\/11\/Banda2-foto-banda-Centre-Artistic-Musical-Santa-Cecilia-de-Foios-Valencia-1536x1024.jpg 1536w, https:\/\/www.certamenaltea.com\/wp-content\/uploads\/2023\/11\/Banda2-foto-banda-Centre-Artistic-Musical-Santa-Cecilia-de-Foios-Valencia-272x182.jpg 272w, https:\/\/www.certamenaltea.com\/wp-content\/uploads\/2023\/11\/Banda2-foto-banda-Centre-Artistic-Musical-Santa-Cecilia-de-Foios-Valencia.jpg 1920w\" sizes=\"(max-width: 640px) 100vw, 640px\" \/><\/a><\/p>\n\n\n<div style=\"height:50px\" aria-hidden=\"true\" class=\"wp-block-spacer\"><\/div>\n\n\n\n<p>El Centre Art\u00edstic Musical Santa Cec\u00edlia de Foios, es va fundar el 19 de Setembre de l\u2019any 1921. El seu primer director, fou Mariano Puig.<\/p>\n\n\n\n<p>L\u2019any 1931 va ser director Miguel Rodrigo Corell, sent el primer director de Foios. Seria el seu successor, el seu fill Miguel Rodrigo Plas\u00e9ncia.<\/p>\n\n\n\n<p>A l\u2019any 1981 es va fer c\u00e0rrec Enrique Ros Sanlucas, obtenint l\u2019any 1983 el Primer Premi al Certamen Musical de Bandes Civils \u201cCiutat de Cullera\u201d.<\/p>\n\n\n\n<p>Despr\u00e9s va passar per la direcci\u00f3 de la Banda, Manuel Engu\u00eddanos Cotanda amb el que es va obtindre en 1985 el Primer Premi de la Secci\u00f3 Primera al Certamen de Bandes Ciutat de Val\u00e8ncia.&nbsp; Tamb\u00e9 van estar com a directors Jos\u00e9 Dom\u00ednguez Pe\u00f1arrocha, qui va crear la Coral de la Societat i Josep Sanz i Biosca.<\/p>\n\n\n\n<p>L\u2019any 2000 es fa c\u00e0rrec de la Banda, Vicent Puchol Calvo, amb qui es participa l\u2019any 2004 al Certamen Internacional Ciutat de Val\u00e8ncia, a la Secci\u00f3 Segona, obtenint el Primer Premi.<\/p>\n\n\n\n<p>Al 2009 s\u2019obt\u00e9 el Primer Premi i la Menci\u00f3 d\u2019Honor al Certamen Internacional Vila d\u2019Altea i al 2015, la banda guanya el Primer Premi a la Secci\u00f3 Primera del Certamen Internacional Ciutat de Val\u00e8ncia.<\/p>\n\n\n\n<p>En l\u2019any 2017 passa a dirigir la banda el seu actual director D. Jos\u00e9 Mart\u00ednez Colomina, amb el qual s\u2019aconsegueix en 2019 el Primer Premi i Menci\u00f3 d\u2019Honor en la Secci\u00f3 Especial al Certamen de la Diputaci\u00f3 de Val\u00e8ncia. <\/p>\n\n\n\n<p>La Societat Musical t\u00e9 una escola d\u2019educands amb 160 alumnes i una massa social al poble de Foios de m\u00e9s de 830 s\u00f2cies i socis.<\/p>\n\n\n\n<div style=\"height:50px\" aria-hidden=\"true\" class=\"wp-block-spacer\"><\/div>\n\n\n\n<p><strong><strong>Jos\u00e9 Mart\u00ednez Colomina<\/strong> &#8211; Director<\/strong><\/p>\n\n\n\n<div class=\"wp-block-image\"><figure class=\"alignleft size-medium\"><a href=\"http:\/\/certamenaltea.com\/wp-content\/uploads\/2023\/11\/Banda2-foto-director-Jose-Martinez-Colomina-scaled.jpg\" target=\"_blank\" rel=\"noopener noreferrer\"><img loading=\"lazy\" decoding=\"async\" width=\"300\" height=\"200\" src=\"http:\/\/certamenaltea.com\/wp-content\/uploads\/2023\/11\/Banda2-foto-director-Jose-Martinez-Colomina-300x200.jpg\" alt=\"\" class=\"wp-image-3436\" srcset=\"https:\/\/www.certamenaltea.com\/wp-content\/uploads\/2023\/11\/Banda2-foto-director-Jose-Martinez-Colomina-300x200.jpg 300w, https:\/\/www.certamenaltea.com\/wp-content\/uploads\/2023\/11\/Banda2-foto-director-Jose-Martinez-Colomina-1024x683.jpg 1024w, https:\/\/www.certamenaltea.com\/wp-content\/uploads\/2023\/11\/Banda2-foto-director-Jose-Martinez-Colomina-768x512.jpg 768w, https:\/\/www.certamenaltea.com\/wp-content\/uploads\/2023\/11\/Banda2-foto-director-Jose-Martinez-Colomina-1536x1024.jpg 1536w, https:\/\/www.certamenaltea.com\/wp-content\/uploads\/2023\/11\/Banda2-foto-director-Jose-Martinez-Colomina-2048x1365.jpg 2048w, https:\/\/www.certamenaltea.com\/wp-content\/uploads\/2023\/11\/Banda2-foto-director-Jose-Martinez-Colomina-272x182.jpg 272w\" sizes=\"(max-width: 300px) 100vw, 300px\" \/><\/a><\/figure><\/div>\n\n\n\n<p>Reconegut m\u00fasic de la Comunitat Valenciana, sent en l&#8217;actualitat catedr\u00e0tic de trompeta i doctor Cum laude del Conservatori Superior de M\u00fasica de Val\u00e8ncia.<\/p>\n\n\n\n<p>Posseeix les llicenciatures de Direcci\u00f3 de Vents, dirigint la Royal Academy of London (2010), i Direcci\u00f3 d&#8217;Orquestra Simf\u00f2nica (2012), per la Royal School of London, obtenint en ambdues la m\u00e0xima qualificaci\u00f3 possible (DISTINCTION).<\/p>\n\n\n\n<p>En els \u00faltims 15 anys, dirigint la banda Canalense de Canals i el CAM de Foios ha aconseguit 8 primers premis amb Menci\u00f3 Especial en els Cert\u00e0mens de Diputaci\u00f3, Provincial i Internacional de Val\u00e8ncia a m\u00e9s de premis al millor director. Posseeix la distinci\u00f3 honor\u00edfica de la Diputaci\u00f3 en haver aconseguit 3 primers premis amb Menci\u00f3 Especial en 3 seccions diferents del Certamen de Diputaci\u00f3 de Val\u00e8ncia.<\/p>\n\n\n\n<p>Ha dirigit agrupacions professionals tant a Espanya com a Londres, Col\u00f2mbia i Turquia. Actualment \u00e9s el director titular de la Universal Symphony Orchestra i de la Universal Chamber Orchestra.<\/p>\n\n\n\n<p>Ha sigut professor del M\u00e0ster de Direcci\u00f3 d\u2019ESMAR i professor de direcci\u00f3 d&#8217;Orquestra en el Conservatori Superior de Gal\u00edcia. Ha impartit cursos de direcci\u00f3 tant al nostre pa\u00eds com a l&#8217;estranger. A m\u00e9s, ha publicat un m\u00e8tode de direcci\u00f3, el qual \u00e9s el primer escrit en valenci\u00e0. Aquest any ha sigut designat com a professor de direcci\u00f3 d&#8217;Orquestra en ESIM on es pot obtindre la titulaci\u00f3 de direcci\u00f3 de la Royal School of Londres i el Grau en Direcci\u00f3 d&#8217;Orquestra Oficial.<\/p>\n","protected":false},"excerpt":{"rendered":"<p>El Centre Art\u00edstic Musical Santa Cec\u00edlia de Foios, es va fundar el 19 de Setembre de l\u2019any 1921. El seu primer director, fou Mariano Puig. L\u2019any 1931 va ser director Miguel Rodrigo Corell, sent el primer director de Foios. Seria el seu successor, el seu fill Miguel Rodrigo Plas\u00e9ncia. A l\u2019any 1981 es va fer [&hellip;]<\/p>\n","protected":false},"author":1,"featured_media":3435,"parent":0,"menu_order":0,"comment_status":"closed","ping_status":"closed","template":"","meta":{"footnotes":""},"yoast_head":"<!-- This site is optimized with the Yoast SEO plugin v15.5 - https:\/\/yoast.com\/wordpress\/plugins\/seo\/ -->\n<title>Centre Art\u00edstic Musical Santa Cec\u00edlia de Foios (Val\u00e8ncia) - Certamen Internacional de M\u00fasica Villa de Altea<\/title>\n<meta name=\"robots\" content=\"index, follow, max-snippet:-1, max-image-preview:large, max-video-preview:-1\" \/>\n<link rel=\"canonical\" href=\"https:\/\/www.certamenaltea.com\/va\/centre-artistic-musical-santa-cecilia-de-foios-valencia\/\" \/>\n<meta property=\"og:locale\" content=\"en_US\" \/>\n<meta property=\"og:type\" content=\"article\" \/>\n<meta property=\"og:title\" content=\"Centre Art\u00edstic Musical Santa Cec\u00edlia de Foios (Val\u00e8ncia) - Certamen Internacional de M\u00fasica Villa de Altea\" \/>\n<meta property=\"og:description\" content=\"El Centre Art\u00edstic Musical Santa Cec\u00edlia de Foios, es va fundar el 19 de Setembre de l\u2019any 1921. El seu primer director, fou Mariano Puig. L\u2019any 1931 va ser director Miguel Rodrigo Corell, sent el primer director de Foios. Seria el seu successor, el seu fill Miguel Rodrigo Plas\u00e9ncia. A l\u2019any 1981 es va fer [&hellip;]\" \/>\n<meta property=\"og:url\" content=\"https:\/\/www.certamenaltea.com\/va\/centre-artistic-musical-santa-cecilia-de-foios-valencia\/\" \/>\n<meta property=\"og:site_name\" content=\"Certamen Internacional de M\u00fasica Villa de Altea\" \/>\n<meta property=\"article:modified_time\" content=\"2023-11-12T20:38:14+00:00\" \/>\n<meta property=\"og:image\" content=\"https:\/\/www.certamenaltea.com\/wp-content\/uploads\/2023\/11\/Banda2-foto-banda-Centre-Artistic-Musical-Santa-Cecilia-de-Foios-Valencia.jpg\" \/>\n\t<meta property=\"og:image:width\" content=\"1920\" \/>\n\t<meta property=\"og:image:height\" content=\"1280\" \/>\n<meta name=\"twitter:card\" content=\"summary_large_image\" \/>\n<meta name=\"twitter:label1\" content=\"Est. reading time\">\n\t<meta name=\"twitter:data1\" content=\"2 minutes\">\n<script type=\"application\/ld+json\" class=\"yoast-schema-graph\">{\"@context\":\"https:\/\/schema.org\",\"@graph\":[{\"@type\":\"Organization\",\"@id\":\"https:\/\/www.certamenaltea.com\/#organization\",\"name\":\"Sociedad Filarm\\u00f3nica Alteanense\",\"url\":\"https:\/\/www.certamenaltea.com\/\",\"sameAs\":[],\"logo\":{\"@type\":\"ImageObject\",\"@id\":\"https:\/\/www.certamenaltea.com\/#logo\",\"inLanguage\":\"va\",\"url\":\"https:\/\/www.certamenaltea.com\/wp-content\/uploads\/2020\/08\/LOGO-SFA-res-web.jpg\",\"width\":600,\"height\":350,\"caption\":\"Sociedad Filarm\\u00f3nica Alteanense\"},\"image\":{\"@id\":\"https:\/\/www.certamenaltea.com\/#logo\"}},{\"@type\":\"WebSite\",\"@id\":\"https:\/\/www.certamenaltea.com\/#website\",\"url\":\"https:\/\/www.certamenaltea.com\/\",\"name\":\"Certamen Internacional de M\\u00fasica Villa de Altea\",\"description\":\"\",\"publisher\":{\"@id\":\"https:\/\/www.certamenaltea.com\/#organization\"},\"potentialAction\":[{\"@type\":\"SearchAction\",\"target\":\"https:\/\/www.certamenaltea.com\/?s={search_term_string}\",\"query-input\":\"required name=search_term_string\"}],\"inLanguage\":\"va\"},{\"@type\":\"ImageObject\",\"@id\":\"https:\/\/www.certamenaltea.com\/va\/centre-artistic-musical-santa-cecilia-de-foios-valencia\/#primaryimage\",\"inLanguage\":\"va\",\"url\":\"https:\/\/www.certamenaltea.com\/wp-content\/uploads\/2023\/11\/Banda2-foto-banda-Centre-Artistic-Musical-Santa-Cecilia-de-Foios-Valencia.jpg\",\"width\":1920,\"height\":1280},{\"@type\":\"WebPage\",\"@id\":\"https:\/\/www.certamenaltea.com\/va\/centre-artistic-musical-santa-cecilia-de-foios-valencia\/#webpage\",\"url\":\"https:\/\/www.certamenaltea.com\/va\/centre-artistic-musical-santa-cecilia-de-foios-valencia\/\",\"name\":\"Centre Art\\u00edstic Musical Santa Cec\\u00edlia de Foios (Val\\u00e8ncia) - Certamen Internacional de M\\u00fasica Villa de Altea\",\"isPartOf\":{\"@id\":\"https:\/\/www.certamenaltea.com\/#website\"},\"primaryImageOfPage\":{\"@id\":\"https:\/\/www.certamenaltea.com\/va\/centre-artistic-musical-santa-cecilia-de-foios-valencia\/#primaryimage\"},\"datePublished\":\"2023-11-12T20:31:17+00:00\",\"dateModified\":\"2023-11-12T20:38:14+00:00\",\"inLanguage\":\"va\",\"potentialAction\":[{\"@type\":\"ReadAction\",\"target\":[\"https:\/\/www.certamenaltea.com\/va\/centre-artistic-musical-santa-cecilia-de-foios-valencia\/\"]}]}]}<\/script>\n<!-- \/ Yoast SEO plugin. -->","_links":{"self":[{"href":"https:\/\/www.certamenaltea.com\/va\/wp-json\/wp\/v2\/pages\/3438"}],"collection":[{"href":"https:\/\/www.certamenaltea.com\/va\/wp-json\/wp\/v2\/pages"}],"about":[{"href":"https:\/\/www.certamenaltea.com\/va\/wp-json\/wp\/v2\/types\/page"}],"author":[{"embeddable":true,"href":"https:\/\/www.certamenaltea.com\/va\/wp-json\/wp\/v2\/users\/1"}],"replies":[{"embeddable":true,"href":"https:\/\/www.certamenaltea.com\/va\/wp-json\/wp\/v2\/comments?post=3438"}],"version-history":[{"count":5,"href":"https:\/\/www.certamenaltea.com\/va\/wp-json\/wp\/v2\/pages\/3438\/revisions"}],"predecessor-version":[{"id":3448,"href":"https:\/\/www.certamenaltea.com\/va\/wp-json\/wp\/v2\/pages\/3438\/revisions\/3448"}],"wp:featuredmedia":[{"embeddable":true,"href":"https:\/\/www.certamenaltea.com\/va\/wp-json\/wp\/v2\/media\/3435"}],"wp:attachment":[{"href":"https:\/\/www.certamenaltea.com\/va\/wp-json\/wp\/v2\/media?parent=3438"}],"curies":[{"name":"wp","href":"https:\/\/api.w.org\/{rel}","templated":true}]}}