{"id":3456,"date":"2023-11-12T20:46:39","date_gmt":"2023-11-12T20:46:39","guid":{"rendered":"http:\/\/certamenaltea.com\/?page_id=3456"},"modified":"2023-11-12T20:56:16","modified_gmt":"2023-11-12T20:56:16","slug":"sociedad-musical-instructiva-santa-cecilia-cullera-valencia","status":"publish","type":"page","link":"https:\/\/www.certamenaltea.com\/va\/sociedad-musical-instructiva-santa-cecilia-cullera-valencia\/","title":{"rendered":"Sociedad Musical Instructiva Santa Cecilia Cullera (Val\u00e8ncia)"},"content":{"rendered":"<p style=\"text-align: center;\"><a href=\"http:\/\/certamenaltea.com\/wp-content\/uploads\/2023\/11\/Banda3-foto-banda-Sociedad-Musical-Instructiva-Santa-Cecilia-Cullera-Valencia.jpg\" target=\"_blank\" rel=\"noopener noreferrer\"><img loading=\"lazy\" decoding=\"async\" class=\"aligncenter wp-image-3453 size-large\" src=\"http:\/\/certamenaltea.com\/wp-content\/uploads\/2023\/11\/Banda3-foto-banda-Sociedad-Musical-Instructiva-Santa-Cecilia-Cullera-Valencia-1024x669.jpg\" alt=\"\" width=\"640\" height=\"418\" srcset=\"https:\/\/www.certamenaltea.com\/wp-content\/uploads\/2023\/11\/Banda3-foto-banda-Sociedad-Musical-Instructiva-Santa-Cecilia-Cullera-Valencia-1024x669.jpg 1024w, https:\/\/www.certamenaltea.com\/wp-content\/uploads\/2023\/11\/Banda3-foto-banda-Sociedad-Musical-Instructiva-Santa-Cecilia-Cullera-Valencia-300x196.jpg 300w, https:\/\/www.certamenaltea.com\/wp-content\/uploads\/2023\/11\/Banda3-foto-banda-Sociedad-Musical-Instructiva-Santa-Cecilia-Cullera-Valencia-768x502.jpg 768w, https:\/\/www.certamenaltea.com\/wp-content\/uploads\/2023\/11\/Banda3-foto-banda-Sociedad-Musical-Instructiva-Santa-Cecilia-Cullera-Valencia-1536x1003.jpg 1536w, https:\/\/www.certamenaltea.com\/wp-content\/uploads\/2023\/11\/Banda3-foto-banda-Sociedad-Musical-Instructiva-Santa-Cecilia-Cullera-Valencia-2048x1337.jpg 2048w\" sizes=\"(max-width: 640px) 100vw, 640px\" \/><\/a><\/p>\n\n\n<div style=\"height:50px\" aria-hidden=\"true\" class=\"wp-block-spacer\"><\/div>\n\n\n\n<p>La banda Santa Cec\u00edlia va ser fundada pel mestre Antonio Chornet Font en 1907 i la societat musical dos anys m\u00e9s tard, l&#8217;1 d&#8217;abril de 1909.<\/p>\n\n\n\n<p>El dia de Corpus de 1907 la banda ix al carrer per primera vegada amb 35 m\u00fasics uniformats i bandera, m\u00fasics que procedien de l&#8217;escola municipal de solfeig i d&#8217;altres bandes, oferint el seu primer concert comptant amb m\u00fasics experimentats gr\u00e0cies a la tradici\u00f3 musical de la ciutat des del segle XVIII.<\/p>\n\n\n\n<p>L&#8217;any 1925 acudeix al certamen de Val\u00e8ncia per primera vegada, i en 1933 al Certamen Internacional de Narbona (Fran\u00e7a) on obt\u00e9 tres primers premis. Despr\u00e9s de la guerra civil en 1949 es reorganitza la societat, es recupera la banda i es reprenen les competicions musicals en la Secci\u00f3 Especial del Certamen de Val\u00e8ncia. En els anys seg\u00fcents la banda alterna la seua pres\u00e8ncia en cert\u00e0mens amb altres actuacions i aix\u00ed per exemple en 1957 aconsegueix el Primer Premi del Certamen de Castell\u00f3.<\/p>\n\n\n\n<p>En 1975 aconsegueix el Primer Premi en la Secci\u00f3 Especial del Certamen de Val\u00e8ncia, i des de llavors s&#8217;obtenen m\u00e9s primers premis en el mateix entre els quals destaquen els aconseguits els anys 1984, 1989 i 1992 amb Menci\u00f3 d&#8217;Honor.<\/p>\n\n\n\n<p>En Kerkrade (Holanda) aconsegueix tamb\u00e9 primers premis els anys 1978 i 1981, en 1990 en el Certamen Internacional de Glasgow (Esc\u00f2cia) i en 1994 en el Certamen Nacional de Bandes de Requena.<\/p>\n\n\n\n<p>Aconsegueix tamb\u00e9 el Primer Premi en la Secci\u00f3 d&#8217;Honor del Certamen de Val\u00e8ncia en 1997 i 1999, i en els anys 2002 i 2004 amb Menci\u00f3 d&#8217;Honor. En 2007 aconsegueix de nou el Primer Premi, el Premi a la Millor Interpretaci\u00f3 d&#8217;un Compositor Valenci\u00e0 i el Premi a la Millor Banda de la Comunitat Valenciana, en 2011 el Segon Premi, en 2015 i 2018 de nou el Primer Premi amb Menci\u00f3 d&#8217;Honor, i aquest any 2023 el Primer Premi tamb\u00e9 amb Menci\u00f3 d&#8217;Honor en l&#8217;I Certamen de Bandes de la Diputaci\u00f3 de Val\u00e8ncia en la seua Secci\u00f3 Especial. El seu director \u00e9s des de 2014 Carlos Garc\u00e9s.<\/p>\n\n\n\n<div style=\"height:50px\" aria-hidden=\"true\" class=\"wp-block-spacer\"><\/div>\n\n\n\n<p><strong><strong><strong>Carlos Garc\u00e9s Fuentelsaz<\/strong><\/strong> &#8211; Director<\/strong><\/p>\n\n\n\n<div class=\"wp-block-image\"><figure class=\"alignleft size-medium\"><a href=\"http:\/\/certamenaltea.com\/wp-content\/uploads\/2023\/11\/Banda3-foto-director-Carlos-Garces-Fuentelsaz-scaled.jpg\" target=\"_blank\" rel=\"noopener noreferrer\"><img loading=\"lazy\" decoding=\"async\" width=\"200\" height=\"300\" src=\"http:\/\/certamenaltea.com\/wp-content\/uploads\/2023\/11\/Banda3-foto-director-Carlos-Garces-Fuentelsaz-200x300.jpg\" alt=\"\" class=\"wp-image-3454\" srcset=\"https:\/\/www.certamenaltea.com\/wp-content\/uploads\/2023\/11\/Banda3-foto-director-Carlos-Garces-Fuentelsaz-200x300.jpg 200w, https:\/\/www.certamenaltea.com\/wp-content\/uploads\/2023\/11\/Banda3-foto-director-Carlos-Garces-Fuentelsaz-683x1024.jpg 683w, https:\/\/www.certamenaltea.com\/wp-content\/uploads\/2023\/11\/Banda3-foto-director-Carlos-Garces-Fuentelsaz-768x1151.jpg 768w, https:\/\/www.certamenaltea.com\/wp-content\/uploads\/2023\/11\/Banda3-foto-director-Carlos-Garces-Fuentelsaz-1025x1536.jpg 1025w, https:\/\/www.certamenaltea.com\/wp-content\/uploads\/2023\/11\/Banda3-foto-director-Carlos-Garces-Fuentelsaz-1367x2048.jpg 1367w, https:\/\/www.certamenaltea.com\/wp-content\/uploads\/2023\/11\/Banda3-foto-director-Carlos-Garces-Fuentelsaz-scaled.jpg 1709w\" sizes=\"(max-width: 200px) 100vw, 200px\" \/><\/a><\/figure><\/div>\n\n\n\n<p>Guardonat com a millor director d&#8217;orquestra de l&#8217;any 2011 en &#8220;The Chinnart Awards Committee&#8221;, Carlos Garc\u00e9s ha dirigit entre altres l&#8217;Orquestra d&#8217;RTVE i l&#8217;Orquestra de Val\u00e8ncia, la banda &#8220;La Pamplonesa&#8221; i les bandes municipals de Mallorca, la Corunya i Santiago de Compostel\u00b7la.<\/p>\n\n\n\n<p>Natural de S\u00f2ria Carlos Garc\u00e9s estudia direcci\u00f3 orquestral en el MUSIKENE, i ha rebut classes de Od\u00f3n Alonso, Bernard Haitink, Benjamin Zander o Andr\u00e9s Orozco-Estrada entre altres mestres.<\/p>\n\n\n\n<p>Obt\u00e9 els primers premis en la Secci\u00f3 d&#8217;Honor amb la banda simf\u00f2nica de la S.M.I. Santa Cecilia de Cullera en el CIBM de Val\u00e8ncia de 2015 i 2018 i en l&#8217;I Certamen de Bandes de la Diputaci\u00f3 de Val\u00e8ncia aquest any 2023, i amb l&#8217;orquestra simf\u00f2nica d&#8217;aquesta societat en el Certamen d&#8217;Orquestres de la Comunitat Valenciana Bankia en 2017 i CaixaBank en 2022.<\/p>\n\n\n\n<p>En el camp l\u00edric ha dirigit produccions del Teatre de la Zarzuela, l&#8217;Orquestra Simf\u00f2nica de Bilbao i l&#8217;\u00d2pera de Rouen, i entre la seua discografia cal destacar la &#8220;Simfonia n\u00fam. 1 Nvmancia&#8221; de J. Vicent Egea amb l&#8217;Orquestra Lira Numantina, el &#8220;Monogr\u00e0fic de Rafael Talens&#8221; amb la Banda Simf\u00f2nica de la S.M.I. Santa Cecilia de Cullera, el &#8220;Symphonic Chrysalis&#8221; amb l&#8217;Oviedo Filarmon\u00eda i la banda sonora de \u201cBajo la piel de lobo\u201d juntament amb la OSPA. En l&#8217;actualitat \u00e9s tamb\u00e9 professor de m\u00fasica de la Universitat de Valladolid i de direcci\u00f3 de banda a Florida Universit\u00e0ria.<\/p>\n","protected":false},"excerpt":{"rendered":"<p>La banda Santa Cec\u00edlia va ser fundada pel mestre Antonio Chornet Font en 1907 i la societat musical dos anys m\u00e9s tard, l&#8217;1 d&#8217;abril de 1909. El dia de Corpus de 1907 la banda ix al carrer per primera vegada amb 35 m\u00fasics uniformats i bandera, m\u00fasics que procedien de l&#8217;escola municipal de solfeig i [&hellip;]<\/p>\n","protected":false},"author":1,"featured_media":3453,"parent":0,"menu_order":0,"comment_status":"closed","ping_status":"closed","template":"","meta":{"footnotes":""},"yoast_head":"<!-- This site is optimized with the Yoast SEO plugin v15.5 - https:\/\/yoast.com\/wordpress\/plugins\/seo\/ -->\n<title>Sociedad Musical Instructiva Santa Cecilia Cullera (Val\u00e8ncia) - Certamen Internacional de M\u00fasica Villa de Altea<\/title>\n<meta name=\"robots\" content=\"index, follow, max-snippet:-1, max-image-preview:large, max-video-preview:-1\" \/>\n<link rel=\"canonical\" href=\"https:\/\/www.certamenaltea.com\/va\/sociedad-musical-instructiva-santa-cecilia-cullera-valencia\/\" \/>\n<meta property=\"og:locale\" content=\"en_US\" \/>\n<meta property=\"og:type\" content=\"article\" \/>\n<meta property=\"og:title\" content=\"Sociedad Musical Instructiva Santa Cecilia Cullera (Val\u00e8ncia) - Certamen Internacional de M\u00fasica Villa de Altea\" \/>\n<meta property=\"og:description\" content=\"La banda Santa Cec\u00edlia va ser fundada pel mestre Antonio Chornet Font en 1907 i la societat musical dos anys m\u00e9s tard, l&#8217;1 d&#8217;abril de 1909. El dia de Corpus de 1907 la banda ix al carrer per primera vegada amb 35 m\u00fasics uniformats i bandera, m\u00fasics que procedien de l&#8217;escola municipal de solfeig i [&hellip;]\" \/>\n<meta property=\"og:url\" content=\"https:\/\/www.certamenaltea.com\/va\/sociedad-musical-instructiva-santa-cecilia-cullera-valencia\/\" \/>\n<meta property=\"og:site_name\" content=\"Certamen Internacional de M\u00fasica Villa de Altea\" \/>\n<meta property=\"article:modified_time\" content=\"2023-11-12T20:56:16+00:00\" \/>\n<meta property=\"og:image\" content=\"https:\/\/www.certamenaltea.com\/wp-content\/uploads\/2023\/11\/Banda3-foto-banda-Sociedad-Musical-Instructiva-Santa-Cecilia-Cullera-Valencia-1024x669.jpg\" \/>\n\t<meta property=\"og:image:width\" content=\"1024\" \/>\n\t<meta property=\"og:image:height\" content=\"669\" \/>\n<meta name=\"twitter:card\" content=\"summary_large_image\" \/>\n<meta name=\"twitter:label1\" content=\"Est. reading time\">\n\t<meta name=\"twitter:data1\" content=\"2 minutes\">\n<script type=\"application\/ld+json\" class=\"yoast-schema-graph\">{\"@context\":\"https:\/\/schema.org\",\"@graph\":[{\"@type\":\"Organization\",\"@id\":\"https:\/\/www.certamenaltea.com\/#organization\",\"name\":\"Sociedad Filarm\\u00f3nica Alteanense\",\"url\":\"https:\/\/www.certamenaltea.com\/\",\"sameAs\":[],\"logo\":{\"@type\":\"ImageObject\",\"@id\":\"https:\/\/www.certamenaltea.com\/#logo\",\"inLanguage\":\"va\",\"url\":\"https:\/\/www.certamenaltea.com\/wp-content\/uploads\/2020\/08\/LOGO-SFA-res-web.jpg\",\"width\":600,\"height\":350,\"caption\":\"Sociedad Filarm\\u00f3nica Alteanense\"},\"image\":{\"@id\":\"https:\/\/www.certamenaltea.com\/#logo\"}},{\"@type\":\"WebSite\",\"@id\":\"https:\/\/www.certamenaltea.com\/#website\",\"url\":\"https:\/\/www.certamenaltea.com\/\",\"name\":\"Certamen Internacional de M\\u00fasica Villa de Altea\",\"description\":\"\",\"publisher\":{\"@id\":\"https:\/\/www.certamenaltea.com\/#organization\"},\"potentialAction\":[{\"@type\":\"SearchAction\",\"target\":\"https:\/\/www.certamenaltea.com\/?s={search_term_string}\",\"query-input\":\"required name=search_term_string\"}],\"inLanguage\":\"va\"},{\"@type\":\"ImageObject\",\"@id\":\"https:\/\/www.certamenaltea.com\/va\/sociedad-musical-instructiva-santa-cecilia-cullera-valencia\/#primaryimage\",\"inLanguage\":\"va\",\"url\":\"https:\/\/www.certamenaltea.com\/wp-content\/uploads\/2023\/11\/Banda3-foto-banda-Sociedad-Musical-Instructiva-Santa-Cecilia-Cullera-Valencia.jpg\",\"width\":2222,\"height\":1451},{\"@type\":\"WebPage\",\"@id\":\"https:\/\/www.certamenaltea.com\/va\/sociedad-musical-instructiva-santa-cecilia-cullera-valencia\/#webpage\",\"url\":\"https:\/\/www.certamenaltea.com\/va\/sociedad-musical-instructiva-santa-cecilia-cullera-valencia\/\",\"name\":\"Sociedad Musical Instructiva Santa Cecilia Cullera (Val\\u00e8ncia) - Certamen Internacional de M\\u00fasica Villa de Altea\",\"isPartOf\":{\"@id\":\"https:\/\/www.certamenaltea.com\/#website\"},\"primaryImageOfPage\":{\"@id\":\"https:\/\/www.certamenaltea.com\/va\/sociedad-musical-instructiva-santa-cecilia-cullera-valencia\/#primaryimage\"},\"datePublished\":\"2023-11-12T20:46:39+00:00\",\"dateModified\":\"2023-11-12T20:56:16+00:00\",\"inLanguage\":\"va\",\"potentialAction\":[{\"@type\":\"ReadAction\",\"target\":[\"https:\/\/www.certamenaltea.com\/va\/sociedad-musical-instructiva-santa-cecilia-cullera-valencia\/\"]}]}]}<\/script>\n<!-- \/ Yoast SEO plugin. -->","_links":{"self":[{"href":"https:\/\/www.certamenaltea.com\/va\/wp-json\/wp\/v2\/pages\/3456"}],"collection":[{"href":"https:\/\/www.certamenaltea.com\/va\/wp-json\/wp\/v2\/pages"}],"about":[{"href":"https:\/\/www.certamenaltea.com\/va\/wp-json\/wp\/v2\/types\/page"}],"author":[{"embeddable":true,"href":"https:\/\/www.certamenaltea.com\/va\/wp-json\/wp\/v2\/users\/1"}],"replies":[{"embeddable":true,"href":"https:\/\/www.certamenaltea.com\/va\/wp-json\/wp\/v2\/comments?post=3456"}],"version-history":[{"count":3,"href":"https:\/\/www.certamenaltea.com\/va\/wp-json\/wp\/v2\/pages\/3456\/revisions"}],"predecessor-version":[{"id":3465,"href":"https:\/\/www.certamenaltea.com\/va\/wp-json\/wp\/v2\/pages\/3456\/revisions\/3465"}],"wp:featuredmedia":[{"embeddable":true,"href":"https:\/\/www.certamenaltea.com\/va\/wp-json\/wp\/v2\/media\/3453"}],"wp:attachment":[{"href":"https:\/\/www.certamenaltea.com\/va\/wp-json\/wp\/v2\/media?parent=3456"}],"curies":[{"name":"wp","href":"https:\/\/api.w.org\/{rel}","templated":true}]}}