{"id":3518,"date":"2023-12-01T15:40:21","date_gmt":"2023-12-01T15:40:21","guid":{"rendered":"http:\/\/certamenaltea.com\/annette-schlunz-presidenta-del-jurado\/"},"modified":"2023-12-01T15:45:21","modified_gmt":"2023-12-01T15:45:21","slug":"annette-schlunz-presidenta-del-jurado","status":"publish","type":"page","link":"https:\/\/www.certamenaltea.com\/va\/annette-schlunz-presidenta-del-jurado\/","title":{"rendered":"Annette Schl\u00fcnz &#8211; Presidenta del Jurat"},"content":{"rendered":"\n<p><\/p>\n\n\n\n<div class=\"wp-block-image\"><figure class=\"alignright size-large is-resized\"><a href=\"http:\/\/certamenaltea.com\/wp-content\/uploads\/2023\/12\/Jurado1-Annette-Schlunz-scaled.jpg\" target=\"_blank\" rel=\"noopener noreferrer\"><img loading=\"lazy\" decoding=\"async\" src=\"http:\/\/certamenaltea.com\/wp-content\/uploads\/2023\/12\/Jurado1-Annette-Schlunz-1024x683.jpg\" alt=\"\" class=\"wp-image-3515\" width=\"372\" height=\"248\" srcset=\"https:\/\/www.certamenaltea.com\/wp-content\/uploads\/2023\/12\/Jurado1-Annette-Schlunz-1024x683.jpg 1024w, https:\/\/www.certamenaltea.com\/wp-content\/uploads\/2023\/12\/Jurado1-Annette-Schlunz-300x200.jpg 300w, https:\/\/www.certamenaltea.com\/wp-content\/uploads\/2023\/12\/Jurado1-Annette-Schlunz-768x512.jpg 768w, https:\/\/www.certamenaltea.com\/wp-content\/uploads\/2023\/12\/Jurado1-Annette-Schlunz-1536x1024.jpg 1536w, https:\/\/www.certamenaltea.com\/wp-content\/uploads\/2023\/12\/Jurado1-Annette-Schlunz-2048x1365.jpg 2048w, https:\/\/www.certamenaltea.com\/wp-content\/uploads\/2023\/12\/Jurado1-Annette-Schlunz-272x182.jpg 272w\" sizes=\"(max-width: 372px) 100vw, 372px\" \/><\/a><\/figure><\/div>\n\n\n\n<p>Nascuda el 1964 a Dessau (Alemanya), treballa com a compositora independent al sud d&#8217;Alemanya i Fran\u00e7a.<\/p>\n\n\n\n<p>Estudia composici\u00f3, piano i direcci\u00f3 a la Hochschulef\u00fcr Musik Dresden (Udo Zimmermann) ia l&#8217;Acad\u00e8mia de les Arts de Berl\u00edn fins al 1991 (Paul-Heinz Dittrich). Posteriorment treballa com a assessora art\u00edstica per al festival de m\u00fasica contempor\u00e0nia de Dresden fins al 2006.<\/p>\n\n\n\n<p>Les seves obres han estat interpretades a tot el m\u00f3n. Escriu m\u00fasica de cambra i orquestra, cinc \u00f2peres, m\u00fasica electr\u00f2nica i fa algunes actuacions amb piano i projeccions. La seva \u00faltima \u00f2pera Trevolti (enc\u00e0rrec de SWR i la fundaci\u00f3 Siemens) va ser creada al Schwetzinger Festspiele 2017.<\/p>\n\n\n\n<p>Imparteix classes magistrals de composici\u00f3 a diferents pa\u00efsos europeus, Vietnam, Am\u00e8rica del Nord i del Sud i \u00e9s directora del Campus de composici\u00f3 durant el Festival Impuls Sax\u00f2nia Anhalt des del 2015.<\/p>\n\n\n\n<p>\u00c9s professora de composici\u00f3 a l&#8217;Acad\u00e8mia \u2013 Conservatori d&#8217;Estrasburg des del 2013, on tamb\u00e9 organitza tallers de composici\u00f3 per a joves compositors. Tamb\u00e9 forma part de l&#8217;equip de professors de la \u201cKomponisten klasse Dresden\u201d.<\/p>\n\n\n\n<p>Ha estat membre del jurat a diversos concursos internacionals de composici\u00f3. A m\u00e9s, entre les seves distincions hi ha el Hanns-Eisler-Preis (1990), el Heidelberger K\u00fcnstlerinnen-Preis (1998), tamb\u00e9 ha rebut beques per a l&#8217;Acad\u00e8mia Alemanya Villa Massimo a Roma (1999), l&#8217;Acad\u00e8mia Schloss Solitude a Stuttgart (2000), l&#8217;estudi d&#8217;electr\u00f2nica GRAME a Li\u00f3, la Resid\u00e8ncia Art\u00edstica Schreyahn a Alemanya el 2006 i 2017 i el Centre tedesco di studiveneziani el 2014.<\/p>\n\n\n\n<p>Pertany a l&#8217;Acad\u00e8mia de les Arts de Dresden (des de 2010), Hamburg (des de 2011), Berl\u00edn (des de 2021), el consell assessor art\u00edstic HEAR a Estrasburg \u2013 Mulhouse (2014-17) i des de 2021 de la Hochschulef\u00fcr.<\/p>\n\n\n\n<p><\/p>\n","protected":false},"excerpt":{"rendered":"<p>Nascuda el 1964 a Dessau (Alemanya), treballa com a compositora independent al sud d&#8217;Alemanya i Fran\u00e7a. Estudia composici\u00f3, piano i direcci\u00f3 a la Hochschulef\u00fcr Musik Dresden (Udo Zimmermann) ia l&#8217;Acad\u00e8mia de les Arts de Berl\u00edn fins al 1991 (Paul-Heinz Dittrich). Posteriorment treballa com a assessora art\u00edstica per al festival de m\u00fasica contempor\u00e0nia de Dresden fins [&hellip;]<\/p>\n","protected":false},"author":1,"featured_media":3515,"parent":0,"menu_order":0,"comment_status":"closed","ping_status":"closed","template":"","meta":{"footnotes":""},"yoast_head":"<!-- This site is optimized with the Yoast SEO plugin v15.5 - https:\/\/yoast.com\/wordpress\/plugins\/seo\/ -->\n<title>Annette Schl\u00fcnz - Presidenta del Jurat - Certamen Internacional de M\u00fasica Villa de Altea<\/title>\n<meta name=\"robots\" content=\"index, follow, max-snippet:-1, max-image-preview:large, max-video-preview:-1\" \/>\n<link rel=\"canonical\" href=\"https:\/\/www.certamenaltea.com\/va\/annette-schlunz-presidenta-del-jurado\/\" \/>\n<meta property=\"og:locale\" content=\"en_US\" \/>\n<meta property=\"og:type\" content=\"article\" \/>\n<meta property=\"og:title\" content=\"Annette Schl\u00fcnz - Presidenta del Jurat - Certamen Internacional de M\u00fasica Villa de Altea\" \/>\n<meta property=\"og:description\" content=\"Nascuda el 1964 a Dessau (Alemanya), treballa com a compositora independent al sud d&#8217;Alemanya i Fran\u00e7a. Estudia composici\u00f3, piano i direcci\u00f3 a la Hochschulef\u00fcr Musik Dresden (Udo Zimmermann) ia l&#8217;Acad\u00e8mia de les Arts de Berl\u00edn fins al 1991 (Paul-Heinz Dittrich). Posteriorment treballa com a assessora art\u00edstica per al festival de m\u00fasica contempor\u00e0nia de Dresden fins [&hellip;]\" \/>\n<meta property=\"og:url\" content=\"https:\/\/www.certamenaltea.com\/va\/annette-schlunz-presidenta-del-jurado\/\" \/>\n<meta property=\"og:site_name\" content=\"Certamen Internacional de M\u00fasica Villa de Altea\" \/>\n<meta property=\"article:modified_time\" content=\"2023-12-01T15:45:21+00:00\" \/>\n<meta property=\"og:image\" content=\"https:\/\/www.certamenaltea.com\/wp-content\/uploads\/2023\/12\/Jurado1-Annette-Schlunz-scaled.jpg\" \/>\n\t<meta property=\"og:image:width\" content=\"2560\" \/>\n\t<meta property=\"og:image:height\" content=\"1707\" \/>\n<meta name=\"twitter:card\" content=\"summary_large_image\" \/>\n<meta name=\"twitter:label1\" content=\"Est. reading time\">\n\t<meta name=\"twitter:data1\" content=\"1 minute\">\n<script type=\"application\/ld+json\" class=\"yoast-schema-graph\">{\"@context\":\"https:\/\/schema.org\",\"@graph\":[{\"@type\":\"Organization\",\"@id\":\"https:\/\/www.certamenaltea.com\/#organization\",\"name\":\"Sociedad Filarm\\u00f3nica Alteanense\",\"url\":\"https:\/\/www.certamenaltea.com\/\",\"sameAs\":[],\"logo\":{\"@type\":\"ImageObject\",\"@id\":\"https:\/\/www.certamenaltea.com\/#logo\",\"inLanguage\":\"va\",\"url\":\"https:\/\/www.certamenaltea.com\/wp-content\/uploads\/2020\/08\/LOGO-SFA-res-web.jpg\",\"width\":600,\"height\":350,\"caption\":\"Sociedad Filarm\\u00f3nica Alteanense\"},\"image\":{\"@id\":\"https:\/\/www.certamenaltea.com\/#logo\"}},{\"@type\":\"WebSite\",\"@id\":\"https:\/\/www.certamenaltea.com\/#website\",\"url\":\"https:\/\/www.certamenaltea.com\/\",\"name\":\"Certamen Internacional de M\\u00fasica Villa de Altea\",\"description\":\"\",\"publisher\":{\"@id\":\"https:\/\/www.certamenaltea.com\/#organization\"},\"potentialAction\":[{\"@type\":\"SearchAction\",\"target\":\"https:\/\/www.certamenaltea.com\/?s={search_term_string}\",\"query-input\":\"required name=search_term_string\"}],\"inLanguage\":\"va\"},{\"@type\":\"ImageObject\",\"@id\":\"https:\/\/www.certamenaltea.com\/va\/annette-schlunz-presidenta-del-jurado\/#primaryimage\",\"inLanguage\":\"va\",\"url\":\"https:\/\/www.certamenaltea.com\/wp-content\/uploads\/2023\/12\/Jurado1-Annette-Schlunz-scaled.jpg\",\"width\":2560,\"height\":1707},{\"@type\":\"WebPage\",\"@id\":\"https:\/\/www.certamenaltea.com\/va\/annette-schlunz-presidenta-del-jurado\/#webpage\",\"url\":\"https:\/\/www.certamenaltea.com\/va\/annette-schlunz-presidenta-del-jurado\/\",\"name\":\"Annette Schl\\u00fcnz - Presidenta del Jurat - Certamen Internacional de M\\u00fasica Villa de Altea\",\"isPartOf\":{\"@id\":\"https:\/\/www.certamenaltea.com\/#website\"},\"primaryImageOfPage\":{\"@id\":\"https:\/\/www.certamenaltea.com\/va\/annette-schlunz-presidenta-del-jurado\/#primaryimage\"},\"datePublished\":\"2023-12-01T15:40:21+00:00\",\"dateModified\":\"2023-12-01T15:45:21+00:00\",\"inLanguage\":\"va\",\"potentialAction\":[{\"@type\":\"ReadAction\",\"target\":[\"https:\/\/www.certamenaltea.com\/va\/annette-schlunz-presidenta-del-jurado\/\"]}]}]}<\/script>\n<!-- \/ Yoast SEO plugin. -->","_links":{"self":[{"href":"https:\/\/www.certamenaltea.com\/va\/wp-json\/wp\/v2\/pages\/3518"}],"collection":[{"href":"https:\/\/www.certamenaltea.com\/va\/wp-json\/wp\/v2\/pages"}],"about":[{"href":"https:\/\/www.certamenaltea.com\/va\/wp-json\/wp\/v2\/types\/page"}],"author":[{"embeddable":true,"href":"https:\/\/www.certamenaltea.com\/va\/wp-json\/wp\/v2\/users\/1"}],"replies":[{"embeddable":true,"href":"https:\/\/www.certamenaltea.com\/va\/wp-json\/wp\/v2\/comments?post=3518"}],"version-history":[{"count":3,"href":"https:\/\/www.certamenaltea.com\/va\/wp-json\/wp\/v2\/pages\/3518\/revisions"}],"predecessor-version":[{"id":3524,"href":"https:\/\/www.certamenaltea.com\/va\/wp-json\/wp\/v2\/pages\/3518\/revisions\/3524"}],"wp:featuredmedia":[{"embeddable":true,"href":"https:\/\/www.certamenaltea.com\/va\/wp-json\/wp\/v2\/media\/3515"}],"wp:attachment":[{"href":"https:\/\/www.certamenaltea.com\/va\/wp-json\/wp\/v2\/media?parent=3518"}],"curies":[{"name":"wp","href":"https:\/\/api.w.org\/{rel}","templated":true}]}}