{"id":3525,"date":"2023-12-01T15:49:57","date_gmt":"2023-12-01T15:49:57","guid":{"rendered":"http:\/\/certamenaltea.com\/?page_id=3525"},"modified":"2023-12-01T15:52:05","modified_gmt":"2023-12-01T15:52:05","slug":"susan-campos-fonseca-vocal","status":"publish","type":"page","link":"https:\/\/www.certamenaltea.com\/va\/susan-campos-fonseca-vocal\/","title":{"rendered":"Susan Campos Fonseca &#8211; Vocal"},"content":{"rendered":"\n<div class=\"wp-block-image\"><figure class=\"alignright size-large is-resized\"><a href=\"http:\/\/certamenaltea.com\/wp-content\/uploads\/2023\/12\/Jurado2-Susan-Campos-scaled.jpg\" target=\"_blank\" rel=\"noopener noreferrer\"><img loading=\"lazy\" decoding=\"async\" src=\"http:\/\/certamenaltea.com\/wp-content\/uploads\/2023\/12\/Jurado2-Susan-Campos-1024x576.jpg\" alt=\"\" class=\"wp-image-3526\" width=\"379\" height=\"212\" srcset=\"https:\/\/www.certamenaltea.com\/wp-content\/uploads\/2023\/12\/Jurado2-Susan-Campos-1024x576.jpg 1024w, https:\/\/www.certamenaltea.com\/wp-content\/uploads\/2023\/12\/Jurado2-Susan-Campos-300x169.jpg 300w, https:\/\/www.certamenaltea.com\/wp-content\/uploads\/2023\/12\/Jurado2-Susan-Campos-768x432.jpg 768w, https:\/\/www.certamenaltea.com\/wp-content\/uploads\/2023\/12\/Jurado2-Susan-Campos-1536x864.jpg 1536w, https:\/\/www.certamenaltea.com\/wp-content\/uploads\/2023\/12\/Jurado2-Susan-Campos-2048x1152.jpg 2048w\" sizes=\"(max-width: 379px) 100vw, 379px\" \/><\/a><\/figure><\/div>\n\n\n\n<p>Doctora en M\u00fasica, M\u00e0ster en pensament espanyol i iberoameric\u00e0 per la Universitat Aut\u00f2noma de Madrid &#8211; UAM, i Llicenciada en direcci\u00f3 musical per la Universitat de Costa Rica (UCR), Campos-Fonseca es destaca com a professora i investigadora especialista en musicologia, estudis s\u00f2nics, filosofia de la cultura i la tecnologia. La seua est\u00e8tica com a improvisadora-compositora i multi-instrumentista inclou la m\u00fasica electroac\u00fastica, la m\u00fasica concreta instrumental, l&#8217;espacialisme i el post-minimalisme. Premi de Musicologia Casa de les Am\u00e8riques 2012, actualment \u00e9s professora d&#8217;Hist\u00f2ria de la m\u00fasica i T\u00e8cniques d&#8217;investigaci\u00f3 en el Departament de Te\u00f2rics i Composici\u00f3 de l&#8217;Escola d&#8217;Arts Musicals de la UCR, on tamb\u00e9 coordina l&#8217;Arxiu Hist\u00f2ric Musical; \u00e9s investigadora especialista en Ci\u00e8ncia, Tecnologia i Arts del Grup d&#8217;Enginyeria Aeroespacial (GIA-UCR) i de l&#8217;Institut d&#8217;Investigacions en Art (IIARTE). Professora convidada del Programa de Mestratge i Doctorat en M\u00fasica de la Universitat Nacional Aut\u00f2noma de M\u00e8xic (UNAM), i del M\u00e0ster en t\u00e8cnica i biomec\u00e0nica pian\u00edstica de l&#8217;Escola Superior de M\u00fasica d&#8217;Alt Rendiments (ESMAR) a Val\u00e8ncia, Espanya. Susan Campos-Fonseca \u00e9s artista del segell discogr\u00e0fic Irreverence Group Music, i de l&#8217;editorial Nova York Poetry Press, tots dos amb seu a la ciutat de Nova York, els Estats Units.<\/p>\n\n\n\n<p><strong>Web Oficial:<\/strong>\u00a0<a href=\"https:\/\/www.susancamposfonseca.net\/\" target=\"_blank\" rel=\"noreferrer noopener\">https:\/\/www.susancamposfonseca.net\/<\/a>\u00a0<\/p>\n","protected":false},"excerpt":{"rendered":"<p>Doctora en M\u00fasica, M\u00e0ster en pensament espanyol i iberoameric\u00e0 per la Universitat Aut\u00f2noma de Madrid &#8211; UAM, i Llicenciada en direcci\u00f3 musical per la Universitat de Costa Rica (UCR), Campos-Fonseca es destaca com a professora i investigadora especialista en musicologia, estudis s\u00f2nics, filosofia de la cultura i la tecnologia. La seua est\u00e8tica com a improvisadora-compositora [&hellip;]<\/p>\n","protected":false},"author":1,"featured_media":3526,"parent":0,"menu_order":0,"comment_status":"closed","ping_status":"closed","template":"","meta":{"footnotes":""},"yoast_head":"<!-- This site is optimized with the Yoast SEO plugin v15.5 - https:\/\/yoast.com\/wordpress\/plugins\/seo\/ -->\n<title>Susan Campos Fonseca - Vocal - Certamen Internacional de M\u00fasica Villa de Altea<\/title>\n<meta name=\"robots\" content=\"index, follow, max-snippet:-1, max-image-preview:large, max-video-preview:-1\" \/>\n<link rel=\"canonical\" href=\"https:\/\/www.certamenaltea.com\/va\/susan-campos-fonseca-vocal\/\" \/>\n<meta property=\"og:locale\" content=\"en_US\" \/>\n<meta property=\"og:type\" content=\"article\" \/>\n<meta property=\"og:title\" content=\"Susan Campos Fonseca - Vocal - Certamen Internacional de M\u00fasica Villa de Altea\" \/>\n<meta property=\"og:description\" content=\"Doctora en M\u00fasica, M\u00e0ster en pensament espanyol i iberoameric\u00e0 per la Universitat Aut\u00f2noma de Madrid &#8211; UAM, i Llicenciada en direcci\u00f3 musical per la Universitat de Costa Rica (UCR), Campos-Fonseca es destaca com a professora i investigadora especialista en musicologia, estudis s\u00f2nics, filosofia de la cultura i la tecnologia. La seua est\u00e8tica com a improvisadora-compositora [&hellip;]\" \/>\n<meta property=\"og:url\" content=\"https:\/\/www.certamenaltea.com\/va\/susan-campos-fonseca-vocal\/\" \/>\n<meta property=\"og:site_name\" content=\"Certamen Internacional de M\u00fasica Villa de Altea\" \/>\n<meta property=\"article:modified_time\" content=\"2023-12-01T15:52:05+00:00\" \/>\n<meta property=\"og:image\" content=\"https:\/\/www.certamenaltea.com\/wp-content\/uploads\/2023\/12\/Jurado2-Susan-Campos-scaled.jpg\" \/>\n\t<meta property=\"og:image:width\" content=\"2560\" \/>\n\t<meta property=\"og:image:height\" content=\"1440\" \/>\n<meta name=\"twitter:card\" content=\"summary_large_image\" \/>\n<meta name=\"twitter:label1\" content=\"Est. reading time\">\n\t<meta name=\"twitter:data1\" content=\"1 minute\">\n<script type=\"application\/ld+json\" class=\"yoast-schema-graph\">{\"@context\":\"https:\/\/schema.org\",\"@graph\":[{\"@type\":\"Organization\",\"@id\":\"https:\/\/www.certamenaltea.com\/#organization\",\"name\":\"Sociedad Filarm\\u00f3nica Alteanense\",\"url\":\"https:\/\/www.certamenaltea.com\/\",\"sameAs\":[],\"logo\":{\"@type\":\"ImageObject\",\"@id\":\"https:\/\/www.certamenaltea.com\/#logo\",\"inLanguage\":\"va\",\"url\":\"https:\/\/www.certamenaltea.com\/wp-content\/uploads\/2020\/08\/LOGO-SFA-res-web.jpg\",\"width\":600,\"height\":350,\"caption\":\"Sociedad Filarm\\u00f3nica Alteanense\"},\"image\":{\"@id\":\"https:\/\/www.certamenaltea.com\/#logo\"}},{\"@type\":\"WebSite\",\"@id\":\"https:\/\/www.certamenaltea.com\/#website\",\"url\":\"https:\/\/www.certamenaltea.com\/\",\"name\":\"Certamen Internacional de M\\u00fasica Villa de Altea\",\"description\":\"\",\"publisher\":{\"@id\":\"https:\/\/www.certamenaltea.com\/#organization\"},\"potentialAction\":[{\"@type\":\"SearchAction\",\"target\":\"https:\/\/www.certamenaltea.com\/?s={search_term_string}\",\"query-input\":\"required name=search_term_string\"}],\"inLanguage\":\"va\"},{\"@type\":\"ImageObject\",\"@id\":\"https:\/\/www.certamenaltea.com\/va\/susan-campos-fonseca-vocal\/#primaryimage\",\"inLanguage\":\"va\",\"url\":\"https:\/\/www.certamenaltea.com\/wp-content\/uploads\/2023\/12\/Jurado2-Susan-Campos-scaled.jpg\",\"width\":2560,\"height\":1440},{\"@type\":\"WebPage\",\"@id\":\"https:\/\/www.certamenaltea.com\/va\/susan-campos-fonseca-vocal\/#webpage\",\"url\":\"https:\/\/www.certamenaltea.com\/va\/susan-campos-fonseca-vocal\/\",\"name\":\"Susan Campos Fonseca - Vocal - Certamen Internacional de M\\u00fasica Villa de Altea\",\"isPartOf\":{\"@id\":\"https:\/\/www.certamenaltea.com\/#website\"},\"primaryImageOfPage\":{\"@id\":\"https:\/\/www.certamenaltea.com\/va\/susan-campos-fonseca-vocal\/#primaryimage\"},\"datePublished\":\"2023-12-01T15:49:57+00:00\",\"dateModified\":\"2023-12-01T15:52:05+00:00\",\"inLanguage\":\"va\",\"potentialAction\":[{\"@type\":\"ReadAction\",\"target\":[\"https:\/\/www.certamenaltea.com\/va\/susan-campos-fonseca-vocal\/\"]}]}]}<\/script>\n<!-- \/ Yoast SEO plugin. -->","_links":{"self":[{"href":"https:\/\/www.certamenaltea.com\/va\/wp-json\/wp\/v2\/pages\/3525"}],"collection":[{"href":"https:\/\/www.certamenaltea.com\/va\/wp-json\/wp\/v2\/pages"}],"about":[{"href":"https:\/\/www.certamenaltea.com\/va\/wp-json\/wp\/v2\/types\/page"}],"author":[{"embeddable":true,"href":"https:\/\/www.certamenaltea.com\/va\/wp-json\/wp\/v2\/users\/1"}],"replies":[{"embeddable":true,"href":"https:\/\/www.certamenaltea.com\/va\/wp-json\/wp\/v2\/comments?post=3525"}],"version-history":[{"count":2,"href":"https:\/\/www.certamenaltea.com\/va\/wp-json\/wp\/v2\/pages\/3525\/revisions"}],"predecessor-version":[{"id":3531,"href":"https:\/\/www.certamenaltea.com\/va\/wp-json\/wp\/v2\/pages\/3525\/revisions\/3531"}],"wp:featuredmedia":[{"embeddable":true,"href":"https:\/\/www.certamenaltea.com\/va\/wp-json\/wp\/v2\/media\/3526"}],"wp:attachment":[{"href":"https:\/\/www.certamenaltea.com\/va\/wp-json\/wp\/v2\/media?parent=3525"}],"curies":[{"name":"wp","href":"https:\/\/api.w.org\/{rel}","templated":true}]}}