{"id":3532,"date":"2023-12-01T15:54:00","date_gmt":"2023-12-01T15:54:00","guid":{"rendered":"http:\/\/certamenaltea.com\/?page_id=3532"},"modified":"2023-12-01T15:55:50","modified_gmt":"2023-12-01T15:55:50","slug":"juan-miguel-romero-llopis-vocal","status":"publish","type":"page","link":"https:\/\/www.certamenaltea.com\/va\/juan-miguel-romero-llopis-vocal\/","title":{"rendered":"Juan Miguel Romero Llopis &#8211; Vocal"},"content":{"rendered":"\n<p><\/p>\n\n\n\n<div class=\"wp-block-image\"><figure class=\"alignright size-large is-resized\"><a href=\"http:\/\/certamenaltea.com\/wp-content\/uploads\/2023\/12\/Jurado3-Juan-Miguel-Romero-Llopis.jpg\" target=\"_blank\" rel=\"noopener noreferrer\"><img loading=\"lazy\" decoding=\"async\" src=\"http:\/\/certamenaltea.com\/wp-content\/uploads\/2023\/12\/Jurado3-Juan-Miguel-Romero-Llopis.jpg\" alt=\"\" class=\"wp-image-3533\" width=\"382\" height=\"254\" srcset=\"https:\/\/www.certamenaltea.com\/wp-content\/uploads\/2023\/12\/Jurado3-Juan-Miguel-Romero-Llopis.jpg 960w, https:\/\/www.certamenaltea.com\/wp-content\/uploads\/2023\/12\/Jurado3-Juan-Miguel-Romero-Llopis-300x200.jpg 300w, https:\/\/www.certamenaltea.com\/wp-content\/uploads\/2023\/12\/Jurado3-Juan-Miguel-Romero-Llopis-768x512.jpg 768w, https:\/\/www.certamenaltea.com\/wp-content\/uploads\/2023\/12\/Jurado3-Juan-Miguel-Romero-Llopis-272x182.jpg 272w\" sizes=\"(max-width: 382px) 100vw, 382px\" \/><\/a><\/figure><\/div>\n\n\n\n<p>Natural de Montfort (Alacant), es forma en els conservatoris d&#8217;Alacant i M\u00farcia on obt\u00e9 els t\u00edtols superiors de clarinet i direcci\u00f3 d&#8217;orquestra amb matr\u00edcula d&#8217;honor en totes dues especialitats, paral\u00b7lelament es diploma en educaci\u00f3musical per la Universitat d&#8217;Alacant.<\/p>\n\n\n\n<p>Ha sigut director titular de la Banda Musical &#8220;La Lira&#8221; de Montfort, l&#8217;Agrupaci\u00f3 Musical &#8220;Santa Cec\u00edlia&#8221; de Castalla, Orquestra Simf\u00f2nica de Sant Vicent del Raspeig, Banda Municipal de Santiago de Compostel\u00b7la, Banda Municipal de Palma<\/p>\n\n\n\n<p>i la Banda Simf\u00f2nica de la Uni\u00f3 Musical d&#8217;Almorad\u00ed. Com a director convidat ha dirigit, la Banda de Lal\u00edn (Pontevedra), la Banda Municipal de Vit\u00f2ria, Banda Municipal de la Corunya, Banda de M\u00fasica de Pontevedra, Banda Municipal d&#8217;Albacete,la Orquestra &#8220;Ciutat de Novelda&#8221;, Orquestra Simf\u00f2nica de M\u00farcia i Orquestra Filharm\u00f3nica Cidade de Pontevedra.<\/p>\n\n\n\n<p>El 2010 accedeix a la pla\u00e7a de director assistent de la Banda Municipal de Barcelona durant cinc temporades i amb la qual mant\u00e9 una relaci\u00f3 ass\u00eddua. Ha sigut catedr\u00e0tic de Direcci\u00f3 d&#8217;Orquestra en el Conservatori Superior de M\u00fasica &#8220;Manuel Massotti Littel&#8221; de M\u00farcia. Ha format part com a jurat en cert\u00e0mens d&#8217;interpretaci\u00f3 i de composici\u00f3 de m\u00fasica per a banda, aix\u00ed com de professor convidat en trobades orquestrals de vent i percussi\u00f3 per a conservatoris com el Conservatori Superior de les Illes Balears o el Centre Superior d&#8217;Estudis Musicals MUSIKENE (Pa\u00eds Basc).<\/p>\n\n\n\n<p>En l&#8217;actualitat compagina la seua activitat com a director convidat amb la titularitat art\u00edstica i t\u00e8cnica de la Banda Municipal de la Corunya.<\/p>\n\n\n\n<p><\/p>\n","protected":false},"excerpt":{"rendered":"<p>Natural de Montfort (Alacant), es forma en els conservatoris d&#8217;Alacant i M\u00farcia on obt\u00e9 els t\u00edtols superiors de clarinet i direcci\u00f3 d&#8217;orquestra amb matr\u00edcula d&#8217;honor en totes dues especialitats, paral\u00b7lelament es diploma en educaci\u00f3musical per la Universitat d&#8217;Alacant. Ha sigut director titular de la Banda Musical &#8220;La Lira&#8221; de Montfort, l&#8217;Agrupaci\u00f3 Musical &#8220;Santa Cec\u00edlia&#8221; de [&hellip;]<\/p>\n","protected":false},"author":1,"featured_media":3533,"parent":0,"menu_order":0,"comment_status":"closed","ping_status":"closed","template":"","meta":{"footnotes":""},"yoast_head":"<!-- This site is optimized with the Yoast SEO plugin v15.5 - https:\/\/yoast.com\/wordpress\/plugins\/seo\/ -->\n<title>Juan Miguel Romero Llopis - Vocal - Certamen Internacional de M\u00fasica Villa de Altea<\/title>\n<meta name=\"robots\" content=\"index, follow, max-snippet:-1, max-image-preview:large, max-video-preview:-1\" \/>\n<link rel=\"canonical\" href=\"https:\/\/www.certamenaltea.com\/va\/juan-miguel-romero-llopis-vocal\/\" \/>\n<meta property=\"og:locale\" content=\"en_US\" \/>\n<meta property=\"og:type\" content=\"article\" \/>\n<meta property=\"og:title\" content=\"Juan Miguel Romero Llopis - Vocal - Certamen Internacional de M\u00fasica Villa de Altea\" \/>\n<meta property=\"og:description\" content=\"Natural de Montfort (Alacant), es forma en els conservatoris d&#8217;Alacant i M\u00farcia on obt\u00e9 els t\u00edtols superiors de clarinet i direcci\u00f3 d&#8217;orquestra amb matr\u00edcula d&#8217;honor en totes dues especialitats, paral\u00b7lelament es diploma en educaci\u00f3musical per la Universitat d&#8217;Alacant. Ha sigut director titular de la Banda Musical &#8220;La Lira&#8221; de Montfort, l&#8217;Agrupaci\u00f3 Musical &#8220;Santa Cec\u00edlia&#8221; de [&hellip;]\" \/>\n<meta property=\"og:url\" content=\"https:\/\/www.certamenaltea.com\/va\/juan-miguel-romero-llopis-vocal\/\" \/>\n<meta property=\"og:site_name\" content=\"Certamen Internacional de M\u00fasica Villa de Altea\" \/>\n<meta property=\"article:modified_time\" content=\"2023-12-01T15:55:50+00:00\" \/>\n<meta property=\"og:image\" content=\"https:\/\/www.certamenaltea.com\/wp-content\/uploads\/2023\/12\/Jurado3-Juan-Miguel-Romero-Llopis.jpg\" \/>\n\t<meta property=\"og:image:width\" content=\"960\" \/>\n\t<meta property=\"og:image:height\" content=\"640\" \/>\n<meta name=\"twitter:card\" content=\"summary_large_image\" \/>\n<meta name=\"twitter:label1\" content=\"Est. reading time\">\n\t<meta name=\"twitter:data1\" content=\"1 minute\">\n<script type=\"application\/ld+json\" class=\"yoast-schema-graph\">{\"@context\":\"https:\/\/schema.org\",\"@graph\":[{\"@type\":\"Organization\",\"@id\":\"https:\/\/www.certamenaltea.com\/#organization\",\"name\":\"Sociedad Filarm\\u00f3nica Alteanense\",\"url\":\"https:\/\/www.certamenaltea.com\/\",\"sameAs\":[],\"logo\":{\"@type\":\"ImageObject\",\"@id\":\"https:\/\/www.certamenaltea.com\/#logo\",\"inLanguage\":\"va\",\"url\":\"https:\/\/www.certamenaltea.com\/wp-content\/uploads\/2020\/08\/LOGO-SFA-res-web.jpg\",\"width\":600,\"height\":350,\"caption\":\"Sociedad Filarm\\u00f3nica Alteanense\"},\"image\":{\"@id\":\"https:\/\/www.certamenaltea.com\/#logo\"}},{\"@type\":\"WebSite\",\"@id\":\"https:\/\/www.certamenaltea.com\/#website\",\"url\":\"https:\/\/www.certamenaltea.com\/\",\"name\":\"Certamen Internacional de M\\u00fasica Villa de Altea\",\"description\":\"\",\"publisher\":{\"@id\":\"https:\/\/www.certamenaltea.com\/#organization\"},\"potentialAction\":[{\"@type\":\"SearchAction\",\"target\":\"https:\/\/www.certamenaltea.com\/?s={search_term_string}\",\"query-input\":\"required name=search_term_string\"}],\"inLanguage\":\"va\"},{\"@type\":\"ImageObject\",\"@id\":\"https:\/\/www.certamenaltea.com\/va\/juan-miguel-romero-llopis-vocal\/#primaryimage\",\"inLanguage\":\"va\",\"url\":\"https:\/\/www.certamenaltea.com\/wp-content\/uploads\/2023\/12\/Jurado3-Juan-Miguel-Romero-Llopis.jpg\",\"width\":960,\"height\":640},{\"@type\":\"WebPage\",\"@id\":\"https:\/\/www.certamenaltea.com\/va\/juan-miguel-romero-llopis-vocal\/#webpage\",\"url\":\"https:\/\/www.certamenaltea.com\/va\/juan-miguel-romero-llopis-vocal\/\",\"name\":\"Juan Miguel Romero Llopis - Vocal - Certamen Internacional de M\\u00fasica Villa de Altea\",\"isPartOf\":{\"@id\":\"https:\/\/www.certamenaltea.com\/#website\"},\"primaryImageOfPage\":{\"@id\":\"https:\/\/www.certamenaltea.com\/va\/juan-miguel-romero-llopis-vocal\/#primaryimage\"},\"datePublished\":\"2023-12-01T15:54:00+00:00\",\"dateModified\":\"2023-12-01T15:55:50+00:00\",\"inLanguage\":\"va\",\"potentialAction\":[{\"@type\":\"ReadAction\",\"target\":[\"https:\/\/www.certamenaltea.com\/va\/juan-miguel-romero-llopis-vocal\/\"]}]}]}<\/script>\n<!-- \/ Yoast SEO plugin. -->","_links":{"self":[{"href":"https:\/\/www.certamenaltea.com\/va\/wp-json\/wp\/v2\/pages\/3532"}],"collection":[{"href":"https:\/\/www.certamenaltea.com\/va\/wp-json\/wp\/v2\/pages"}],"about":[{"href":"https:\/\/www.certamenaltea.com\/va\/wp-json\/wp\/v2\/types\/page"}],"author":[{"embeddable":true,"href":"https:\/\/www.certamenaltea.com\/va\/wp-json\/wp\/v2\/users\/1"}],"replies":[{"embeddable":true,"href":"https:\/\/www.certamenaltea.com\/va\/wp-json\/wp\/v2\/comments?post=3532"}],"version-history":[{"count":2,"href":"https:\/\/www.certamenaltea.com\/va\/wp-json\/wp\/v2\/pages\/3532\/revisions"}],"predecessor-version":[{"id":3538,"href":"https:\/\/www.certamenaltea.com\/va\/wp-json\/wp\/v2\/pages\/3532\/revisions\/3538"}],"wp:featuredmedia":[{"embeddable":true,"href":"https:\/\/www.certamenaltea.com\/va\/wp-json\/wp\/v2\/media\/3533"}],"wp:attachment":[{"href":"https:\/\/www.certamenaltea.com\/va\/wp-json\/wp\/v2\/media?parent=3532"}],"curies":[{"name":"wp","href":"https:\/\/api.w.org\/{rel}","templated":true}]}}