{"id":3599,"date":"2023-12-03T11:09:32","date_gmt":"2023-12-03T11:09:32","guid":{"rendered":"http:\/\/certamenaltea.com\/obra-obligada\/"},"modified":"2023-12-03T11:19:51","modified_gmt":"2023-12-03T11:19:51","slug":"obra-obligada","status":"publish","type":"page","link":"https:\/\/www.certamenaltea.com\/va\/obra-obligada\/","title":{"rendered":"Obra obligada"},"content":{"rendered":"\n<p>La obra obligada es:<br>\u00b7&nbsp;<em><strong>Homenaje a Joaqu\u00edn Sorolla,&nbsp;<\/strong><\/em>de Bernardo Adam Ferrero<\/p>\n\n\n\n<div class=\"wp-block-image\"><figure class=\"alignleft size-large is-resized\"><a href=\"http:\/\/certamenaltea.com\/wp-content\/uploads\/2023\/12\/portada-obra-obligada-homenaje-joaquin-sorolla-bernardo-adam-ferrero-49-cimaltea-2023.jpg\" target=\"_blank\" rel=\"noopener noreferrer\"><img loading=\"lazy\" decoding=\"async\" src=\"http:\/\/certamenaltea.com\/wp-content\/uploads\/2023\/12\/portada-obra-obligada-homenaje-joaquin-sorolla-bernardo-adam-ferrero-49-cimaltea-2023.jpg\" alt=\"\" class=\"wp-image-3592\" width=\"212\" height=\"288\" srcset=\"https:\/\/www.certamenaltea.com\/wp-content\/uploads\/2023\/12\/portada-obra-obligada-homenaje-joaquin-sorolla-bernardo-adam-ferrero-49-cimaltea-2023.jpg 689w, https:\/\/www.certamenaltea.com\/wp-content\/uploads\/2023\/12\/portada-obra-obligada-homenaje-joaquin-sorolla-bernardo-adam-ferrero-49-cimaltea-2023-220x300.jpg 220w\" sizes=\"(max-width: 212px) 100vw, 212px\" \/><\/a><\/figure><\/div>\n\n\n\n<p><em>Homenatge a Joaqu\u00edn Sorolla<\/em> del mestre Bernardo Adam Ferrero, \u00e9s una obra escrita per a banda simf\u00f2nica encarregada per la Generalitat Valenciana com a obra obligada per al Certamen Internacional de Bandes de M\u00fasica &#8220;Ciutat de Val\u00e8ncia&#8221; en 1988 per a la secci\u00f3 Especial A, en la qual van participar l&#8217;Ateneu Musical i d&#8217;Ensenyament Banda Primitiva de Ll\u00edria, el Centre Instructiu Musical &#8220;La Arm\u00f3nica de Bunyol&#8221;, el Centre Instructiu Cultural Uni\u00f3 Musical de Benaguasil, la Uni\u00f3 Musical de Ll\u00edria, la Societat Musical l'&#8221;Art\u00edstica&#8221; de Bunyol i la Societat Musical d&#8217;Alzira.<\/p>\n\n\n\n<p>L&#8217;obra, concebuda com a obra de concurs, explota tots els recursos sonors i t\u00edmbrics de la banda de m\u00fasica. S\u00f3n innombrables les edicions discogr\u00e0fiques que s&#8217;han realitzat en aquests anys tant a Espanya com a Europa, Am\u00e8rica i \u00c0sia. Igualment, ha sigut obra obligada i de lliure elecci\u00f3 en la majoria dels cert\u00e0mens per a bandes de m\u00fasica. La seua versi\u00f3 per a orquestra \u00e9s premi &#8220;Egrem&#8221; a la millor gravaci\u00f3 de l&#8217;any a Am\u00e8rica. A m\u00e9s, Existeix una tesi doctoral sobre l&#8217;obra en la Universitat de Tucson (Arizona). La Biblioteca del Congr\u00e9s dels Estats Units la va incloure en els seus fons com a obra de refer\u00e8ncia en el repertori de m\u00fasica band\u00edstica.<\/p>\n\n\n\n<p>Est\u00e0 estructurada en quatre moviments que descriuen quatre dels quadres del genial pintor:<br><br><strong>I.- El crit del Palleter<\/strong><br>Musicalizar l&#8217;obra pict\u00f2rica del mestre valenci\u00e0 significa entrar en un m\u00f3n de llum, color, harmonia, cromatisme, impressi\u00f3 po\u00e8tica, proporcions est\u00e8tiques i din\u00e0miques. Aix\u00f2 \u00e9s, precisament, el que pret\u00e9n la m\u00fasica que, sobre la base de quatre quadres rellevants i sota la denominaci\u00f3 de &#8220;simf\u00f2nics&#8221;, esbossen a un &#8220;Palleter&#8221; amb la seua enorme personalitat, el seu fam\u00f3s crit, el seu empenyiment i reflexi\u00f3 \u00edntima.<\/p>\n\n\n\n<p><strong>II.- Pescadores valencianes<\/strong><br>El vigor del primer quadre contrasta amb el de &#8220;Pescadores valencianes&#8221;, on la m\u00fasica i el tipisme s&#8217;uneixen de manera llisa, suau, tranquil\u2022la\u2026 El corn angl\u00e9s esbossa el tema amb reexposici\u00f3 posterior de tot el conjunt.<\/p>\n\n\n\n<p><strong>III.- Sol de la vesprada<\/strong><br>El quadre &#8220;Sol de la vesprada&#8221; ens presenta a trav\u00e9s de la m\u00fasica la impressi\u00f3 mateixa de la pintura en el seu inici sonor i, posteriorment, amb un moviment pesant del tema principal que recorda el ritme pausat dels bous i pescadors en la mar.<\/p>\n\n\n\n<p><strong>IV.- Les gropes<\/strong><br>L&#8217;\u00faltim moviment, inspirat en el quadre &#8220;Les gropes&#8221;, que es conserva en la &#8220;Hispanic Society&#8221; de Nova York, funde sonorament el ritme vigor\u00f3s, les harmonies delicades, la descripci\u00f3 de la festa i el sabor mediterrani que en tot moment Sorolla evoca i que ho ha portat a la fama dels grans artistes universals.<\/p>\n\n\n\n<hr class=\"wp-block-separator\"\/>\n\n\n\n<div class=\"wp-block-image\"><figure class=\"aligncenter size-large\"><a href=\"https:\/\/form.jotformeu.com\/71532251309348\" target=\"_blank\" rel=\"noopener noreferrer\"><img decoding=\"async\" src=\"http:\/\/certamenaltea.com\/wp-content\/uploads\/2020\/10\/pdficon.png\" alt=\"\"\/><\/a><\/figure><\/div>\n\n\n\n<p class=\"has-text-align-center\">&nbsp;&lt;&lt;&nbsp;&nbsp;<strong><a rel=\"noreferrer noopener\" href=\"https:\/\/form.jotformeu.com\/71532251309348\" target=\"_blank\">CONSULTAR OBRA OBLIGADA<\/a><\/strong>&nbsp;&gt;&gt;<\/p>\n\n\n\n<hr class=\"wp-block-separator\"\/>\n\n\n\n<p><\/p>\n\n\n\n<div class=\"wp-block-image is-style-default\"><figure class=\"alignleft size-large is-resized\"><a href=\"http:\/\/certamenaltea.com\/wp-content\/uploads\/2023\/12\/bernardo-adam-ferrero_fotoProvisional.jpg\" target=\"_blank\" rel=\"noopener noreferrer\"><img loading=\"lazy\" decoding=\"async\" src=\"http:\/\/certamenaltea.com\/wp-content\/uploads\/2023\/12\/bernardo-adam-ferrero_fotoProvisional.jpg\" alt=\"\" class=\"wp-image-3593\" width=\"283\" height=\"210\"\/><\/a><\/figure><\/div>\n\n\n\n<p><strong>Bernardo Adam Ferrero&nbsp;(1942-2022)<\/strong><\/p>\n\n\n\n<p>Naix a Algemes\u00ed (Val\u00e8ncia). Cursa estudis superiors de Piano, Direcci\u00f3 d&#8217;orquestra i Composici\u00f3 en elsC onservatoris de Val\u00e8ncia i Madrid, obtenint Premi extraordinari en Solfeig, Contrapunt i fugida i Piano. Posteriorment, continua formant-se a Roma i Acad\u00e8mia Chigiana de Siena amb Luigi Dallapiccola, Franco Ferrara, Nino Antonellini, Godofredo Petrassi, entre d&#8217;altres. A Par\u00eds va estudiar orquestraci\u00f3 i direcci\u00f3 orquestral en el &#8220;Conservatoire National Sup\u00e9rieur de Musique et de Danse&#8221; de Par\u00eds, amb Olivier Messiaen.<\/p>\n\n\n\n<p>En 1963 ingressa per oposici\u00f3 en el Cos Nacional de Directors de Banda de M\u00fasica Civils, sent el director m\u00e9sjoved&#8217;Espanya de quants integren el Cos Nacional. En l&#8217;Assemblea General, celebrada el 29 de setembre de 1985, se&#8217;lnomenapresidentd&#8217;aquest Cos.<\/p>\n\n\n\n<p>En 1975 ingressa per oposici\u00f3 en el Cos de DirectorsM\u00fasics de l&#8217;ex\u00e8rcit, dirigint la unitat de m\u00fasica de la Divisi\u00f3d&#8217;InfanteriaMotoritzada &#8220;Maestrazgo&#8221; n\u00fam. 3, de Val\u00e8ncia (1975-1980) i (1982-1995), la M\u00fasica del Govern Militar de Sant Sebasti\u00e0 (1980-1982) i la Banda Simf\u00f2nicad&#8217;Infanteria de Marina de Madrid (1995-2004).<\/p>\n\n\n\n<p>Ha sigut director t\u00e8cnic del Certamen Internacional de Bandes de M\u00fasica *Ciutat de Val\u00e8ncia, director de la Setmana internacional de m\u00fasica religiosa de Plas\u00e8ncia (1999-2001), i de la Setmana internacional de m\u00fasica religiosa de Val\u00e8ncia (2003\/2011). Aix\u00edmateix, ha dirigit dos congressos de compositors (nacional i internacional) en el Palau de la M\u00fasica de Val\u00e8ncia, i el Congr\u00e9s internacional de la m\u00fasica de vent, a Castell\u00f3 (2002).<\/p>\n\n\n\n<p>L&#8217;any 2003 dirigeix la s\u00e8rie &#8220;Coms\u00f3n, comsonen&#8221; (elsinstrumentsmusicals) per a RTVV, sent un dels programes ambm\u00e9sreposicions de la cadena. Ambmotiu del 75 aniversaride l'&#8221;Himne regional valenci\u00e0&#8221;, la Generalitat Valenciana liencarrega una orquestraci\u00f3d&#8217;aquest, presentant-se en un concertmultitudinari en la pla\u00e7a de bous de Val\u00e8ncia.<\/p>\n\n\n\n<p>Fundador i president de l&#8217;Associaci\u00f3 de CompositorsSimf\u00f2nics de la Comunitat Valenciana (COSICOVA). Presidentd&#8217;honor de la M. I. Acad\u00e8mia de la m\u00fasica valenciana. Acad\u00e8miccorresponent de la ReialAcad\u00e8mia de Belles arts de Sant Ferran (Madrid).<\/p>\n\n\n\n<p>Com a director ha estat al capdavant de les Orquestres de Val\u00e8ncia, C\u00f2rdova, Simf\u00f2nica de Madrid, RTVE, Simf\u00f2nica de M\u00farcia, Orquestra L\u00edrica Espanyola, CollegiumInstrumentale, Cascais Oeiras (Portugal), Simf\u00f2nica de Sofia (Bulg\u00e0ria), Mar del Plata, Teatre Col\u00f3n (l&#8217;Argentina), Nacional de Cuba, Simf\u00f2nica Eslovaca, Simf\u00f2nica i Cor de Virg\u00ednia (els EUA), Tarija (Bol\u00edvia), Nacional de Filipines i bandesespanyoles, europees i americanes. Fundador del grup de solistes de vent &#8220;Mare Nostrum&#8221;, amb qui realitzanombrososconcerts per tot el m\u00f3n. Ha impartit cursos de direcci\u00f3d&#8217;orquestra i d&#8217;educaci\u00f3 per la m\u00fasica, impartitclassesmagistrals i formatpart del jurat de nombrosos concursos, tantd&#8217;interpretaci\u00f3com de composici\u00f3 a Espanya, It\u00e0lia, l&#8217;Argentina, Bol\u00edvia, Cuba, It\u00e0lia, \u00c0ustria, Fran\u00e7a i elsEstatsUnits. La seuaproducci\u00f3 musical ha sigut estrenada a Espanya, els EUA, Fran\u00e7a, Alemanya, Holanda, B\u00e8lgica, Portugal, el Canad\u00e0, Gran Bretanya, It\u00e0lia, Bol\u00edvia, Dinamarca, Su\u00e8cia, el Jap\u00f3, l&#8217;Argentina, Cuba, M\u00e8xic, el Brasil, Vene\u00e7uela, la Xina i Austr\u00e0lia.<\/p>\n","protected":false},"excerpt":{"rendered":"<p>La obra obligada es:\u00b7&nbsp;Homenaje a Joaqu\u00edn Sorolla,&nbsp;de Bernardo Adam Ferrero Homenatge a Joaqu\u00edn Sorolla del mestre Bernardo Adam Ferrero, \u00e9s una obra escrita per a banda simf\u00f2nica encarregada per la Generalitat Valenciana com a obra obligada per al Certamen Internacional de Bandes de M\u00fasica &#8220;Ciutat de Val\u00e8ncia&#8221; en 1988 per a la secci\u00f3 Especial A, [&hellip;]<\/p>\n","protected":false},"author":1,"featured_media":0,"parent":0,"menu_order":0,"comment_status":"closed","ping_status":"closed","template":"","meta":{"footnotes":""},"yoast_head":"<!-- This site is optimized with the Yoast SEO plugin v15.5 - https:\/\/yoast.com\/wordpress\/plugins\/seo\/ -->\n<title>Obra obligada - Certamen Internacional de M\u00fasica Villa de Altea<\/title>\n<meta name=\"robots\" content=\"index, follow, max-snippet:-1, max-image-preview:large, max-video-preview:-1\" \/>\n<link rel=\"canonical\" href=\"https:\/\/www.certamenaltea.com\/va\/obra-obligada\/\" \/>\n<meta property=\"og:locale\" content=\"en_US\" \/>\n<meta property=\"og:type\" content=\"article\" \/>\n<meta property=\"og:title\" content=\"Obra obligada - Certamen Internacional de M\u00fasica Villa de Altea\" \/>\n<meta property=\"og:description\" content=\"La obra obligada es:\u00b7&nbsp;Homenaje a Joaqu\u00edn Sorolla,&nbsp;de Bernardo Adam Ferrero Homenatge a Joaqu\u00edn Sorolla del mestre Bernardo Adam Ferrero, \u00e9s una obra escrita per a banda simf\u00f2nica encarregada per la Generalitat Valenciana com a obra obligada per al Certamen Internacional de Bandes de M\u00fasica &#8220;Ciutat de Val\u00e8ncia&#8221; en 1988 per a la secci\u00f3 Especial A, [&hellip;]\" \/>\n<meta property=\"og:url\" content=\"https:\/\/www.certamenaltea.com\/va\/obra-obligada\/\" \/>\n<meta property=\"og:site_name\" content=\"Certamen Internacional de M\u00fasica Villa de Altea\" \/>\n<meta property=\"article:modified_time\" content=\"2023-12-03T11:19:51+00:00\" \/>\n<meta property=\"og:image\" content=\"http:\/\/certamenaltea.com\/wp-content\/uploads\/2023\/12\/portada-obra-obligada-homenaje-joaquin-sorolla-bernardo-adam-ferrero-49-cimaltea-2023.jpg\" \/>\n<meta name=\"twitter:card\" content=\"summary_large_image\" \/>\n<meta name=\"twitter:label1\" content=\"Est. reading time\">\n\t<meta name=\"twitter:data1\" content=\"4 minutes\">\n<script type=\"application\/ld+json\" class=\"yoast-schema-graph\">{\"@context\":\"https:\/\/schema.org\",\"@graph\":[{\"@type\":\"Organization\",\"@id\":\"https:\/\/www.certamenaltea.com\/#organization\",\"name\":\"Sociedad Filarm\\u00f3nica Alteanense\",\"url\":\"https:\/\/www.certamenaltea.com\/\",\"sameAs\":[],\"logo\":{\"@type\":\"ImageObject\",\"@id\":\"https:\/\/www.certamenaltea.com\/#logo\",\"inLanguage\":\"va\",\"url\":\"https:\/\/www.certamenaltea.com\/wp-content\/uploads\/2020\/08\/LOGO-SFA-res-web.jpg\",\"width\":600,\"height\":350,\"caption\":\"Sociedad Filarm\\u00f3nica Alteanense\"},\"image\":{\"@id\":\"https:\/\/www.certamenaltea.com\/#logo\"}},{\"@type\":\"WebSite\",\"@id\":\"https:\/\/www.certamenaltea.com\/#website\",\"url\":\"https:\/\/www.certamenaltea.com\/\",\"name\":\"Certamen Internacional de M\\u00fasica Villa de Altea\",\"description\":\"\",\"publisher\":{\"@id\":\"https:\/\/www.certamenaltea.com\/#organization\"},\"potentialAction\":[{\"@type\":\"SearchAction\",\"target\":\"https:\/\/www.certamenaltea.com\/?s={search_term_string}\",\"query-input\":\"required name=search_term_string\"}],\"inLanguage\":\"va\"},{\"@type\":\"ImageObject\",\"@id\":\"https:\/\/www.certamenaltea.com\/va\/obra-obligada\/#primaryimage\",\"inLanguage\":\"va\",\"url\":\"http:\/\/certamenaltea.com\/wp-content\/uploads\/2023\/12\/portada-obra-obligada-homenaje-joaquin-sorolla-bernardo-adam-ferrero-49-cimaltea-2023.jpg\"},{\"@type\":\"WebPage\",\"@id\":\"https:\/\/www.certamenaltea.com\/va\/obra-obligada\/#webpage\",\"url\":\"https:\/\/www.certamenaltea.com\/va\/obra-obligada\/\",\"name\":\"Obra obligada - Certamen Internacional de M\\u00fasica Villa de Altea\",\"isPartOf\":{\"@id\":\"https:\/\/www.certamenaltea.com\/#website\"},\"primaryImageOfPage\":{\"@id\":\"https:\/\/www.certamenaltea.com\/va\/obra-obligada\/#primaryimage\"},\"datePublished\":\"2023-12-03T11:09:32+00:00\",\"dateModified\":\"2023-12-03T11:19:51+00:00\",\"inLanguage\":\"va\",\"potentialAction\":[{\"@type\":\"ReadAction\",\"target\":[\"https:\/\/www.certamenaltea.com\/va\/obra-obligada\/\"]}]}]}<\/script>\n<!-- \/ Yoast SEO plugin. -->","_links":{"self":[{"href":"https:\/\/www.certamenaltea.com\/va\/wp-json\/wp\/v2\/pages\/3599"}],"collection":[{"href":"https:\/\/www.certamenaltea.com\/va\/wp-json\/wp\/v2\/pages"}],"about":[{"href":"https:\/\/www.certamenaltea.com\/va\/wp-json\/wp\/v2\/types\/page"}],"author":[{"embeddable":true,"href":"https:\/\/www.certamenaltea.com\/va\/wp-json\/wp\/v2\/users\/1"}],"replies":[{"embeddable":true,"href":"https:\/\/www.certamenaltea.com\/va\/wp-json\/wp\/v2\/comments?post=3599"}],"version-history":[{"count":1,"href":"https:\/\/www.certamenaltea.com\/va\/wp-json\/wp\/v2\/pages\/3599\/revisions"}],"predecessor-version":[{"id":3600,"href":"https:\/\/www.certamenaltea.com\/va\/wp-json\/wp\/v2\/pages\/3599\/revisions\/3600"}],"wp:attachment":[{"href":"https:\/\/www.certamenaltea.com\/va\/wp-json\/wp\/v2\/media?parent=3599"}],"curies":[{"name":"wp","href":"https:\/\/api.w.org\/{rel}","templated":true}]}}