{"id":886,"date":"2018-05-02T14:32:27","date_gmt":"2018-05-02T14:32:27","guid":{"rendered":"http:\/\/certamenaltea.com\/historia-del-certamen\/"},"modified":"2019-03-01T12:29:25","modified_gmt":"2019-03-01T12:29:25","slug":"historia-del-certamen","status":"publish","type":"page","link":"https:\/\/www.certamenaltea.com\/va\/historia-del-certamen\/","title":{"rendered":"Hist\u00f2ria"},"content":{"rendered":"<p style=\"text-align: center;\"><strong>HIST\u00d2RIA<\/strong><\/p>\n<p><img loading=\"lazy\" decoding=\"async\" class=\"size-medium wp-image-512 alignright\" src=\"http:\/\/certamenaltea.com\/wp-content\/uploads\/2018\/05\/cert1973_1-295x300.jpg\" alt=\"\" width=\"295\" height=\"300\" srcset=\"https:\/\/www.certamenaltea.com\/wp-content\/uploads\/2018\/05\/cert1973_1-295x300.jpg 295w, https:\/\/www.certamenaltea.com\/wp-content\/uploads\/2018\/05\/cert1973_1.jpg 300w\" sizes=\"(max-width: 295px) 100vw, 295px\" \/>Des de 1889, la Societat Filharm\u00f2nica\u00a0Alteanense\u00a0ha sigut la principal entitat cultural d&#8217;Altea. En els anys 30 mantenia l&#8217;\u00fanica biblioteca de la poblaci\u00f3 -amb m\u00e9s de 2.000 volums- i, des de 1931 a 1936, va editar la revista d&#8217;aparici\u00f3 mensual ALTEA.<\/p>\n<p>Aquest dinamisme cultural va fer que la Societat Filharm\u00f2nica\u00a0Alteanense\u00a0convocara i organitzara, l&#8217;any 1949, l&#8217;I Certamen de Bandes de M\u00fasica d&#8217;Altea. Desgraciadament, les dificultats econ\u00f2miques de l&#8217;\u00e8poca no van permetre que aquesta iniciativa tinguera continu\u00eftat. El segon Certamen de Bandes es va dur a terme al febrer de 1973. Des d&#8217;aquesta data fins als nostres dies, amb el patrocini de l&#8217;Ajuntament d&#8217;Altea i d&#8217;altres entitats i organismes, i amb l&#8217;organitzaci\u00f3 de la Societat Filharm\u00f2nica\u00a0Alteanense, no hi ha hagut cap interrupci\u00f3. Fins a l&#8217;any 1978, el Certamen va tenir car\u00e0cter provincial.<\/p>\n<p>Des de 1979 fins a 1989, el Certamen es va convocar amb categoria regional. A partir de 1990, el Certamen va assumir categoria estatal. Prestigiosos compositors i directors, com a J. Alfosea, Carlos\u00a0Cosm\u00e9n, Jos\u00e9 M. Cervera, Jes\u00fas Montalb\u00e1n, Vicente Sempere, Gerardo P\u00e9rez\u00a0Busquier, Julio Ribelles, Jos\u00e9\u00a0Ferriz, Eduardo Xifre, Vicente Perell\u00f3, Bernab\u00e9 Sanch\u00eds, Mois\u00e9s\u00a0Davia, Salvador Chuli\u00e1, Francisco\u00a0Signes, Luis Blanes,\u00a0Jef\u00a0Penders, Rafael Talens\u00a0Pell\u00f3, Bernardo Adam Ferrero, Pablo S\u00e1nchez Torrella, Francisco Grau Vegara, Enrique Garc\u00eda Asensio, Ant\u00f3n Garc\u00eda Abril, Vicente\u00a0Zarzo, Jos\u00e9 Vicente Egea, Johan de\u00a0Meij&#8230; han sigut algunes de les personalitats del m\u00f3n de la m\u00fasica que han jutjat les actuacions de les excepcionals agrupacions musicals que han competit amb esportivitat per a mer\u00e8ixer el m\u00e0xim guard\u00f3.<\/p>\n<p>L&#8217;any 1996 marca una important fita hist\u00f2rica en el Certamen. Amb motiu de la 25\u00aa edici\u00f3, la Societat Filharm\u00f2nica\u00a0Alteanense\u00a0d\u00f3na un nou impuls a aquest esdeveniment: convocat\u00f2ria internacional, premis importants, jurats de gran qualificaci\u00f3 musical i una acurada organitzaci\u00f3 s\u00f3n les claus perqu\u00e8 el Certamen Internacional de Bandes de M\u00fasica Vila d&#8217;Altea haja merescut any rere any el reconeixement i el prestigi a nivell estatal i internacional.<\/p>\n","protected":false},"excerpt":{"rendered":"<p>HIST\u00d2RIA Des de 1889, la Societat Filharm\u00f2nica\u00a0Alteanense\u00a0ha sigut la principal entitat cultural d&#8217;Altea. En els anys 30 mantenia l&#8217;\u00fanica biblioteca de la poblaci\u00f3 -amb m\u00e9s de 2.000 volums- i, des de 1931 a 1936, va editar la revista d&#8217;aparici\u00f3 mensual ALTEA. Aquest dinamisme cultural va fer que la Societat Filharm\u00f2nica\u00a0Alteanense\u00a0convocara i organitzara, l&#8217;any 1949, l&#8217;I [&hellip;]<\/p>\n","protected":false},"author":1,"featured_media":0,"parent":0,"menu_order":0,"comment_status":"closed","ping_status":"closed","template":"","meta":{"footnotes":""},"yoast_head":"<!-- This site is optimized with the Yoast SEO plugin v15.5 - https:\/\/yoast.com\/wordpress\/plugins\/seo\/ -->\n<title>Hist\u00f2ria - Certamen Internacional de M\u00fasica Villa de Altea<\/title>\n<meta name=\"robots\" content=\"index, follow, max-snippet:-1, max-image-preview:large, max-video-preview:-1\" \/>\n<link rel=\"canonical\" href=\"https:\/\/www.certamenaltea.com\/va\/historia-del-certamen\/\" \/>\n<meta property=\"og:locale\" content=\"en_US\" \/>\n<meta property=\"og:type\" content=\"article\" \/>\n<meta property=\"og:title\" content=\"Hist\u00f2ria - Certamen Internacional de M\u00fasica Villa de Altea\" \/>\n<meta property=\"og:description\" content=\"HIST\u00d2RIA Des de 1889, la Societat Filharm\u00f2nica\u00a0Alteanense\u00a0ha sigut la principal entitat cultural d&#8217;Altea. En els anys 30 mantenia l&#8217;\u00fanica biblioteca de la poblaci\u00f3 -amb m\u00e9s de 2.000 volums- i, des de 1931 a 1936, va editar la revista d&#8217;aparici\u00f3 mensual ALTEA. Aquest dinamisme cultural va fer que la Societat Filharm\u00f2nica\u00a0Alteanense\u00a0convocara i organitzara, l&#8217;any 1949, l&#8217;I [&hellip;]\" \/>\n<meta property=\"og:url\" content=\"https:\/\/www.certamenaltea.com\/va\/historia-del-certamen\/\" \/>\n<meta property=\"og:site_name\" content=\"Certamen Internacional de M\u00fasica Villa de Altea\" \/>\n<meta property=\"article:modified_time\" content=\"2019-03-01T12:29:25+00:00\" \/>\n<meta property=\"og:image\" content=\"http:\/\/certamenaltea.com\/wp-content\/uploads\/2018\/05\/cert1973_1-295x300.jpg\" \/>\n<meta name=\"twitter:card\" content=\"summary_large_image\" \/>\n<meta name=\"twitter:label1\" content=\"Est. reading time\">\n\t<meta name=\"twitter:data1\" content=\"1 minute\">\n<script type=\"application\/ld+json\" class=\"yoast-schema-graph\">{\"@context\":\"https:\/\/schema.org\",\"@graph\":[{\"@type\":\"Organization\",\"@id\":\"https:\/\/www.certamenaltea.com\/#organization\",\"name\":\"Sociedad Filarm\\u00f3nica Alteanense\",\"url\":\"https:\/\/www.certamenaltea.com\/\",\"sameAs\":[],\"logo\":{\"@type\":\"ImageObject\",\"@id\":\"https:\/\/www.certamenaltea.com\/#logo\",\"inLanguage\":\"va\",\"url\":\"https:\/\/www.certamenaltea.com\/wp-content\/uploads\/2020\/08\/LOGO-SFA-res-web.jpg\",\"width\":600,\"height\":350,\"caption\":\"Sociedad Filarm\\u00f3nica Alteanense\"},\"image\":{\"@id\":\"https:\/\/www.certamenaltea.com\/#logo\"}},{\"@type\":\"WebSite\",\"@id\":\"https:\/\/www.certamenaltea.com\/#website\",\"url\":\"https:\/\/www.certamenaltea.com\/\",\"name\":\"Certamen Internacional de M\\u00fasica Villa de Altea\",\"description\":\"\",\"publisher\":{\"@id\":\"https:\/\/www.certamenaltea.com\/#organization\"},\"potentialAction\":[{\"@type\":\"SearchAction\",\"target\":\"https:\/\/www.certamenaltea.com\/?s={search_term_string}\",\"query-input\":\"required name=search_term_string\"}],\"inLanguage\":\"va\"},{\"@type\":\"ImageObject\",\"@id\":\"https:\/\/www.certamenaltea.com\/va\/historia-del-certamen\/#primaryimage\",\"inLanguage\":\"va\",\"url\":\"http:\/\/certamenaltea.com\/wp-content\/uploads\/2018\/05\/cert1973_1-295x300.jpg\"},{\"@type\":\"WebPage\",\"@id\":\"https:\/\/www.certamenaltea.com\/va\/historia-del-certamen\/#webpage\",\"url\":\"https:\/\/www.certamenaltea.com\/va\/historia-del-certamen\/\",\"name\":\"Hist\\u00f2ria - Certamen Internacional de M\\u00fasica Villa de Altea\",\"isPartOf\":{\"@id\":\"https:\/\/www.certamenaltea.com\/#website\"},\"primaryImageOfPage\":{\"@id\":\"https:\/\/www.certamenaltea.com\/va\/historia-del-certamen\/#primaryimage\"},\"datePublished\":\"2018-05-02T14:32:27+00:00\",\"dateModified\":\"2019-03-01T12:29:25+00:00\",\"inLanguage\":\"va\",\"potentialAction\":[{\"@type\":\"ReadAction\",\"target\":[\"https:\/\/www.certamenaltea.com\/va\/historia-del-certamen\/\"]}]}]}<\/script>\n<!-- \/ Yoast SEO plugin. -->","_links":{"self":[{"href":"https:\/\/www.certamenaltea.com\/va\/wp-json\/wp\/v2\/pages\/886"}],"collection":[{"href":"https:\/\/www.certamenaltea.com\/va\/wp-json\/wp\/v2\/pages"}],"about":[{"href":"https:\/\/www.certamenaltea.com\/va\/wp-json\/wp\/v2\/types\/page"}],"author":[{"embeddable":true,"href":"https:\/\/www.certamenaltea.com\/va\/wp-json\/wp\/v2\/users\/1"}],"replies":[{"embeddable":true,"href":"https:\/\/www.certamenaltea.com\/va\/wp-json\/wp\/v2\/comments?post=886"}],"version-history":[{"count":3,"href":"https:\/\/www.certamenaltea.com\/va\/wp-json\/wp\/v2\/pages\/886\/revisions"}],"predecessor-version":[{"id":1681,"href":"https:\/\/www.certamenaltea.com\/va\/wp-json\/wp\/v2\/pages\/886\/revisions\/1681"}],"wp:attachment":[{"href":"https:\/\/www.certamenaltea.com\/va\/wp-json\/wp\/v2\/media?parent=886"}],"curies":[{"name":"wp","href":"https:\/\/api.w.org\/{rel}","templated":true}]}}