{"id":913,"date":"2018-05-02T14:51:08","date_gmt":"2018-05-02T14:51:08","guid":{"rendered":"http:\/\/certamenaltea.com\/comite-organizador-del-certamen\/"},"modified":"2020-10-27T18:11:19","modified_gmt":"2020-10-27T18:11:19","slug":"comite-organizador-del-certamen","status":"publish","type":"page","link":"https:\/\/www.certamenaltea.com\/va\/comite-organizador-del-certamen\/","title":{"rendered":"Comit\u00e9 Organitzador del Certamen"},"content":{"rendered":"<p style=\"text-align: center;\"><strong>COMIT\u00c9 ORGANITZADOR<\/strong><\/p>\n<p style=\"text-align: left;\">Darrere del prestigi\u00f3s Certamen Internacional de Bandes de M\u00fasica Vila d&#8217;Altea hi ha una gran quantitat de persones que treballen perqu\u00e8 aquest es puga fer possible, ells formen el Comit\u00e9 Organitzador del Certamen, a part de la col\u00b7laboraci\u00f3 de diferents entitats, de la Societat Filharm\u00f2nica&nbsp;Alteanense&nbsp;i de l&#8217;Ajuntament d&#8217;Altea.<\/p>\n<p><\/p>\n\n\n<figure class=\"wp-block-table\"><table><tbody><tr><td><strong>Cargo<\/strong><\/td><td><strong>Nombre y apellidos<\/strong><\/td><td><strong>\u00c1rea del Certamen<\/strong><\/td><\/tr><tr><td>President<\/td><td>Joan Carles Guillen Riera<\/td><td>President SFA\/Comit\u00e9 Organizatdor Certamen<\/td><\/tr><tr><td>President d&#8217;Honor<\/td><td>Jaume Llinares Cort\u00e9s<\/td><td>Alcalde-President de l&#8217;Ajuntament d&#8217;Altea<\/td><\/tr><tr><td>Regid. Cultura<\/td><td>Aurora Serrat Guarinos<\/td><td>Regidora de Cultura de l&#8217;Ajuntament d&#8217;Altea<\/td><\/tr><tr><td>Vicepresid. 1r<\/td><td>Ana P\u00e9rez Al\u00f3s<\/td><td>Entrades Protocol y Stand SFA<\/td><\/tr><tr><td>Vicepresid. 2r<\/td><td>Francis Alvado<\/td><td>Gravaci\u00f3 USB\u00b4s y Stand SFA<\/td><\/tr><tr><td>Secretaria<\/td><td>Maria Jose Gonzalez<\/td><td>Entrades Protocol<\/td><\/tr><tr><td>Tressorera<\/td><td>Angela Lavi\u00f3s Berenguer<\/td><td>Tressoreria<\/td><\/tr><tr><td>Coord. CIMVA<\/td><td>Juan T. Lavi\u00f3s Berenguer<\/td><td>Coordinaci\u00f3 General CIMVA<\/td><\/tr><tr><td>Asesor t\u00e9cnico<\/td><td>Jaime Fco. Ripoll Martins<\/td><td>Assessor t\u00e8cnic<\/td><\/tr><tr><td>Membre Comit\u00e9<\/td><td>Magda Junquera Ortu\u00f1o<\/td><td>Marketing y Stand SFA<\/td><\/tr><tr><td>Membre Comit\u00e9<\/td><td>Gin\u00e9s Hernandez<\/td><td>Escenari<\/td><\/tr><tr><td>Membre Comit\u00e9<\/td><td>Silvia Perez Ripoll<\/td><td>Stand SFA<\/td><\/tr><tr><td>Membre Comit\u00e9<\/td><td>Antonio Ferrer P\u00e9rez<\/td><td>Escenari<\/td><\/tr><tr><td>Membre Comit\u00e9<\/td><td>Marcos Ivorra Schuler<\/td><td>Coordinaci\u00f3 Banda SFA<\/td><\/tr><tr><td>Membre Comit\u00e9<\/td><td>Salvador Gomis<\/td><td>Coordinador t\u00e9cnic general, retrasmisi\u00f3 per internet i videos<\/td><\/tr><tr><td>Membre Comit\u00e9<\/td><td>Angela Such<\/td><td>Stand SFA<\/td><\/tr><tr><td>Membre Comit\u00e9<\/td><td>Monica Ivars Llorens<\/td><td>Presentador, flors, cloenda i escenari<\/td><\/tr><tr><td>Membre Comit\u00e9<\/td><td>Luis Candela Sanch\u00eds<\/td><td>Coordinaci\u00f3 directors de bandes i protocol<\/td><\/tr><tr><td>Membre Comit\u00e9<\/td><td>Juan Colomera Sevila<\/td><td>Cap d&#8217;escenari<\/td><\/tr><tr><td>Membre Comit\u00e9<\/td><td>Joaquim Such<\/td><td>Ajudant tressoreria<\/td><\/tr><tr><td>Membre Comit\u00e9<\/td><td>Juan Lanuza Ahuir<\/td><td>Control de bandes FSMCV<\/td><\/tr><tr><td>Membre Comit\u00e9<\/td><td>Luis Morote<\/td><td>Protocol i jurat, traslllat de trofeus i diplomes<\/td><\/tr><tr><td>Membre Comit\u00e9<\/td><td>Nicol\u00e1s Borja<\/td><td>Control de bandes FSMCV<\/td><\/tr><tr><td>Membre Comit\u00e9<\/td><td>Federico J. Candela<\/td><td>Protocol i jurat<\/td><\/tr><tr><td>Membre Comit\u00e9<\/td><td>Juan Vte. Ripoll Llobell<\/td><td>Protocol  i jurat<\/td><\/tr><tr><td>Membre Comit\u00e9<\/td><td>Segimon Candela<\/td><td>Protocol i jurat, traslllat de trofeus i diplomes<\/td><\/tr><tr><td>Membre Comit\u00e9<\/td><td>Joaqu\u00edn Cort\u00e9s<\/td><td>Hostalatge i trasllats<\/td><\/tr><tr><td>Membre Comit\u00e9<\/td><td>M\u00aa. \u00c1ngeles Sell\u00e9s Guarinos<\/td><td>Presentadors, flors, cloenda i escenari<\/td><\/tr><tr><td>Membre Comit\u00e9<\/td><td>Josep F. Serrat Poblet<\/td><td>Escenari<\/td><\/tr><tr><td>Membre Comit\u00e9<\/td><td>Paco Such<\/td><td>Escenari<\/td><\/tr><tr><td>Membre Comit\u00e9<\/td><td>Miquel Alcalde<\/td><td>Secretari del jurat<\/td><\/tr><tr><td>Membre Comit\u00e9<\/td><td>Vicent F. Ripoll<\/td><td>Secretari del jurat<\/td><\/tr><tr><td>Membre Comit\u00e9<\/td><td>Jose Ronda Flores<\/td><td>Escenari<\/td><\/tr><tr><td>Membre Comit\u00e9<\/td><td>Antonia Larkin<\/td><td>Int\u00e8rpret<\/td><\/tr><tr><td>Membre Comit\u00e9<\/td><td>Mari Carmen Jim\u00e9nez<\/td><td>Stand SFA<\/td><\/tr><tr><td>Membre Comit\u00e9<\/td><td>Mart\u00ed Borja<\/td><td>Escenari, encarregat colegi i vigilants<\/td><\/tr><tr><td>Membre Comit\u00e9<\/td><td>Josep Lanuza<\/td><td>Premis i trofeis<\/td><\/tr><tr><td>Administraci\u00f3<\/td><td>Adolfo Fernando de Trazeg.<\/td><td>Administraci\u00f3, documentaci\u00f3 i credencials<\/td><\/tr><tr><td>Administraci\u00f3<\/td><td>Francisco Alvado<\/td><td>Administraci\u00f3 y fotografia<\/td><\/tr><tr><td>Administraci\u00f3<\/td><td>Antonio Guti\u00e9rrez<\/td><td>Administraci\u00f3, control i certificats de m\u00fasics<\/td><\/tr><tr><td>Presentadora<\/td><td>Angela Tecles<\/td><td>Presentaci\u00f3n CIMVA<\/td><\/tr><tr><td>Presentador<\/td><td>Onofre Valldecabres<\/td><td>Presentaci\u00f3n CIMVA<\/td><\/tr><tr><td>Prog. Youtube<\/td><td>Paqui Cano<\/td><td>Retransmisi\u00f3n en directo programa Radio\/Youtube<\/td><\/tr><tr><td>Prog. Youtube<\/td><td>Joan Borja<\/td><td>Retransmisi\u00f3n en directo programa Radio\/Youtube<\/td><\/tr><tr><td>So<\/td><td>Vicente Lim\u00f3n<\/td><td>Imatge i so<\/td><\/tr><tr><td>T\u00e9cnic ajuntament<\/td><td>Toni Al\u00f3s<\/td><td>Retransmisi\u00f3 en directe per internet<\/td><\/tr><tr><td>T\u00e9cnics Palau<\/td><td>H\u00e9ctor\/Dani Montiel<\/td><td>T\u00e9cnics Palau<\/td><\/tr><\/tbody><\/table><\/figure>\n\n\n\n<p><\/p>\n","protected":false},"excerpt":{"rendered":"<p>COMIT\u00c9 ORGANITZADOR Darrere del prestigi\u00f3s Certamen Internacional de Bandes de M\u00fasica Vila d&#8217;Altea hi ha una gran quantitat de persones que treballen perqu\u00e8 aquest es puga fer possible, ells formen el Comit\u00e9 Organitzador del Certamen, a part de la col\u00b7laboraci\u00f3 de diferents entitats, de la Societat Filharm\u00f2nica&nbsp;Alteanense&nbsp;i de l&#8217;Ajuntament d&#8217;Altea. Cargo Nombre y apellidos \u00c1rea [&hellip;]<\/p>\n","protected":false},"author":1,"featured_media":0,"parent":0,"menu_order":0,"comment_status":"closed","ping_status":"closed","template":"","meta":{"footnotes":""},"yoast_head":"<!-- This site is optimized with the Yoast SEO plugin v15.5 - https:\/\/yoast.com\/wordpress\/plugins\/seo\/ -->\n<title>Comit\u00e9 Organitzador del Certamen - Certamen Internacional de M\u00fasica Villa de Altea<\/title>\n<meta name=\"robots\" content=\"index, follow, max-snippet:-1, max-image-preview:large, max-video-preview:-1\" \/>\n<link rel=\"canonical\" href=\"https:\/\/www.certamenaltea.com\/va\/comite-organizador-del-certamen\/\" \/>\n<meta property=\"og:locale\" content=\"en_US\" \/>\n<meta property=\"og:type\" content=\"article\" \/>\n<meta property=\"og:title\" content=\"Comit\u00e9 Organitzador del Certamen - Certamen Internacional de M\u00fasica Villa de Altea\" \/>\n<meta property=\"og:description\" content=\"COMIT\u00c9 ORGANITZADOR Darrere del prestigi\u00f3s Certamen Internacional de Bandes de M\u00fasica Vila d&#8217;Altea hi ha una gran quantitat de persones que treballen perqu\u00e8 aquest es puga fer possible, ells formen el Comit\u00e9 Organitzador del Certamen, a part de la col\u00b7laboraci\u00f3 de diferents entitats, de la Societat Filharm\u00f2nica&nbsp;Alteanense&nbsp;i de l&#8217;Ajuntament d&#8217;Altea. Cargo Nombre y apellidos \u00c1rea [&hellip;]\" \/>\n<meta property=\"og:url\" content=\"https:\/\/www.certamenaltea.com\/va\/comite-organizador-del-certamen\/\" \/>\n<meta property=\"og:site_name\" content=\"Certamen Internacional de M\u00fasica Villa de Altea\" \/>\n<meta property=\"article:modified_time\" content=\"2020-10-27T18:11:19+00:00\" \/>\n<meta name=\"twitter:card\" content=\"summary_large_image\" \/>\n<meta name=\"twitter:label1\" content=\"Est. reading time\">\n\t<meta name=\"twitter:data1\" content=\"1 minute\">\n<script type=\"application\/ld+json\" class=\"yoast-schema-graph\">{\"@context\":\"https:\/\/schema.org\",\"@graph\":[{\"@type\":\"Organization\",\"@id\":\"https:\/\/www.certamenaltea.com\/#organization\",\"name\":\"Sociedad Filarm\\u00f3nica Alteanense\",\"url\":\"https:\/\/www.certamenaltea.com\/\",\"sameAs\":[],\"logo\":{\"@type\":\"ImageObject\",\"@id\":\"https:\/\/www.certamenaltea.com\/#logo\",\"inLanguage\":\"va\",\"url\":\"https:\/\/www.certamenaltea.com\/wp-content\/uploads\/2020\/08\/LOGO-SFA-res-web.jpg\",\"width\":600,\"height\":350,\"caption\":\"Sociedad Filarm\\u00f3nica Alteanense\"},\"image\":{\"@id\":\"https:\/\/www.certamenaltea.com\/#logo\"}},{\"@type\":\"WebSite\",\"@id\":\"https:\/\/www.certamenaltea.com\/#website\",\"url\":\"https:\/\/www.certamenaltea.com\/\",\"name\":\"Certamen Internacional de M\\u00fasica Villa de Altea\",\"description\":\"\",\"publisher\":{\"@id\":\"https:\/\/www.certamenaltea.com\/#organization\"},\"potentialAction\":[{\"@type\":\"SearchAction\",\"target\":\"https:\/\/www.certamenaltea.com\/?s={search_term_string}\",\"query-input\":\"required name=search_term_string\"}],\"inLanguage\":\"va\"},{\"@type\":\"WebPage\",\"@id\":\"https:\/\/www.certamenaltea.com\/va\/comite-organizador-del-certamen\/#webpage\",\"url\":\"https:\/\/www.certamenaltea.com\/va\/comite-organizador-del-certamen\/\",\"name\":\"Comit\\u00e9 Organitzador del Certamen - Certamen Internacional de M\\u00fasica Villa de Altea\",\"isPartOf\":{\"@id\":\"https:\/\/www.certamenaltea.com\/#website\"},\"datePublished\":\"2018-05-02T14:51:08+00:00\",\"dateModified\":\"2020-10-27T18:11:19+00:00\",\"inLanguage\":\"va\",\"potentialAction\":[{\"@type\":\"ReadAction\",\"target\":[\"https:\/\/www.certamenaltea.com\/va\/comite-organizador-del-certamen\/\"]}]}]}<\/script>\n<!-- \/ Yoast SEO plugin. -->","_links":{"self":[{"href":"https:\/\/www.certamenaltea.com\/va\/wp-json\/wp\/v2\/pages\/913"}],"collection":[{"href":"https:\/\/www.certamenaltea.com\/va\/wp-json\/wp\/v2\/pages"}],"about":[{"href":"https:\/\/www.certamenaltea.com\/va\/wp-json\/wp\/v2\/types\/page"}],"author":[{"embeddable":true,"href":"https:\/\/www.certamenaltea.com\/va\/wp-json\/wp\/v2\/users\/1"}],"replies":[{"embeddable":true,"href":"https:\/\/www.certamenaltea.com\/va\/wp-json\/wp\/v2\/comments?post=913"}],"version-history":[{"count":18,"href":"https:\/\/www.certamenaltea.com\/va\/wp-json\/wp\/v2\/pages\/913\/revisions"}],"predecessor-version":[{"id":2112,"href":"https:\/\/www.certamenaltea.com\/va\/wp-json\/wp\/v2\/pages\/913\/revisions\/2112"}],"wp:attachment":[{"href":"https:\/\/www.certamenaltea.com\/va\/wp-json\/wp\/v2\/media?parent=913"}],"curies":[{"name":"wp","href":"https:\/\/api.w.org\/{rel}","templated":true}]}}