{"id":928,"date":"2018-05-02T15:46:38","date_gmt":"2018-05-02T15:46:38","guid":{"rendered":"http:\/\/certamenaltea.com\/como-llegar\/"},"modified":"2020-10-23T11:00:16","modified_gmt":"2020-10-23T11:00:16","slug":"como-llegar","status":"publish","type":"page","link":"https:\/\/www.certamenaltea.com\/va\/como-llegar\/","title":{"rendered":"Com arribar"},"content":{"rendered":"<p><strong>Com arribar<\/strong><\/p>\n<p>La celebraci\u00f3 del Certamen es realitza en<\/p>\n<p>Palau Altea \u00b7 Centre d&#8217;Arts<br \/>\nCalle Alcoi s\/n 03590 ALTEA<\/p>\n<p><center><iframe loading=\"lazy\" style=\"border: 0;\" src=\"https:\/\/www.google.com\/maps\/embed?pb=!1m18!1m12!1m3!1d6236.315137110808!2d-0.06138863758660031!3d38.599243390651836!2m3!1f0!2f0!3f0!3m2!1i1024!2i768!4f13.1!3m3!1m2!1s0x0%3A0xa98334b8121a9a69!2sPalau+Altea!5e0!3m2!1ses!2ses!4v1543343458502\" width=\"10000\" height=\"450\" frameborder=\"0\" allowfullscreen=\"allowfullscreen\"><\/iframe><\/center><\/p>\n<p>A continuaci\u00f3 el pl\u00e0nol d&#8217;acc\u00e9s a Altea:<\/p>\n<p><img loading=\"lazy\" decoding=\"async\" class=\"wp-image-565 aligncenter\" src=\"http:\/\/certamenaltea.com\/wp-content\/uploads\/2018\/05\/como-llegar-248x300.jpg\" alt=\"\" width=\"654\" height=\"791\" srcset=\"https:\/\/www.certamenaltea.com\/wp-content\/uploads\/2018\/05\/como-llegar-248x300.jpg 248w, https:\/\/www.certamenaltea.com\/wp-content\/uploads\/2018\/05\/como-llegar-768x930.jpg 768w, https:\/\/www.certamenaltea.com\/wp-content\/uploads\/2018\/05\/como-llegar.jpg 950w\" sizes=\"(max-width: 654px) 100vw, 654px\" \/><\/p>\n","protected":false},"excerpt":{"rendered":"<p>Com arribar La celebraci\u00f3 del Certamen es realitza en Palau Altea \u00b7 Centre d&#8217;Arts Calle Alcoi s\/n 03590 ALTEA A continuaci\u00f3 el pl\u00e0nol d&#8217;acc\u00e9s a Altea:<\/p>\n","protected":false},"author":1,"featured_media":0,"parent":0,"menu_order":0,"comment_status":"closed","ping_status":"closed","template":"","meta":{"footnotes":""},"yoast_head":"<!-- This site is optimized with the Yoast SEO plugin v15.5 - https:\/\/yoast.com\/wordpress\/plugins\/seo\/ -->\n<title>Com arribar - Certamen Internacional de M\u00fasica Villa de Altea<\/title>\n<meta name=\"robots\" content=\"index, follow, max-snippet:-1, max-image-preview:large, max-video-preview:-1\" \/>\n<link rel=\"canonical\" href=\"https:\/\/www.certamenaltea.com\/va\/como-llegar\/\" \/>\n<meta property=\"og:locale\" content=\"en_US\" \/>\n<meta property=\"og:type\" content=\"article\" \/>\n<meta property=\"og:title\" content=\"Com arribar - Certamen Internacional de M\u00fasica Villa de Altea\" \/>\n<meta property=\"og:description\" content=\"Com arribar La celebraci\u00f3 del Certamen es realitza en Palau Altea \u00b7 Centre d&#8217;Arts Calle Alcoi s\/n 03590 ALTEA A continuaci\u00f3 el pl\u00e0nol d&#8217;acc\u00e9s a Altea:\" \/>\n<meta property=\"og:url\" content=\"https:\/\/www.certamenaltea.com\/va\/como-llegar\/\" \/>\n<meta property=\"og:site_name\" content=\"Certamen Internacional de M\u00fasica Villa de Altea\" \/>\n<meta property=\"article:modified_time\" content=\"2020-10-23T11:00:16+00:00\" \/>\n<meta property=\"og:image\" content=\"http:\/\/certamenaltea.com\/wp-content\/uploads\/2018\/05\/como-llegar-248x300.jpg\" \/>\n<meta name=\"twitter:card\" content=\"summary_large_image\" \/>\n<meta name=\"twitter:label1\" content=\"Est. reading time\">\n\t<meta name=\"twitter:data1\" content=\"0 minutes\">\n<script type=\"application\/ld+json\" class=\"yoast-schema-graph\">{\"@context\":\"https:\/\/schema.org\",\"@graph\":[{\"@type\":\"Organization\",\"@id\":\"https:\/\/www.certamenaltea.com\/#organization\",\"name\":\"Sociedad Filarm\\u00f3nica Alteanense\",\"url\":\"https:\/\/www.certamenaltea.com\/\",\"sameAs\":[],\"logo\":{\"@type\":\"ImageObject\",\"@id\":\"https:\/\/www.certamenaltea.com\/#logo\",\"inLanguage\":\"va\",\"url\":\"https:\/\/www.certamenaltea.com\/wp-content\/uploads\/2020\/08\/LOGO-SFA-res-web.jpg\",\"width\":600,\"height\":350,\"caption\":\"Sociedad Filarm\\u00f3nica Alteanense\"},\"image\":{\"@id\":\"https:\/\/www.certamenaltea.com\/#logo\"}},{\"@type\":\"WebSite\",\"@id\":\"https:\/\/www.certamenaltea.com\/#website\",\"url\":\"https:\/\/www.certamenaltea.com\/\",\"name\":\"Certamen Internacional de M\\u00fasica Villa de Altea\",\"description\":\"\",\"publisher\":{\"@id\":\"https:\/\/www.certamenaltea.com\/#organization\"},\"potentialAction\":[{\"@type\":\"SearchAction\",\"target\":\"https:\/\/www.certamenaltea.com\/?s={search_term_string}\",\"query-input\":\"required name=search_term_string\"}],\"inLanguage\":\"va\"},{\"@type\":\"ImageObject\",\"@id\":\"https:\/\/www.certamenaltea.com\/va\/como-llegar\/#primaryimage\",\"inLanguage\":\"va\",\"url\":\"http:\/\/certamenaltea.com\/wp-content\/uploads\/2018\/05\/como-llegar-248x300.jpg\"},{\"@type\":\"WebPage\",\"@id\":\"https:\/\/www.certamenaltea.com\/va\/como-llegar\/#webpage\",\"url\":\"https:\/\/www.certamenaltea.com\/va\/como-llegar\/\",\"name\":\"Com arribar - Certamen Internacional de M\\u00fasica Villa de Altea\",\"isPartOf\":{\"@id\":\"https:\/\/www.certamenaltea.com\/#website\"},\"primaryImageOfPage\":{\"@id\":\"https:\/\/www.certamenaltea.com\/va\/como-llegar\/#primaryimage\"},\"datePublished\":\"2018-05-02T15:46:38+00:00\",\"dateModified\":\"2020-10-23T11:00:16+00:00\",\"inLanguage\":\"va\",\"potentialAction\":[{\"@type\":\"ReadAction\",\"target\":[\"https:\/\/www.certamenaltea.com\/va\/como-llegar\/\"]}]}]}<\/script>\n<!-- \/ Yoast SEO plugin. -->","_links":{"self":[{"href":"https:\/\/www.certamenaltea.com\/va\/wp-json\/wp\/v2\/pages\/928"}],"collection":[{"href":"https:\/\/www.certamenaltea.com\/va\/wp-json\/wp\/v2\/pages"}],"about":[{"href":"https:\/\/www.certamenaltea.com\/va\/wp-json\/wp\/v2\/types\/page"}],"author":[{"embeddable":true,"href":"https:\/\/www.certamenaltea.com\/va\/wp-json\/wp\/v2\/users\/1"}],"replies":[{"embeddable":true,"href":"https:\/\/www.certamenaltea.com\/va\/wp-json\/wp\/v2\/comments?post=928"}],"version-history":[{"count":4,"href":"https:\/\/www.certamenaltea.com\/va\/wp-json\/wp\/v2\/pages\/928\/revisions"}],"predecessor-version":[{"id":2067,"href":"https:\/\/www.certamenaltea.com\/va\/wp-json\/wp\/v2\/pages\/928\/revisions\/2067"}],"wp:attachment":[{"href":"https:\/\/www.certamenaltea.com\/va\/wp-json\/wp\/v2\/media?parent=928"}],"curies":[{"name":"wp","href":"https:\/\/api.w.org\/{rel}","templated":true}]}}