{"id":938,"date":"2018-05-02T16:33:55","date_gmt":"2018-05-02T16:33:55","guid":{"rendered":"http:\/\/certamenaltea.com\/jurado\/"},"modified":"2023-12-01T15:57:57","modified_gmt":"2023-12-01T15:57:57","slug":"jurado","status":"publish","type":"page","link":"https:\/\/www.certamenaltea.com\/va\/jurado\/","title":{"rendered":"Jurat"},"content":{"rendered":"<div id=\"pl-938\"  class=\"panel-layout\" ><div id=\"pg-938-0\"  class=\"panel-grid panel-no-style\" ><div id=\"pgc-938-0-0\"  class=\"panel-grid-cell\" ><div id=\"panel-938-0-0-0\" class=\"so-panel widget widget_event_star_team panel-first-child panel-last-child\" data-index=\"0\" >            <section id=\"event_star_team-2\" class=\"at-widgets acme-teams at-gray-bg\">\n                <div class=\"container\">\n\t                <h3 class=\"widget-title\">Jurat<\/h3>                    <div class=\"row featured-entries-col featured-entries-logo column\">\n                                                            <div class=\"single-list col-sm-12 col-md-4\">\n                                        <div class=\"team-item at-gray-bg init-animate zoomIn\">\n                                            <div class=\"team-author\">\n                                                <a href=\"https:\/\/www.certamenaltea.com\/va\/annette-schlunz-presidenta-del-jurado\/\" class=\"all-link\" ><img loading=\"lazy\" decoding=\"async\" width=\"2560\" height=\"1707\" src=\"https:\/\/www.certamenaltea.com\/wp-content\/uploads\/2023\/12\/Jurado1-Annette-Schlunz-scaled.jpg\" class=\"attachment-full size-full wp-post-image\" alt=\"\" srcset=\"https:\/\/www.certamenaltea.com\/wp-content\/uploads\/2023\/12\/Jurado1-Annette-Schlunz-scaled.jpg 2560w, https:\/\/www.certamenaltea.com\/wp-content\/uploads\/2023\/12\/Jurado1-Annette-Schlunz-300x200.jpg 300w, https:\/\/www.certamenaltea.com\/wp-content\/uploads\/2023\/12\/Jurado1-Annette-Schlunz-1024x683.jpg 1024w, https:\/\/www.certamenaltea.com\/wp-content\/uploads\/2023\/12\/Jurado1-Annette-Schlunz-768x512.jpg 768w, https:\/\/www.certamenaltea.com\/wp-content\/uploads\/2023\/12\/Jurado1-Annette-Schlunz-1536x1024.jpg 1536w, https:\/\/www.certamenaltea.com\/wp-content\/uploads\/2023\/12\/Jurado1-Annette-Schlunz-2048x1365.jpg 2048w, https:\/\/www.certamenaltea.com\/wp-content\/uploads\/2023\/12\/Jurado1-Annette-Schlunz-272x182.jpg 272w\" sizes=\"(max-width: 2560px) 100vw, 2560px\" \/><\/a>                                                <div class=\"team-author-details \">\n                                                    <h3 class=\"team-name\">\n\t\t                                                <a href=\"https:\/\/www.certamenaltea.com\/va\/annette-schlunz-presidenta-del-jurado\/\" class=\"all-link\" >Annette Schl\u00fcnz &#8211; Presidenta del Jurat<\/a>                                                    <\/h3>\n                                                                                                            <div class=\"team-details\">\n\t\t                                                    <p>Nascuda el 1964 a Dessau (Alemanya), treballa com a compositora independent al sud d&#8217;Alemanya i Fran\u00e7a. Estudia composici\u00f3, piano i direcci\u00f3 a la Hochschulef\u00fcr Musik Dresden (Udo Zimmermann) ia l&#8217;Acad\u00e8mia de les Arts de Berl\u00edn fins al 1991 (Paul-Heinz Dittrich). Posteriorment treballa com a assessora art\u00edstica per al festival de m\u00fasica contempor\u00e0nia de Dresden fins [&hellip;]<\/p>\n                                                        <\/div>\n\t                                                                                                    <\/div>\n                                            <\/div>\n                                        <\/div>\n                                    <\/div>\n                                                                        <div class=\"single-list col-sm-12 col-md-4\">\n                                        <div class=\"team-item at-gray-bg init-animate zoomIn\">\n                                            <div class=\"team-author\">\n                                                <a href=\"https:\/\/www.certamenaltea.com\/va\/susan-campos-fonseca-vocal\/\" class=\"all-link\" ><img loading=\"lazy\" decoding=\"async\" width=\"2560\" height=\"1440\" src=\"https:\/\/www.certamenaltea.com\/wp-content\/uploads\/2023\/12\/Jurado2-Susan-Campos-scaled.jpg\" class=\"attachment-full size-full wp-post-image\" alt=\"\" srcset=\"https:\/\/www.certamenaltea.com\/wp-content\/uploads\/2023\/12\/Jurado2-Susan-Campos-scaled.jpg 2560w, https:\/\/www.certamenaltea.com\/wp-content\/uploads\/2023\/12\/Jurado2-Susan-Campos-300x169.jpg 300w, https:\/\/www.certamenaltea.com\/wp-content\/uploads\/2023\/12\/Jurado2-Susan-Campos-1024x576.jpg 1024w, https:\/\/www.certamenaltea.com\/wp-content\/uploads\/2023\/12\/Jurado2-Susan-Campos-768x432.jpg 768w, https:\/\/www.certamenaltea.com\/wp-content\/uploads\/2023\/12\/Jurado2-Susan-Campos-1536x864.jpg 1536w, https:\/\/www.certamenaltea.com\/wp-content\/uploads\/2023\/12\/Jurado2-Susan-Campos-2048x1152.jpg 2048w\" sizes=\"(max-width: 2560px) 100vw, 2560px\" \/><\/a>                                                <div class=\"team-author-details \">\n                                                    <h3 class=\"team-name\">\n\t\t                                                <a href=\"https:\/\/www.certamenaltea.com\/va\/susan-campos-fonseca-vocal\/\" class=\"all-link\" >Susan Campos Fonseca &#8211; Vocal<\/a>                                                    <\/h3>\n                                                                                                            <div class=\"team-details\">\n\t\t                                                    <p>Doctora en M\u00fasica, M\u00e0ster en pensament espanyol i iberoameric\u00e0 per la Universitat Aut\u00f2noma de Madrid &#8211; UAM, i Llicenciada en direcci\u00f3 musical per la Universitat de Costa Rica (UCR), Campos-Fonseca es destaca com a professora i investigadora especialista en musicologia, estudis s\u00f2nics, filosofia de la cultura i la tecnologia. La seua est\u00e8tica com a improvisadora-compositora [&hellip;]<\/p>\n                                                        <\/div>\n\t                                                                                                    <\/div>\n                                            <\/div>\n                                        <\/div>\n                                    <\/div>\n                                                                        <div class=\"single-list col-sm-12 col-md-4\">\n                                        <div class=\"team-item at-gray-bg init-animate zoomIn\">\n                                            <div class=\"team-author\">\n                                                <a href=\"https:\/\/www.certamenaltea.com\/va\/juan-miguel-romero-llopis-vocal\/\" class=\"all-link\" ><img loading=\"lazy\" decoding=\"async\" width=\"960\" height=\"640\" src=\"https:\/\/www.certamenaltea.com\/wp-content\/uploads\/2023\/12\/Jurado3-Juan-Miguel-Romero-Llopis.jpg\" class=\"attachment-full size-full wp-post-image\" alt=\"\" srcset=\"https:\/\/www.certamenaltea.com\/wp-content\/uploads\/2023\/12\/Jurado3-Juan-Miguel-Romero-Llopis.jpg 960w, https:\/\/www.certamenaltea.com\/wp-content\/uploads\/2023\/12\/Jurado3-Juan-Miguel-Romero-Llopis-300x200.jpg 300w, https:\/\/www.certamenaltea.com\/wp-content\/uploads\/2023\/12\/Jurado3-Juan-Miguel-Romero-Llopis-768x512.jpg 768w, https:\/\/www.certamenaltea.com\/wp-content\/uploads\/2023\/12\/Jurado3-Juan-Miguel-Romero-Llopis-272x182.jpg 272w\" sizes=\"(max-width: 960px) 100vw, 960px\" \/><\/a>                                                <div class=\"team-author-details \">\n                                                    <h3 class=\"team-name\">\n\t\t                                                <a href=\"https:\/\/www.certamenaltea.com\/va\/juan-miguel-romero-llopis-vocal\/\" class=\"all-link\" >Juan Miguel Romero Llopis &#8211; Vocal<\/a>                                                    <\/h3>\n                                                                                                            <div class=\"team-details\">\n\t\t                                                    <p>Natural de Montfort (Alacant), es forma en els conservatoris d&#8217;Alacant i M\u00farcia on obt\u00e9 els t\u00edtols superiors de clarinet i direcci\u00f3 d&#8217;orquestra amb matr\u00edcula d&#8217;honor en totes dues especialitats, paral\u00b7lelament es diploma en educaci\u00f3musical per la Universitat d&#8217;Alacant. Ha sigut director titular de la Banda Musical &#8220;La Lira&#8221; de Montfort, l&#8217;Agrupaci\u00f3 Musical &#8220;Santa Cec\u00edlia&#8221; de [&hellip;]<\/p>\n                                                        <\/div>\n\t                                                                                                    <\/div>\n                                            <\/div>\n                                        <\/div>\n                                    <\/div>\n                                                        <\/div><!--row-->\n\t                                <\/div>\n            <\/section>\n            <\/div><\/div><\/div><\/div>","protected":false},"excerpt":{"rendered":"","protected":false},"author":1,"featured_media":0,"parent":0,"menu_order":0,"comment_status":"closed","ping_status":"closed","template":"","meta":{"footnotes":""},"yoast_head":"<!-- This site is optimized with the Yoast SEO plugin v15.5 - https:\/\/yoast.com\/wordpress\/plugins\/seo\/ -->\n<title>Jurat - Certamen Internacional de M\u00fasica Villa de Altea<\/title>\n<meta name=\"robots\" content=\"index, follow, max-snippet:-1, max-image-preview:large, max-video-preview:-1\" \/>\n<link rel=\"canonical\" href=\"https:\/\/www.certamenaltea.com\/va\/jurado\/\" \/>\n<meta property=\"og:locale\" content=\"en_US\" \/>\n<meta property=\"og:type\" content=\"article\" \/>\n<meta property=\"og:title\" content=\"Jurat - Certamen Internacional de M\u00fasica Villa de Altea\" \/>\n<meta property=\"og:url\" content=\"https:\/\/www.certamenaltea.com\/va\/jurado\/\" \/>\n<meta property=\"og:site_name\" content=\"Certamen Internacional de M\u00fasica Villa de Altea\" \/>\n<meta property=\"article:modified_time\" content=\"2023-12-01T15:57:57+00:00\" \/>\n<meta name=\"twitter:card\" content=\"summary_large_image\" \/>\n<meta name=\"twitter:label1\" content=\"Est. reading time\">\n\t<meta name=\"twitter:data1\" content=\"0 minutes\">\n<script type=\"application\/ld+json\" class=\"yoast-schema-graph\">{\"@context\":\"https:\/\/schema.org\",\"@graph\":[{\"@type\":\"Organization\",\"@id\":\"https:\/\/www.certamenaltea.com\/#organization\",\"name\":\"Sociedad Filarm\\u00f3nica Alteanense\",\"url\":\"https:\/\/www.certamenaltea.com\/\",\"sameAs\":[],\"logo\":{\"@type\":\"ImageObject\",\"@id\":\"https:\/\/www.certamenaltea.com\/#logo\",\"inLanguage\":\"va\",\"url\":\"https:\/\/www.certamenaltea.com\/wp-content\/uploads\/2020\/08\/LOGO-SFA-res-web.jpg\",\"width\":600,\"height\":350,\"caption\":\"Sociedad Filarm\\u00f3nica Alteanense\"},\"image\":{\"@id\":\"https:\/\/www.certamenaltea.com\/#logo\"}},{\"@type\":\"WebSite\",\"@id\":\"https:\/\/www.certamenaltea.com\/#website\",\"url\":\"https:\/\/www.certamenaltea.com\/\",\"name\":\"Certamen Internacional de M\\u00fasica Villa de Altea\",\"description\":\"\",\"publisher\":{\"@id\":\"https:\/\/www.certamenaltea.com\/#organization\"},\"potentialAction\":[{\"@type\":\"SearchAction\",\"target\":\"https:\/\/www.certamenaltea.com\/?s={search_term_string}\",\"query-input\":\"required name=search_term_string\"}],\"inLanguage\":\"va\"},{\"@type\":\"WebPage\",\"@id\":\"https:\/\/www.certamenaltea.com\/va\/jurado\/#webpage\",\"url\":\"https:\/\/www.certamenaltea.com\/va\/jurado\/\",\"name\":\"Jurat - Certamen Internacional de M\\u00fasica Villa de Altea\",\"isPartOf\":{\"@id\":\"https:\/\/www.certamenaltea.com\/#website\"},\"datePublished\":\"2018-05-02T16:33:55+00:00\",\"dateModified\":\"2023-12-01T15:57:57+00:00\",\"inLanguage\":\"va\",\"potentialAction\":[{\"@type\":\"ReadAction\",\"target\":[\"https:\/\/www.certamenaltea.com\/va\/jurado\/\"]}]}]}<\/script>\n<!-- \/ Yoast SEO plugin. -->","_links":{"self":[{"href":"https:\/\/www.certamenaltea.com\/va\/wp-json\/wp\/v2\/pages\/938"}],"collection":[{"href":"https:\/\/www.certamenaltea.com\/va\/wp-json\/wp\/v2\/pages"}],"about":[{"href":"https:\/\/www.certamenaltea.com\/va\/wp-json\/wp\/v2\/types\/page"}],"author":[{"embeddable":true,"href":"https:\/\/www.certamenaltea.com\/va\/wp-json\/wp\/v2\/users\/1"}],"replies":[{"embeddable":true,"href":"https:\/\/www.certamenaltea.com\/va\/wp-json\/wp\/v2\/comments?post=938"}],"version-history":[{"count":14,"href":"https:\/\/www.certamenaltea.com\/va\/wp-json\/wp\/v2\/pages\/938\/revisions"}],"predecessor-version":[{"id":3542,"href":"https:\/\/www.certamenaltea.com\/va\/wp-json\/wp\/v2\/pages\/938\/revisions\/3542"}],"wp:attachment":[{"href":"https:\/\/www.certamenaltea.com\/va\/wp-json\/wp\/v2\/media?parent=938"}],"curies":[{"name":"wp","href":"https:\/\/api.w.org\/{rel}","templated":true}]}}