{"id":980,"date":"2018-05-04T14:14:30","date_gmt":"2018-05-04T14:14:30","guid":{"rendered":"http:\/\/certamenaltea.com\/programa\/"},"modified":"2023-12-03T11:54:10","modified_gmt":"2023-12-03T11:54:10","slug":"programa","status":"publish","type":"page","link":"https:\/\/www.certamenaltea.com\/va\/programa\/","title":{"rendered":"Programa"},"content":{"rendered":"<div align=\"left\">\u00a0<\/div>\n<div align=\"left\"><img loading=\"lazy\" decoding=\"async\" class=\"aligncenter wp-image-3606\" src=\"http:\/\/certamenaltea.com\/wp-content\/uploads\/2023\/12\/programa-val-49-01-300x90.jpg\" alt=\"\" width=\"600\" height=\"180\" srcset=\"https:\/\/www.certamenaltea.com\/wp-content\/uploads\/2023\/12\/programa-val-49-01-300x90.jpg 300w, https:\/\/www.certamenaltea.com\/wp-content\/uploads\/2023\/12\/programa-val-49-01-1024x307.jpg 1024w, https:\/\/www.certamenaltea.com\/wp-content\/uploads\/2023\/12\/programa-val-49-01-768x230.jpg 768w, https:\/\/www.certamenaltea.com\/wp-content\/uploads\/2023\/12\/programa-val-49-01.jpg 1250w\" sizes=\"(max-width: 600px) 100vw, 600px\" \/><\/div>\n<div align=\"left\">\u00a0<\/div>\n<div align=\"left\"><a href=\"http:\/\/certamenaltea.com\/va\/revista\/\"><img loading=\"lazy\" decoding=\"async\" class=\"aligncenter wp-image-2811 size-full\" src=\"http:\/\/certamenaltea.com\/wp-content\/uploads\/2021\/11\/revbanval.png\" alt=\"\" width=\"300\" height=\"75\" \/><\/a><\/div>\n<div align=\"left\">\u00a0<\/div>\n<div align=\"left\">\u00a0<\/div>\n<div style=\"text-align: center;\" align=\"left\">\n<div style=\"text-align: center;\" align=\"left\">\u00a0<\/div>\n<div style=\"text-align: center;\" align=\"left\">9 de desembre de 2023 \u2022 16.00 h \u2022 Palau Altea<\/div>\n<div style=\"text-align: center;\" align=\"left\">Obra obligada: <em><a href=\"http:\/\/certamenaltea.com\/va\/obra-obligada\/\" target=\"_blank\" rel=\"noopener noreferrer\"><strong>Homenaje a Joaqu\u00edn Sorolla<\/strong><\/a><\/em>, de Bernardo Adam Ferrero<\/div>\n<\/div>\n<div align=\"left\">\u00a0<\/div>\n<div align=\"left\"><hr \/><\/div>\n\n\n<p class=\"has-text-align-center\"><a href=\"http:\/\/certamenaltea.com\/asociacion-musical-motena-cuenca\/\" target=\"_blank\" rel=\"noreferrer noopener\"><strong><span class=\"has-inline-color has-vivid-cyan-blue-color\"><strong>ASOCIACI\u00d3N MUSICAL MOTE\u00d1A (Mota del Cuervo \u2013 Cuenca)<\/strong><\/span><\/strong><br><em>DIRECTOR: <em>JOSE ENRIQUE MART\u00cdNEZ EST\u00c9VEZ<\/em><\/em><\/a><\/p>\n\n\n\n<p class=\"has-text-align-center\"><span class=\"has-inline-color has-cyan-bluish-gray-color\">Obra de presentaci\u00f3 \/ Obra de presentaci\u00f3n&nbsp; \/ Presentation Piece:<\/span><br><strong><em><strong><em>The Iron Foundry<\/em><\/strong><\/em><\/strong>, d&#8217;A. Mosolov<\/p>\n\n\n\n<p class=\"has-text-align-center\"><span class=\"has-inline-color has-cyan-bluish-gray-color\">Obra obligada \/ Competition Compulsoy Work:<\/span><br><strong><em>Homenaje a Joaqu\u00edn Sorolla<\/em><\/strong>, de Bernardo Adam Ferrero<\/p>\n\n\n\n<p class=\"has-text-align-center\"><span class=\"has-inline-color has-cyan-bluish-gray-color\">Obra lliure \/ Obra libre \/ Work of free choice:<\/span><br><strong><em><strong><em>Sinfon\u00eda N.\u00ba 4 \u00abEl Quervo\u201d<\/em><\/strong><\/em><\/strong>, de Mart\u00ednez Gallego<\/p>\n\n\n\n<hr class=\"wp-block-separator\"\/>\n\n\n\n<p class=\"has-text-align-center\"><a href=\"http:\/\/certamenaltea.com\/centre-artistic-musical-santa-cecilia-de-foios-valencia\/\" target=\"_blank\" rel=\"noreferrer noopener\"><strong><span class=\"has-inline-color has-vivid-cyan-blue-color\">CENTRE ART\u00cdSTIC MUSICAL SANTA CECILIA DE FOIOS (Val\u00e8ncia)<\/span><\/strong><br><em>DIRECTOR: JOS\u00c9 MART\u00cdNEZ COLOMINA<\/em><\/a><\/p>\n\n\n\n<p class=\"has-text-align-center\"><span class=\"has-inline-color has-cyan-bluish-gray-color\">Obra de presentacio\u0301 \/ Obra de presentacio\u0301n&nbsp; \/Presentation Piece:<\/span><br><strong><em><strong><em>Las Arenas<\/em><\/strong><\/em><\/strong>, de Manuel Morales Mart\u00ednez<\/p>\n\n\n\n<p class=\"has-text-align-center\"><span class=\"has-inline-color has-cyan-bluish-gray-color\">Obra obligada \/ Competition Compulsoy Work:<\/span><br><strong><strong><em>Homenaje a Joaqu\u00edn Sorolla<\/em><\/strong><\/strong>, de Bernardo Adam Ferrero<\/p>\n\n\n\n<p class=\"has-text-align-center\"><span class=\"has-inline-color has-cyan-bluish-gray-color\">Obra lliure \/ Obra libre \/ Work of free choice<\/span><br><strong><em><strong><em>Second Symphony For Wind Orquestra<\/em><\/strong><\/em><\/strong>, de Luis Serrano Alarc\u00f3n<\/p>\n\n\n\n<hr class=\"wp-block-separator\"\/>\n\n\n\n<p class=\"has-text-align-center\"><a href=\"http:\/\/certamenaltea.com\/sociedad-musical-instructiva-santa-cecilia-cullera-valencia\/\" target=\"_blank\" rel=\"noreferrer noopener\"><strong><span class=\"has-inline-color has-vivid-cyan-blue-color\">SOCIEDAD MUSICAL INSTRUCTIVA SANTA CECILIA DE CULLERA (Val\u00e8ncia)<\/span><\/strong><br><em>DIRECTOR: CARLOS GARC\u00c9S FUENTELSAZ<\/em><\/a><\/p>\n\n\n\n<p class=\"has-text-align-center\"><span class=\"has-inline-color has-cyan-bluish-gray-color\">Obra de presentacio\u0301 \/ Obra de presentacio\u0301n&nbsp; \/ Presentation Piece:<\/span><br><strong><em><strong><em>New Dawn<\/em><\/strong><\/em><\/strong>, d&#8217;\u00d3scar Navarro<\/p>\n\n\n\n<p class=\"has-text-align-center\"><span class=\"has-inline-color has-cyan-bluish-gray-color\">Obra obligada \/ Competition Compulsoy Work:<\/span><br><strong><em><strong><em><strong><em>Homenaje a Joaqu\u00edn Sorolla<\/em><\/strong><\/em><\/strong><\/em><\/strong>, de Bernardo Adam Ferrero<\/p>\n\n\n\n<p class=\"has-text-align-center\"><span class=\"has-inline-color has-cyan-bluish-gray-color\">Obra lliure \/ Obra libre \/ Work of free choice<\/span><br><strong><em><strong><em>El Jard\u00edn de las Hesp\u00e9rides<\/em><\/strong><\/em><\/strong>, de Jos\u00e9 Su\u00f1er Oriola<\/p>\n\n\n\n<hr class=\"wp-block-separator\"\/>\n\n\n\n<p class=\"has-text-align-center\">CLOENDA \/ CLAUSURA \/ CLOSING CONCERT<\/p>\n\n\n\n<p class=\"has-text-align-center\"><strong><span class=\"has-inline-color has-vivid-cyan-blue-color\">BANDA SIMFO\u0300NICA DE LA STAT. FILHARMO\u0300NICA ALTEANENSE<\/span><\/strong><br><em>DIRECTOR: RAFAEL M. GARRIG\u00d3S GARC\u00cdA<\/em><\/p>\n\n\n\n<p class=\"has-text-align-center\"><strong><em><strong><em>Suite of Old American Dances<\/em><\/strong><\/em><\/strong>, de R. Russell Bennet<\/p>\n\n\n\n<div style=\"height:40px\" aria-hidden=\"true\" class=\"wp-block-spacer\"><\/div>\n\n\n\n<p class=\"has-text-align-center\"><img loading=\"lazy\" decoding=\"async\" width=\"50\" height=\"50\" class=\"wp-image-2783\" style=\"width: 50px;\" src=\"http:\/\/certamenaltea.com\/wp-content\/uploads\/2021\/11\/pngegg.png\" alt=\"\" srcset=\"https:\/\/www.certamenaltea.com\/wp-content\/uploads\/2021\/11\/pngegg.png 512w, https:\/\/www.certamenaltea.com\/wp-content\/uploads\/2021\/11\/pngegg-300x300.png 300w, https:\/\/www.certamenaltea.com\/wp-content\/uploads\/2021\/11\/pngegg-150x150.png 150w\" sizes=\"(max-width: 50px) 100vw, 50px\" \/><strong>Cerim\u00f2nia de premis<\/strong><img loading=\"lazy\" decoding=\"async\" width=\"50\" height=\"50\" class=\"wp-image-2783\" style=\"width: 50px;\" src=\"http:\/\/certamenaltea.com\/wp-content\/uploads\/2021\/11\/pngegg.png\" alt=\"\" srcset=\"https:\/\/www.certamenaltea.com\/wp-content\/uploads\/2021\/11\/pngegg.png 512w, https:\/\/www.certamenaltea.com\/wp-content\/uploads\/2021\/11\/pngegg-300x300.png 300w, https:\/\/www.certamenaltea.com\/wp-content\/uploads\/2021\/11\/pngegg-150x150.png 150w\" sizes=\"(max-width: 50px) 100vw, 50px\" \/><\/p>\n","protected":false},"excerpt":{"rendered":"<p>\u00a0 \u00a0 \u00a0 \u00a0 \u00a0 9 de desembre de 2023 \u2022 16.00 h \u2022 Palau Altea Obra obligada: Homenaje a Joaqu\u00edn Sorolla, de Bernardo Adam Ferrero \u00a0 ASOCIACI\u00d3N MUSICAL MOTE\u00d1A (Mota del Cuervo \u2013 Cuenca)DIRECTOR: JOSE ENRIQUE MART\u00cdNEZ EST\u00c9VEZ Obra de presentaci\u00f3 \/ Obra de presentaci\u00f3n&nbsp; \/ Presentation Piece:The Iron Foundry, d&#8217;A. Mosolov Obra obligada [&hellip;]<\/p>\n","protected":false},"author":1,"featured_media":0,"parent":0,"menu_order":0,"comment_status":"closed","ping_status":"closed","template":"","meta":{"footnotes":""},"yoast_head":"<!-- This site is optimized with the Yoast SEO plugin v15.5 - https:\/\/yoast.com\/wordpress\/plugins\/seo\/ -->\n<title>Programa - Certamen Internacional de M\u00fasica Villa de Altea<\/title>\n<meta name=\"robots\" content=\"index, follow, max-snippet:-1, max-image-preview:large, max-video-preview:-1\" \/>\n<link rel=\"canonical\" href=\"https:\/\/www.certamenaltea.com\/va\/programa\/\" \/>\n<meta property=\"og:locale\" content=\"en_US\" \/>\n<meta property=\"og:type\" content=\"article\" \/>\n<meta property=\"og:title\" content=\"Programa - Certamen Internacional de M\u00fasica Villa de Altea\" \/>\n<meta property=\"og:description\" content=\"\u00a0 \u00a0 \u00a0 \u00a0 \u00a0 9 de desembre de 2023 \u2022 16.00 h \u2022 Palau Altea Obra obligada: Homenaje a Joaqu\u00edn Sorolla, de Bernardo Adam Ferrero \u00a0 ASOCIACI\u00d3N MUSICAL MOTE\u00d1A (Mota del Cuervo \u2013 Cuenca)DIRECTOR: JOSE ENRIQUE MART\u00cdNEZ EST\u00c9VEZ Obra de presentaci\u00f3 \/ Obra de presentaci\u00f3n&nbsp; \/ Presentation Piece:The Iron Foundry, d&#8217;A. Mosolov Obra obligada [&hellip;]\" \/>\n<meta property=\"og:url\" content=\"https:\/\/www.certamenaltea.com\/va\/programa\/\" \/>\n<meta property=\"og:site_name\" content=\"Certamen Internacional de M\u00fasica Villa de Altea\" \/>\n<meta property=\"article:modified_time\" content=\"2023-12-03T11:54:10+00:00\" \/>\n<meta property=\"og:image\" content=\"http:\/\/certamenaltea.com\/wp-content\/uploads\/2023\/12\/programa-val-49-01-300x90.jpg\" \/>\n<meta name=\"twitter:card\" content=\"summary_large_image\" \/>\n<meta name=\"twitter:label1\" content=\"Est. reading time\">\n\t<meta name=\"twitter:data1\" content=\"1 minute\">\n<script type=\"application\/ld+json\" class=\"yoast-schema-graph\">{\"@context\":\"https:\/\/schema.org\",\"@graph\":[{\"@type\":\"Organization\",\"@id\":\"https:\/\/www.certamenaltea.com\/#organization\",\"name\":\"Sociedad Filarm\\u00f3nica Alteanense\",\"url\":\"https:\/\/www.certamenaltea.com\/\",\"sameAs\":[],\"logo\":{\"@type\":\"ImageObject\",\"@id\":\"https:\/\/www.certamenaltea.com\/#logo\",\"inLanguage\":\"va\",\"url\":\"https:\/\/www.certamenaltea.com\/wp-content\/uploads\/2020\/08\/LOGO-SFA-res-web.jpg\",\"width\":600,\"height\":350,\"caption\":\"Sociedad Filarm\\u00f3nica Alteanense\"},\"image\":{\"@id\":\"https:\/\/www.certamenaltea.com\/#logo\"}},{\"@type\":\"WebSite\",\"@id\":\"https:\/\/www.certamenaltea.com\/#website\",\"url\":\"https:\/\/www.certamenaltea.com\/\",\"name\":\"Certamen Internacional de M\\u00fasica Villa de Altea\",\"description\":\"\",\"publisher\":{\"@id\":\"https:\/\/www.certamenaltea.com\/#organization\"},\"potentialAction\":[{\"@type\":\"SearchAction\",\"target\":\"https:\/\/www.certamenaltea.com\/?s={search_term_string}\",\"query-input\":\"required name=search_term_string\"}],\"inLanguage\":\"va\"},{\"@type\":\"ImageObject\",\"@id\":\"https:\/\/www.certamenaltea.com\/va\/programa\/#primaryimage\",\"inLanguage\":\"va\",\"url\":\"http:\/\/certamenaltea.com\/wp-content\/uploads\/2023\/12\/programa-val-49-01-300x90.jpg\"},{\"@type\":\"WebPage\",\"@id\":\"https:\/\/www.certamenaltea.com\/va\/programa\/#webpage\",\"url\":\"https:\/\/www.certamenaltea.com\/va\/programa\/\",\"name\":\"Programa - Certamen Internacional de M\\u00fasica Villa de Altea\",\"isPartOf\":{\"@id\":\"https:\/\/www.certamenaltea.com\/#website\"},\"primaryImageOfPage\":{\"@id\":\"https:\/\/www.certamenaltea.com\/va\/programa\/#primaryimage\"},\"datePublished\":\"2018-05-04T14:14:30+00:00\",\"dateModified\":\"2023-12-03T11:54:10+00:00\",\"inLanguage\":\"va\",\"potentialAction\":[{\"@type\":\"ReadAction\",\"target\":[\"https:\/\/www.certamenaltea.com\/va\/programa\/\"]}]}]}<\/script>\n<!-- \/ Yoast SEO plugin. -->","_links":{"self":[{"href":"https:\/\/www.certamenaltea.com\/va\/wp-json\/wp\/v2\/pages\/980"}],"collection":[{"href":"https:\/\/www.certamenaltea.com\/va\/wp-json\/wp\/v2\/pages"}],"about":[{"href":"https:\/\/www.certamenaltea.com\/va\/wp-json\/wp\/v2\/types\/page"}],"author":[{"embeddable":true,"href":"https:\/\/www.certamenaltea.com\/va\/wp-json\/wp\/v2\/users\/1"}],"replies":[{"embeddable":true,"href":"https:\/\/www.certamenaltea.com\/va\/wp-json\/wp\/v2\/comments?post=980"}],"version-history":[{"count":22,"href":"https:\/\/www.certamenaltea.com\/va\/wp-json\/wp\/v2\/pages\/980\/revisions"}],"predecessor-version":[{"id":3612,"href":"https:\/\/www.certamenaltea.com\/va\/wp-json\/wp\/v2\/pages\/980\/revisions\/3612"}],"wp:attachment":[{"href":"https:\/\/www.certamenaltea.com\/va\/wp-json\/wp\/v2\/media?parent=980"}],"curies":[{"name":"wp","href":"https:\/\/api.w.org\/{rel}","templated":true}]}}