{"id":991,"date":"2018-05-04T14:38:03","date_gmt":"2018-05-04T14:38:03","guid":{"rendered":"http:\/\/certamenaltea.com\/bases-del-certamen\/"},"modified":"2023-03-21T19:39:05","modified_gmt":"2023-03-21T19:39:05","slug":"bases","status":"publish","type":"page","link":"https:\/\/www.certamenaltea.com\/va\/bases\/","title":{"rendered":"Bases del certamen"},"content":{"rendered":"<p>La \u201cSocietat Filharm\u00f2nica Alteanense\u201d, com a entitat organitzadora del Certamen Internacional de M\u00fasica \u201cVila d\u2019Altea\u201d (CIMALTEA), ha acordat convocar la 49 edici\u00f3, que tindr\u00e0 lloc el dia <strong>9 de desembre de 2023 al Palau Altea Centre d\u2019Arts<\/strong>, dedicada al \u201cCENTENARI DE LA DEFUNCI\u00d3 DEL PINTOR <em>JOAQU\u00cdN SOROLLA (1863-1923)<\/em>, d&#8217;acord amb les seg\u00fcents<\/p>\n<h2>:: BASES<\/h2>\n<p><strong style=\"font-size: inherit;\"><img loading=\"lazy\" decoding=\"async\" class=\"wp-image-3285 size-medium alignright\" src=\"http:\/\/certamenaltea.com\/wp-content\/uploads\/2023\/03\/Bases-49-CIMALTEA_2023-1-1-212x300.jpg\" alt=\"\" width=\"212\" height=\"300\" srcset=\"https:\/\/www.certamenaltea.com\/wp-content\/uploads\/2023\/03\/Bases-49-CIMALTEA_2023-1-1-212x300.jpg 212w, https:\/\/www.certamenaltea.com\/wp-content\/uploads\/2023\/03\/Bases-49-CIMALTEA_2023-1-1-724x1024.jpg 724w, https:\/\/www.certamenaltea.com\/wp-content\/uploads\/2023\/03\/Bases-49-CIMALTEA_2023-1-1-768x1086.jpg 768w, https:\/\/www.certamenaltea.com\/wp-content\/uploads\/2023\/03\/Bases-49-CIMALTEA_2023-1-1-1086x1536.jpg 1086w, https:\/\/www.certamenaltea.com\/wp-content\/uploads\/2023\/03\/Bases-49-CIMALTEA_2023-1-1-1448x2048.jpg 1448w, https:\/\/www.certamenaltea.com\/wp-content\/uploads\/2023\/03\/Bases-49-CIMALTEA_2023-1-1-scaled.jpg 1810w\" sizes=\"(max-width: 212px) 100vw, 212px\" \/><\/strong><strong>1a.<\/strong> El Certamen Internacional de M\u00fasica \u201cVila d\u2019Altea\u201d tindr\u00e0 lloc el dia <strong>9 de desembre de 2023 en el Palau Altea Centre d\u2019Arts<\/strong>. Podran participar en aquest Certamen societats musicals amb bandes simf\u00f2niques de m\u00fasica no professionals, les plantilles de la qual estaran compostes b\u00e0sicament per instruments de vent (fusta i metall) i percussi\u00f3, amb l&#8217;aportaci\u00f3 d&#8217;instruments de corda fregada que cada agrupaci\u00f3 band\u00edstica estime oport\u00fa. El nombre m\u00e0xim de places de les bandes participants en el Certamen ser\u00e0 de fins a 135 int\u00e8rprets.<\/p>\n<p><strong>2a.<\/strong> El termini d&#8217;inscripci\u00f3 comen\u00e7ar\u00e0 el dia <strong>5 de maig de 2023 i finalitzar\u00e0 el dia 31 de maig de 2023<\/strong>.<\/p>\n<p>La resoluci\u00f3 de les bandes seleccionades ser\u00e0 publicada en la p\u00e0gina web del Certamen (<a href=\"http:\/\/certamenaltea.com\">www.cimaltea.com<\/a>) amb anterioritat al dia <strong>112 de juny de 2023<\/strong>, sense perjudici del que es disposa en el par\u00e0graf seg\u00fcent.<\/p>\n<p>La Comissi\u00f3 Organitzadora es reserva la facultat de prorrogar el termini d&#8217;inscripci\u00f3, pr\u00e8via comunicaci\u00f3 a la Federaci\u00f3 de Societats Musicals de la Comunitat Valenciana (FSMCV).<\/p>\n<p><strong>3a.<\/strong> La sol\u00b7licitud s&#8217;haur\u00e0 de formalitzar de manera telem\u00e0tica, a trav\u00e9s de la web <a href=\"http:\/\/certamenaltea.com\">www.cimaltea.com<\/a>. Finalitzat el tr\u00e0mit telem\u00e0tic, rebr\u00e0 per correu electr\u00f2nic la seua sol\u00b7licitud, en arxiu adjunt PDF, el qual s&#8217;haur\u00e0 d\u2019enviar signat pel representant legal al correu electr\u00f2nic: <a href=\"mailto:gestion@certamenaltea.com\">gestion@certamenaltea.com<\/a>.<\/p>\n<p>Adjunt a la sol\u00b7licitud s&#8217;aportar\u00e0:<\/p>\n<ul>\n<li>Curr\u00edculum de la banda i del director\/a (amb un m\u00e0xim de 1200 car\u00e0cters amb espais).<\/li>\n<li>Justificant d&#8217;ingr\u00e9s d&#8217;una fian\u00e7a de 600 \u20ac, que es far\u00e0 efectiva en el moment de la inscripci\u00f3 de la societat i que es retornar\u00e0 en els dies successius a la resoluci\u00f3 de la selecci\u00f3, excepte per a les participants en el Certamen que es retornar\u00e0 una vegada finalitzat el mateix. La fian\u00e7a s&#8217;ingressar\u00e0 en el seg\u00fcent compte corrent de CaixaBank: Cta. IBAN: ES46 2100 2611 3413 0028 5423, BIC: CAIXESBBXXX, indicant el nom de la societat musical i el text &#8220;<strong style=\"font-size: inherit;\">Inscripci\u00f3 49 CIMALTEA<\/strong><span style=\"font-size: inherit;\">&#8220;.<\/span><\/li>\n<li>A m\u00e9s es podran enviar opcionalment altres documents que es consideren d&#8217;inter\u00e9s (enregistraments recents de la banda, v\u00eddeos, etc.).<\/li>\n<\/ul>\n<p><strong>4a.<\/strong> D&#8217;entre totes les sol\u00b7licituds rebudes, la Comissi\u00f3 Organitzadora seleccionar\u00e0 un m\u00e0xim de <strong>tres societats musicals<\/strong> per a la seua participaci\u00f3 en el Certamen.<\/p>\n<p>Si alguna de les designades per a participar no ho fera, quedar\u00e0 inhabilitada per a intervindre en el Certamen durant els cinc anys seg\u00fcents, perdr\u00e0 la fian\u00e7a depositada, a m\u00e9s indemnitzar\u00e0 a la SFA, com a entitat organitzadora, per danys i perjudicis que s&#8217;estimen en la quantitat de 3.000 \u20ac, excepte concurr\u00e8ncia de for\u00e7a major.<\/p>\n<p>Les bandes de les societats musicals no designades quedaran com a reserva.<\/p>\n<p><strong>5a.<\/strong> Cadascuna de les bandes interpretar\u00e0 les peces amb el seg\u00fcent ordre:<\/p>\n<ol>\n<li>Una composici\u00f3 curta de lliure elecci\u00f3, no puntuable, que servir\u00e0 de presentaci\u00f3 en el Certamen.<\/li>\n<li>L&#8217;obra obligada del Certamen: <strong><em>\u201cHOMENAJE A JOAQU\u00cdN SOROLLA\u201d<\/em> de Bernardo Adam Ferrero (1942-2022).<\/strong><\/li>\n<li>Una obra de lliure elecci\u00f3<\/li>\n<\/ol>\n<p>En el moment que l&#8217;indique l&#8217;Organitzaci\u00f3, el personal log\u00edstic acreditat de les societats musicals participants tindran un m\u00e0xim de 20 minuts per al muntatge de l&#8217;escenari per a la seua actuaci\u00f3. Aix\u00ed mateix, la duraci\u00f3 de cada banda sobre l&#8217;escenari no excedir\u00e0 de 60 minuts; comptats des de l&#8217;inici de la composici\u00f3 curta de lliure elecci\u00f3 de presentaci\u00f3. El jurat penalitzar\u00e0 amb 5 punts per cada minut o fracci\u00f3 que sobrepasse el temps l\u00edmit establit.<\/p>\n<p>La partitura de l&#8217;obra obligada es podr\u00e0 consultar, durant el termini d&#8217;inscripci\u00f3, telem\u00e0ticament a trav\u00e9s de <a href=\"http:\/\/certamenaltea.com\">www.cimaltea.com<\/a>.<\/p>\n<p>L&#8217;Organitzaci\u00f3 queda exempta de qualsevol eventual reclamaci\u00f3 extrajudicial o judicial per drets de propietat intel\u00b7lectual d&#8217;autores\/\u00e9s, artistes, int\u00e8rprets, executants i directors en ocasi\u00f3 de la interpretaci\u00f3 de les obres lliures.<\/p>\n<p>\u00a0<\/p>\n<p><strong>6a.<\/strong> La Comissi\u00f3 Organitzadora del Certamen determinar\u00e0 l&#8217;ordre d&#8217;actuaci\u00f3 de les bandes en atenci\u00f3 a q\u00fcestions t\u00e8cniques i de desenvolupament de l&#8217;esdeveniment, sent comunicat a les societats musicals en l&#8217;acte on se sortejaran els components del jurat tal com indica la base 11a. <strong>La Comissi\u00f3 Organitzadora efectuar\u00e0 el sorteig amb anterioritat al 10 de juliol de 2023<\/strong>, en el lloc a designar per l&#8217;organitzaci\u00f3 i que ser\u00e0 notificat a totes les societats musicals seleccionades.<\/p>\n<p>Despr\u00e9s de l&#8217;acte del sorteig i en el mateix dia, la Comissi\u00f3 Organitzadora facilitar\u00e0 a les persones representants de cadascuna de les bandes seleccionades un exemplar de l&#8217;obra obligada.<\/p>\n<p>\u00a0<\/p>\n<p><strong>7a.<\/strong> <strong>Abans del dia 15 de setembre de 2023<\/strong>, les bandes seleccionades entregaran a la Comissi\u00f3 Organitzadora la seg\u00fcent documentaci\u00f3:<\/p>\n<ul>\n<li>Inventari de dades sobre la participaci\u00f3 (es facilitar\u00e0 el dia del sorteig per l\u2019Organitzaci\u00f3).<\/li>\n<li>Llistat de m\u00fasics participants en suport inform\u00e0tic editable (format XLS, XLSX, DOC, DOCX, etc.) incloent les seg\u00fcents dades: a) nom i cognoms, b) DNI, c) instrument, d) indicaci\u00f3 de si realitza algun solo en alguna obra i e) indicaci\u00f3 si \u00e9s persona aliena a la plantilla. Es podr\u00e0 incloure opcionalment e-mail i\/o tel\u00e8fon de contacte. Es podr\u00e0 modificar aquest llistat fins a 7 dies abans del Certamen.<\/li>\n<li>A m\u00e9s del llistat anterior, s&#8217;haur\u00e0 d&#8217;aportar certificaci\u00f3 del llistat de m\u00fasics tal com es descriu en la base 9.2.b, nom\u00e9s si es compleix tal circumst\u00e0ncia indicada en aquesta base. Es podr\u00e0 reempla\u00e7ar o actualitzar aquesta certificaci\u00f3 fins a 7 dies abans del Certamen.<\/li>\n<li>Quatre exemplars de la partitura de l&#8217;obra lliure, conforme a Llei.<\/li>\n<li>Un exemplar de la partitura o del gui\u00f3 de la composici\u00f3 curta de lliure elecci\u00f3.<\/li>\n<li>V\u00eddeo de presentaci\u00f3 de la banda en format AVI\/MP4 o b\u00e9 enlla\u00e7 digital (YouTube, Drive, Dropbox, etc.). La duraci\u00f3 m\u00e0xima ha de ser de <strong style=\"font-size: inherit;\">3 minuts<\/strong><span style=\"font-size: inherit;\">. Cas de superar-los, la Comissi\u00f3 Organitzadora es reserva el dret a retallar-lo.<\/span><\/li>\n<li>Fotografia recent de la banda i del director\/a en format JPG o enlla\u00e7 digital.<\/li>\n<li>Breu historial de la banda i curr\u00edculum del director\/a en suport inform\u00e0tic editable (format DOC, DOCX, TXT, PDF, etc.) <strong style=\"font-size: inherit;\">amb un M\u00c0XIM de 1200<\/strong><span style=\"font-size: inherit;\"> car\u00e0cters cadascun.<\/span><\/li>\n<\/ul>\n<p>Iniciada la confecci\u00f3 dels programes no s&#8217;admetran m\u00e9s originals i, per tant, la seua no publicaci\u00f3 queda sota la sola responsabilitat de la Societat que incomplisca aquest termini. La banda que desitge canviar alguna de les composicions de la seua lliure elecci\u00f3 podr\u00e0 fer-ho nom\u00e9s si ho autoritza la Comissi\u00f3 Organitzadora i sempre que s&#8217;haja notificat per escrit abans del dia <strong>1 d&#8217;octubre de 2023<\/strong>.<\/p>\n<p><strong>8a. <\/strong>Les societats musicals participants podran incloure un m\u00e0xim de <strong>huit int\u00e8rprets aliens<\/strong> a la plantilla. Cap int\u00e8rpret podr\u00e0 participar en m\u00e9s d&#8217;una banda de les inscrites.<\/p>\n<p>Excepcionalment i pr\u00e8via sol\u00b7licitud raonada per escrit, amb almenys 15 dies d&#8217;antelaci\u00f3 a la celebraci\u00f3 del Certamen, l&#8217;Organitzaci\u00f3 permetr\u00e0 el canvi de m\u00fasics entre les dues obres puntuables, en ra\u00f3 a l&#8217;exig\u00e8ncia de l&#8217;obra obligada. En cap cas els m\u00fasics sobre l&#8217;escenari podran excedir del n\u00famero m\u00e0xim establit en la base 1a.<\/p>\n<p>Els banderers de les societats musicals que acudisquen i no participen com a m\u00fasics, no computaran a l&#8217;efecte de plantilla.<\/p>\n<p><strong>9a.<\/strong> El control dels m\u00fasics actuants ser\u00e0 exercit per una comissi\u00f3 de vigil\u00e0ncia, integrada per components de la Federaci\u00f3 de Societats Musicals de la Comunitat Valenciana (FSMCV), segons Conveni signat a aquest efecte, sent aplicable el Reglament sobre cert\u00e0mens d&#8217;aquesta federaci\u00f3.<\/p>\n<p>El sistema de control de m\u00fasics que actuen en aquest Certamen s&#8217;efectuar\u00e0 conforme als seg\u00fcents criteris:<\/p>\n<p><strong>a)<\/strong> Quan nom\u00e9s participen societats musicals federades en la FSMCV, s&#8217;aplicar\u00e0 exclusivament el Reglament d&#8217;aquesta Federaci\u00f3, sense necessitat de presentar el llistat federatiu de m\u00fasics.<\/p>\n<p><strong>b)<\/strong> Si participaren societats d&#8217;altres comunitats aut\u00f2nomes espanyoles o bandes estrangeres, el control de les\/els integrants de totes les bandes es basar\u00e0 en el certificat del llistat de m\u00fasics que proporcionen les federacions a les quals pertanguen les bandes, o b\u00e9, en un certificat expedit pel Secretari de l&#8217;agrupaci\u00f3 i amb el vistiplau del President.<\/p>\n<p><strong>c)<\/strong> En tots els sup\u00f2sits previstos en els apartats a i b, queden exempts dels certificats els m\u00fasics aliens a la plantilla als quals es refereix la base 8a.<\/p>\n<p><strong>d)<\/strong> En el control d&#8217;acc\u00e9s, la identificaci\u00f3 personal dels m\u00fasics es realitzar\u00e0 per mitj\u00e0 de l&#8217;exhibici\u00f3 del seu DNI o un altre document oficial, sempre originals, que acrediten la seua identitat amb fotografia.<\/p>\n<p>La Federaci\u00f3 de Societats Musicals de la Comunitat Valenciana emetr\u00e0 un informe al Comit\u00e9 Organitzador referent a la situaci\u00f3 de les bandes participants i a les incid\u00e8ncies, si n&#8217;hi haguera.<\/p>\n<p><strong>10a.<\/strong> Cada banda participant en el Certamen ser\u00e0 responsable d&#8217;aportar tots els instruments necessaris per a la seua participaci\u00f3. Si f\u00f3ra sol\u00b7licitat, l&#8217;Organitzaci\u00f3 podr\u00e0 posar a la disposici\u00f3 de les bandes participants els instruments de percussi\u00f3 propietat de la SFA i un piano de mitja cua.<\/p>\n<p><strong>11a<\/strong>. El Jurat del Certamen estar\u00e0 compost per tres m\u00fasics de reconegut prestigi, dos dels quals seran triats per sorteig d&#8217;entre els relacionats en la llista confeccionada per la Comissi\u00f3 Organitzadora. El tercer component del Jurat ser\u00e0 nomenat per la Comissi\u00f3 Organitzadora que designar\u00e0, aix\u00ed mateix, la Presid\u00e8ncia del Jurat. La Comissi\u00f3 Organitzadora efectuar\u00e0 el sorteig <strong>amb<\/strong> <strong>anterioritat al 10 de juliol de 2023<\/strong>.<\/p>\n<p><strong>12a.<\/strong> Cadascun dels tres integrants del Jurat qualificar\u00e0 a les bandes amb una puntuaci\u00f3 de 0 a 10, admetent-se fraccions de mig punt, per cadascun dels seg\u00fcents aspectes: afinaci\u00f3, sonoritat, interpretaci\u00f3 i t\u00e8cnica, tant en l&#8217;obra obligada com en la de lliure elecci\u00f3. Tamb\u00e9 es valorar\u00e0 l&#8217;equilibri i proporcions de la plantilla orquestral, aix\u00ed com l&#8217;elecci\u00f3 de l&#8217;obra lliure. La puntuaci\u00f3 final de cada banda ser\u00e0 la suma de totes les puntuacions parcials atorgades. Les puntuacions seran p\u00fabliques i inapel\u00b7lables.<\/p>\n<p>Realitzar\u00e0 les funcions de secretaria del jurat un\/a representant de la Societat Filharm\u00f2nica Alteanense, assistit per personal administratiu, tots dos amb veu per\u00f2 sense vot. Es trobar\u00e0 present, amb dret a veu per\u00f2 sense vot, un delegat de la Federaci\u00f3 de Societats Musicals de la Comunitat Valenciana.<\/p>\n<p><strong>13a.<\/strong> Es concediran els seg\u00fcents premis:<\/p>\n<p><strong>Primer Premi<\/strong>, si la puntuaci\u00f3 final est\u00e0 entre 250 i 300 punts<\/p>\n<p><strong>Segon Premi<\/strong>, si la puntuaci\u00f3 final \u00e9s igual o superior a 200 punts i inferior a 250 punts<\/p>\n<p><strong>Tercer Premi<\/strong>, si la puntuaci\u00f3 final \u00e9s igual o superior a 150 punts i inferior a 200 punts<\/p>\n<p>Obtindr\u00e0 <strong>Menci\u00f3 d&#8217;Honor<\/strong> la Societat la banda de la qual que aconseguisca major puntuaci\u00f3, sempre que aquesta siga igual o superior a 250 punts. La Menci\u00f3 d&#8217;Honor no podr\u00e0 ser compartida. Les bandes participants rebran un diploma que acredite el premi obtingut.<\/p>\n<p>La banda que obtinga major puntuaci\u00f3 rebr\u00e0 el \u201c<strong>Trofeu Societat Filharm\u00f2nica Alteanense<\/strong>\u201d i el \u201c<strong>Premi Vila d\u2019Altea<\/strong>\u201d, dotat amb 6.000,00 \u20ac. Aquest premi no podr\u00e0 ser compartit ni declarat desert. En cas d&#8217;empat entre dues bandes, a major puntuaci\u00f3, les\/els integrants del Jurat decidiran per majoria a quina d&#8217;elles se li atorga el premi i el trofeu. Cadascuna de les restants bandes percebr\u00e0, per la seua participaci\u00f3, 3.000,00 \u20ac. Les bandes participants amb una dist\u00e0ncia superior als 500 Km. per trajecte, rebran una ajuda addicional per a transport i allotjament.<\/p>\n<p>S&#8217;atorgar\u00e0 \u201c<strong><em>Corbat\u00ed d\u2019Or<\/em><\/strong>&#8221; a la banda que haja obtingut 1r Premi del Certamen en tres ocasions.<\/p>\n<p>S&#8217;atorgar\u00e0 \u201c<strong><em>Batuta d\u2019Or<\/em><\/strong>&#8221; al director\/al fet que haja obtingut 1r Premi del Certamen en tres ocasions.<\/p>\n<p>Es podr\u00e0 atorgar premi especial del jurat al millor int\u00e8rpret solista de les bandes concursants. El premi consistir\u00e0 en un diploma acreditatiu.<\/p>\n<p>Aix\u00ed mateix, el jurat podr\u00e0 atorgar mencions addicionals per a interpretacions d&#8217;inter\u00e9s particular o per a directors que han demostrat habilitats art\u00edstiques particulars.<\/p>\n<p><strong>14a.<\/strong> El fet de conc\u00f3rrer a aquest Certamen comporta la cessi\u00f3 a la Comissi\u00f3 Organitzadora dels drets d&#8217;imatge i so i la documentaci\u00f3 aportada conforme a les bases, tot aix\u00f2 amb total indemnitat per a la Comissi\u00f3 Organitzadora i en tot cas per a la Societat Filharm\u00f2nica Alteanense.<\/p>\n<p><strong>15a.<\/strong> La participaci\u00f3 en aquest Certamen suposa l&#8217;acceptaci\u00f3 expressa d&#8217;aquestes bases, aix\u00ed com de les decisions adoptades per la Comissi\u00f3 Organitzadora en la seua execuci\u00f3, desenvolupament i interpretaci\u00f3, i de totes les q\u00fcestions no previstes en aquestes. <strong>L&#8217;organitzaci\u00f3 es reserva el dret a modificar les bases o adoptar les decisions sobre aspectes no regulats en aquestes, per raons d&#8217;inter\u00e9s general que contribu\u00efsquen a un major \u00e8xit del certamen.<\/strong><\/p>\n<p><strong>16a.<\/strong> Les bandes, els membres de les quals alteren el normal desenvolupament del Certamen i no acaten les decisions del Comit\u00e9 Organitzador, una vegada provada la seua responsabilitat en els fets, podran ser sancionades per l&#8217;esmentat Comit\u00e9 Organitzador, amb la inhabilitaci\u00f3 per a participar en el Certamen per un per\u00edode de cinc a deu anys. En el desenvolupament de l&#8217;activitat organitzativa, el President designar\u00e0 la persona que li substitu\u00efsca en cas d&#8217;abs\u00e8ncia o malaltia. El comit\u00e9 organitzador \u00e9s el responsable de la interpretaci\u00f3 de les normes previstes en la present convocat\u00f2ria, aix\u00ed com de la resoluci\u00f3 de qualsevol incid\u00e8ncia que poguera presentar-se en el desenvolupament del certamen.<\/p>\n<p><strong>17a.<\/strong> Les dades registrades pels participants seran recollits i tractats conforme a la Llei 3\/2018, de 5 de desembre, de Protecci\u00f3 de Dades Personals i garantia dels drets digitals i el Reglament (UE) 2016\/679 del Parlament Europeu i del Consell, de 27 d&#8217;abril de 2016, relatiu a la protecci\u00f3 de les persones f\u00edsiques pel que fa al tractament de dades personals i a la lliure circulaci\u00f3 d&#8217;aquestes dades i pel qual es deroga la Directiva 95\/46\/CE (Reglament general de protecci\u00f3 de dades).<\/p>\n<p><strong>18a.<\/strong> Les societats o entitats a les quals pertanyen les bandes participants en el Certamen, amb ren\u00fancia expressa al seu propi fur, i per aplicaci\u00f3 del que es disposa en l&#8217;article 55 de la Llei d&#8217;Enjudiciament Civil, se sotmeten al fur i compet\u00e8ncia territorial dels Jutjats i Tribunals de Benidorm i dels seus immediats jer\u00e0rquics superiors, amb vista a dilucidar qualsevol conflicte d&#8217;interessos sorgit en ocasi\u00f3 d&#8217;aquestes bases i de la convocat\u00f2ria i celebraci\u00f3 del 49 Certamen Internacional de M\u00fasica \u201cVila d\u2019Altea\u201d.<\/p>\n<p style=\"text-align: center;\"><a href=\"http:\/\/certamenaltea.com\/wp-content\/uploads\/2023\/03\/Bases-49-CIMALTEA_2023.pdf\" target=\"_blank\" rel=\"noopener noreferrer\"><img loading=\"lazy\" decoding=\"async\" class=\"aligncenter wp-image-2151 size-full\" src=\"http:\/\/certamenaltea.com\/wp-content\/uploads\/2020\/10\/pdficon.png\" alt=\"\" width=\"64\" height=\"64\" \/><\/a><a href=\"http:\/\/certamenaltea.com\/wp-content\/uploads\/2023\/03\/Bases-49-CIMALTEA_2023.pdf\" target=\"_blank\" rel=\"noopener noreferrer\">Descarregar en PDF<\/a><\/p>\n\n\n<p><\/p>\n","protected":false},"excerpt":{"rendered":"<p>La \u201cSocietat Filharm\u00f2nica Alteanense\u201d, com a entitat organitzadora del Certamen Internacional de M\u00fasica \u201cVila d\u2019Altea\u201d (CIMALTEA), ha acordat convocar la 49 edici\u00f3, que tindr\u00e0 lloc el dia 9 de desembre de 2023 al Palau Altea Centre d\u2019Arts, dedicada al \u201cCENTENARI DE LA DEFUNCI\u00d3 DEL PINTOR JOAQU\u00cdN SOROLLA (1863-1923), d&#8217;acord amb les seg\u00fcents :: BASES 1a. [&hellip;]<\/p>\n","protected":false},"author":1,"featured_media":0,"parent":0,"menu_order":0,"comment_status":"closed","ping_status":"closed","template":"","meta":{"footnotes":""},"yoast_head":"<!-- This site is optimized with the Yoast SEO plugin v15.5 - https:\/\/yoast.com\/wordpress\/plugins\/seo\/ -->\n<title>Bases del certamen - Certamen Internacional de M\u00fasica Villa de Altea<\/title>\n<meta name=\"robots\" content=\"index, follow, max-snippet:-1, max-image-preview:large, max-video-preview:-1\" \/>\n<link rel=\"canonical\" href=\"https:\/\/www.certamenaltea.com\/va\/bases\/\" \/>\n<meta property=\"og:locale\" content=\"en_US\" \/>\n<meta property=\"og:type\" content=\"article\" \/>\n<meta property=\"og:title\" content=\"Bases del certamen - Certamen Internacional de M\u00fasica Villa de Altea\" \/>\n<meta property=\"og:description\" content=\"La \u201cSocietat Filharm\u00f2nica Alteanense\u201d, com a entitat organitzadora del Certamen Internacional de M\u00fasica \u201cVila d\u2019Altea\u201d (CIMALTEA), ha acordat convocar la 49 edici\u00f3, que tindr\u00e0 lloc el dia 9 de desembre de 2023 al Palau Altea Centre d\u2019Arts, dedicada al \u201cCENTENARI DE LA DEFUNCI\u00d3 DEL PINTOR JOAQU\u00cdN SOROLLA (1863-1923), d&#8217;acord amb les seg\u00fcents :: BASES 1a. [&hellip;]\" \/>\n<meta property=\"og:url\" content=\"https:\/\/www.certamenaltea.com\/va\/bases\/\" \/>\n<meta property=\"og:site_name\" content=\"Certamen Internacional de M\u00fasica Villa de Altea\" \/>\n<meta property=\"article:modified_time\" content=\"2023-03-21T19:39:05+00:00\" \/>\n<meta property=\"og:image\" content=\"http:\/\/certamenaltea.com\/wp-content\/uploads\/2023\/03\/Bases-49-CIMALTEA_2023-1-1-212x300.jpg\" \/>\n<meta name=\"twitter:card\" content=\"summary_large_image\" \/>\n<meta name=\"twitter:label1\" content=\"Est. reading time\">\n\t<meta name=\"twitter:data1\" content=\"9 minutes\">\n<script type=\"application\/ld+json\" class=\"yoast-schema-graph\">{\"@context\":\"https:\/\/schema.org\",\"@graph\":[{\"@type\":\"Organization\",\"@id\":\"https:\/\/www.certamenaltea.com\/#organization\",\"name\":\"Sociedad Filarm\\u00f3nica Alteanense\",\"url\":\"https:\/\/www.certamenaltea.com\/\",\"sameAs\":[],\"logo\":{\"@type\":\"ImageObject\",\"@id\":\"https:\/\/www.certamenaltea.com\/#logo\",\"inLanguage\":\"va\",\"url\":\"https:\/\/www.certamenaltea.com\/wp-content\/uploads\/2020\/08\/LOGO-SFA-res-web.jpg\",\"width\":600,\"height\":350,\"caption\":\"Sociedad Filarm\\u00f3nica Alteanense\"},\"image\":{\"@id\":\"https:\/\/www.certamenaltea.com\/#logo\"}},{\"@type\":\"WebSite\",\"@id\":\"https:\/\/www.certamenaltea.com\/#website\",\"url\":\"https:\/\/www.certamenaltea.com\/\",\"name\":\"Certamen Internacional de M\\u00fasica Villa de Altea\",\"description\":\"\",\"publisher\":{\"@id\":\"https:\/\/www.certamenaltea.com\/#organization\"},\"potentialAction\":[{\"@type\":\"SearchAction\",\"target\":\"https:\/\/www.certamenaltea.com\/?s={search_term_string}\",\"query-input\":\"required name=search_term_string\"}],\"inLanguage\":\"va\"},{\"@type\":\"ImageObject\",\"@id\":\"https:\/\/www.certamenaltea.com\/va\/bases\/#primaryimage\",\"inLanguage\":\"va\",\"url\":\"http:\/\/certamenaltea.com\/wp-content\/uploads\/2023\/03\/Bases-49-CIMALTEA_2023-1-1-212x300.jpg\"},{\"@type\":\"WebPage\",\"@id\":\"https:\/\/www.certamenaltea.com\/va\/bases\/#webpage\",\"url\":\"https:\/\/www.certamenaltea.com\/va\/bases\/\",\"name\":\"Bases del certamen - Certamen Internacional de M\\u00fasica Villa de Altea\",\"isPartOf\":{\"@id\":\"https:\/\/www.certamenaltea.com\/#website\"},\"primaryImageOfPage\":{\"@id\":\"https:\/\/www.certamenaltea.com\/va\/bases\/#primaryimage\"},\"datePublished\":\"2018-05-04T14:38:03+00:00\",\"dateModified\":\"2023-03-21T19:39:05+00:00\",\"inLanguage\":\"va\",\"potentialAction\":[{\"@type\":\"ReadAction\",\"target\":[\"https:\/\/www.certamenaltea.com\/va\/bases\/\"]}]}]}<\/script>\n<!-- \/ Yoast SEO plugin. -->","_links":{"self":[{"href":"https:\/\/www.certamenaltea.com\/va\/wp-json\/wp\/v2\/pages\/991"}],"collection":[{"href":"https:\/\/www.certamenaltea.com\/va\/wp-json\/wp\/v2\/pages"}],"about":[{"href":"https:\/\/www.certamenaltea.com\/va\/wp-json\/wp\/v2\/types\/page"}],"author":[{"embeddable":true,"href":"https:\/\/www.certamenaltea.com\/va\/wp-json\/wp\/v2\/users\/1"}],"replies":[{"embeddable":true,"href":"https:\/\/www.certamenaltea.com\/va\/wp-json\/wp\/v2\/comments?post=991"}],"version-history":[{"count":15,"href":"https:\/\/www.certamenaltea.com\/va\/wp-json\/wp\/v2\/pages\/991\/revisions"}],"predecessor-version":[{"id":3286,"href":"https:\/\/www.certamenaltea.com\/va\/wp-json\/wp\/v2\/pages\/991\/revisions\/3286"}],"wp:attachment":[{"href":"https:\/\/www.certamenaltea.com\/va\/wp-json\/wp\/v2\/media?parent=991"}],"curies":[{"name":"wp","href":"https:\/\/api.w.org\/{rel}","templated":true}]}}