{"id":995,"date":"2018-05-04T14:42:22","date_gmt":"2018-05-04T14:42:22","guid":{"rendered":"http:\/\/certamenaltea.com\/inscripcion\/"},"modified":"2023-03-09T22:57:46","modified_gmt":"2023-03-09T22:57:46","slug":"inscripcion","status":"publish","type":"page","link":"https:\/\/www.certamenaltea.com\/va\/inscripcion\/","title":{"rendered":"Inscripci\u00f3"},"content":{"rendered":"<table border=\"1\" summary=\"\" width=\"400\" cellspacing=\"1\" cellpadding=\"1\" align=\"\">\n<tbody>\n<tr>\n<td colspan=\"2\" align=\"center\"><strong>INSCRIPCI\u00d3 ON-LINE<\/strong><\/td>\n<\/tr>\n<tr>\n<td colspan=\"2\" align=\"center\"><a href=\"http:\/\/form.jotformeu.com\/80915950400351\" target=\"_blank\" rel=\"noopener noreferrer\"><img loading=\"lazy\" decoding=\"async\" src=\"http:\/\/www.alteacultural.es\/fckupload\/ico_altas.png\" alt=\"\" width=\"30\" height=\"30\" align=\"middle\" \/><\/a>\u00a0<a href=\"https:\/\/form.jotform.com\/230677148283361\" target=\"_blank\" rel=\"noopener noreferrer\">ACCEDIR AL\u00a0<strong>FORMULARI<\/strong><\/a><\/td>\n<\/tr>\n<tr>\n<td style=\"text-align: center;\" colspan=\"2\"><strong>Disponible: 05\/05\/2023 al 31\/05\/2023<\/strong>. Despr\u00e9s de realitzar la inscripci\u00f3, rebr\u00e0 per correu electr\u00f2nic la seua sol\u2022licitud, en arxiu adjunt PDF, el qual s\u2019<strong>haur\u00e0 de signar pel representant legal i enviar<\/strong> al correu electr\u00f2nic: gestion[arroba]certamenaltea.com.<\/td>\n<\/tr>\n<\/tbody>\n<\/table>\n","protected":false},"excerpt":{"rendered":"<p>INSCRIPCI\u00d3 ON-LINE \u00a0ACCEDIR AL\u00a0FORMULARI Disponible: 05\/05\/2023 al 31\/05\/2023. Despr\u00e9s de realitzar la inscripci\u00f3, rebr\u00e0 per correu electr\u00f2nic la seua sol\u2022licitud, en arxiu adjunt PDF, el qual s\u2019haur\u00e0 de signar pel representant legal i enviar al correu electr\u00f2nic: gestion[arroba]certamenaltea.com.<\/p>\n","protected":false},"author":1,"featured_media":0,"parent":0,"menu_order":0,"comment_status":"closed","ping_status":"closed","template":"","meta":{"footnotes":""},"yoast_head":"<!-- This site is optimized with the Yoast SEO plugin v15.5 - https:\/\/yoast.com\/wordpress\/plugins\/seo\/ -->\n<title>Inscripci\u00f3 - Certamen Internacional de M\u00fasica Villa de Altea<\/title>\n<meta name=\"robots\" content=\"index, follow, max-snippet:-1, max-image-preview:large, max-video-preview:-1\" \/>\n<link rel=\"canonical\" href=\"https:\/\/www.certamenaltea.com\/va\/inscripcion\/\" \/>\n<meta property=\"og:locale\" content=\"en_US\" \/>\n<meta property=\"og:type\" content=\"article\" \/>\n<meta property=\"og:title\" content=\"Inscripci\u00f3 - Certamen Internacional de M\u00fasica Villa de Altea\" \/>\n<meta property=\"og:description\" content=\"INSCRIPCI\u00d3 ON-LINE \u00a0ACCEDIR AL\u00a0FORMULARI Disponible: 05\/05\/2023 al 31\/05\/2023. Despr\u00e9s de realitzar la inscripci\u00f3, rebr\u00e0 per correu electr\u00f2nic la seua sol\u2022licitud, en arxiu adjunt PDF, el qual s\u2019haur\u00e0 de signar pel representant legal i enviar al correu electr\u00f2nic: gestion[arroba]certamenaltea.com.\" \/>\n<meta property=\"og:url\" content=\"https:\/\/www.certamenaltea.com\/va\/inscripcion\/\" \/>\n<meta property=\"og:site_name\" content=\"Certamen Internacional de M\u00fasica Villa de Altea\" \/>\n<meta property=\"article:modified_time\" content=\"2023-03-09T22:57:46+00:00\" \/>\n<meta property=\"og:image\" content=\"http:\/\/www.alteacultural.es\/fckupload\/ico_altas.png\" \/>\n<meta name=\"twitter:card\" content=\"summary_large_image\" \/>\n<meta name=\"twitter:label1\" content=\"Est. reading time\">\n\t<meta name=\"twitter:data1\" content=\"0 minutes\">\n<script type=\"application\/ld+json\" class=\"yoast-schema-graph\">{\"@context\":\"https:\/\/schema.org\",\"@graph\":[{\"@type\":\"Organization\",\"@id\":\"https:\/\/www.certamenaltea.com\/#organization\",\"name\":\"Sociedad Filarm\\u00f3nica Alteanense\",\"url\":\"https:\/\/www.certamenaltea.com\/\",\"sameAs\":[],\"logo\":{\"@type\":\"ImageObject\",\"@id\":\"https:\/\/www.certamenaltea.com\/#logo\",\"inLanguage\":\"va\",\"url\":\"https:\/\/www.certamenaltea.com\/wp-content\/uploads\/2020\/08\/LOGO-SFA-res-web.jpg\",\"width\":600,\"height\":350,\"caption\":\"Sociedad Filarm\\u00f3nica Alteanense\"},\"image\":{\"@id\":\"https:\/\/www.certamenaltea.com\/#logo\"}},{\"@type\":\"WebSite\",\"@id\":\"https:\/\/www.certamenaltea.com\/#website\",\"url\":\"https:\/\/www.certamenaltea.com\/\",\"name\":\"Certamen Internacional de M\\u00fasica Villa de Altea\",\"description\":\"\",\"publisher\":{\"@id\":\"https:\/\/www.certamenaltea.com\/#organization\"},\"potentialAction\":[{\"@type\":\"SearchAction\",\"target\":\"https:\/\/www.certamenaltea.com\/?s={search_term_string}\",\"query-input\":\"required name=search_term_string\"}],\"inLanguage\":\"va\"},{\"@type\":\"ImageObject\",\"@id\":\"https:\/\/www.certamenaltea.com\/va\/inscripcion\/#primaryimage\",\"inLanguage\":\"va\",\"url\":\"http:\/\/www.alteacultural.es\/fckupload\/ico_altas.png\"},{\"@type\":\"WebPage\",\"@id\":\"https:\/\/www.certamenaltea.com\/va\/inscripcion\/#webpage\",\"url\":\"https:\/\/www.certamenaltea.com\/va\/inscripcion\/\",\"name\":\"Inscripci\\u00f3 - Certamen Internacional de M\\u00fasica Villa de Altea\",\"isPartOf\":{\"@id\":\"https:\/\/www.certamenaltea.com\/#website\"},\"primaryImageOfPage\":{\"@id\":\"https:\/\/www.certamenaltea.com\/va\/inscripcion\/#primaryimage\"},\"datePublished\":\"2018-05-04T14:42:22+00:00\",\"dateModified\":\"2023-03-09T22:57:46+00:00\",\"inLanguage\":\"va\",\"potentialAction\":[{\"@type\":\"ReadAction\",\"target\":[\"https:\/\/www.certamenaltea.com\/va\/inscripcion\/\"]}]}]}<\/script>\n<!-- \/ Yoast SEO plugin. -->","_links":{"self":[{"href":"https:\/\/www.certamenaltea.com\/va\/wp-json\/wp\/v2\/pages\/995"}],"collection":[{"href":"https:\/\/www.certamenaltea.com\/va\/wp-json\/wp\/v2\/pages"}],"about":[{"href":"https:\/\/www.certamenaltea.com\/va\/wp-json\/wp\/v2\/types\/page"}],"author":[{"embeddable":true,"href":"https:\/\/www.certamenaltea.com\/va\/wp-json\/wp\/v2\/users\/1"}],"replies":[{"embeddable":true,"href":"https:\/\/www.certamenaltea.com\/va\/wp-json\/wp\/v2\/comments?post=995"}],"version-history":[{"count":6,"href":"https:\/\/www.certamenaltea.com\/va\/wp-json\/wp\/v2\/pages\/995\/revisions"}],"predecessor-version":[{"id":3275,"href":"https:\/\/www.certamenaltea.com\/va\/wp-json\/wp\/v2\/pages\/995\/revisions\/3275"}],"wp:attachment":[{"href":"https:\/\/www.certamenaltea.com\/va\/wp-json\/wp\/v2\/media?parent=995"}],"curies":[{"name":"wp","href":"https:\/\/api.w.org\/{rel}","templated":true}]}}